{"id":1149,"date":"2020-11-02T03:07:35","date_gmt":"2020-11-02T00:07:35","guid":{"rendered":"https:\/\/technoland.md\/?post_type=product&#038;p=1149"},"modified":"2026-01-18T21:48:32","modified_gmt":"2026-01-18T18:48:32","slug":"boxe-2-1-sven-ms-107-black-10w","status":"publish","type":"product","link":"https:\/\/technoland.md\/ru\/produs\/boxe-2-1-sven-ms-107-black-10w\/","title":{"rendered":"Sistem audio F&#038;D T-70X, Negru"},"content":{"rendered":"<div class=\"mb-5 sm:mb-7 p-[13px] rounded-2xl shadow-custom border border-gray-200 bg-white\">\n<ul class=\"w-full flex flex-col\">\n<li class=\"odd:bg-gray-100 even:bg-white flex justify-between items-center p-2 md:py-[1px] rounded-[10px]\"><span class=\"w-1\/2 py-0.5 md:py-2 text-gray-500 sm:px-1.5 sm:text-sm flex items-center relative\"><span class=\"flex-shrink-0 max-w-[90%] pl-1\">Tip boxe <\/span><\/span><span class=\"w-1\/2 px-1.5 sm:text-sm md:px-3 py-0.5 md:py-2 font-bold text-gray-800 flex items-center sm:justify-end sm:text-right\">Sistem audio<\/span><\/li>\n<li class=\"odd:bg-gray-100 even:bg-white flex justify-between items-center p-2 md:py-[1px] rounded-[10px]\"><span class=\"w-1\/2 py-0.5 md:py-2 text-gray-500 sm:px-1.5 sm:text-sm flex items-center relative\"><span class=\"flex-shrink-0 max-w-[90%] pl-1\">Design boxe <\/span><\/span><span class=\"w-1\/2 px-1.5 sm:text-sm md:px-3 py-0.5 md:py-2 font-bold text-gray-800 flex items-center sm:justify-end sm:text-right\">Pe pod<\/span><\/li>\n<li class=\"odd:bg-gray-100 even:bg-white flex justify-between items-center p-2 md:py-[1px] rounded-[10px]\"><span class=\"w-1\/2 py-0.5 md:py-2 text-gray-500 sm:px-1.5 sm:text-sm flex items-center relative\"><span class=\"flex-shrink-0 max-w-[90%] pl-1\">Materiale<\/span><\/span><span class=\"w-1\/2 px-1.5 sm:text-sm md:px-3 py-0.5 md:py-2 font-bold text-gray-800 flex items-center sm:justify-end sm:text-right\">Lemn<\/span><\/li>\n<li class=\"odd:bg-gray-100 even:bg-white flex justify-between items-center p-2 md:py-[1px] rounded-[10px]\"><span class=\"w-1\/2 py-0.5 md:py-2 text-gray-500 sm:px-1.5 sm:text-sm flex items-center relative\"><span class=\"flex-shrink-0 max-w-[90%] pl-1\">Putere RMS <\/span><\/span><span class=\"w-1\/2 px-1.5 sm:text-sm md:px-3 py-0.5 md:py-2 font-bold text-gray-800 flex items-center sm:justify-end sm:text-right\">160 W<\/span><\/li>\n<li class=\"odd:bg-gray-100 even:bg-white flex justify-between items-center p-2 md:py-[1px] rounded-[10px]\"><span class=\"w-1\/2 py-0.5 md:py-2 text-gray-500 sm:px-1.5 sm:text-sm flex items-center relative\"><span class=\"flex-shrink-0 max-w-[90%] pl-1\">Radio<\/span><\/span><span class=\"w-1\/2 px-1.5 sm:text-sm md:px-3 py-0.5 md:py-2 font-bold text-gray-800 flex items-center sm:justify-end sm:text-right\">Radio FM<\/span><\/li>\n<li class=\"odd:bg-gray-100 even:bg-white flex justify-between items-center p-2 md:py-[1px] rounded-[10px]\"><span class=\"w-1\/2 py-0.5 md:py-2 text-gray-500 sm:px-1.5 sm:text-sm flex items-center relative\"><span class=\"flex-shrink-0 max-w-[90%] pl-1\">Culoare <\/span><\/span><span class=\"w-1\/2 px-1.5 sm:text-sm md:px-3 py-0.5 md:py-2 font-bold text-gray-800 flex items-center sm:justify-end sm:text-right\">Negru<\/span><\/li>\n<li class=\"odd:bg-gray-100 even:bg-white flex justify-between items-center p-2 md:py-[1px] rounded-[10px]\"><span class=\"w-1\/2 py-0.5 md:py-2 text-gray-500 sm:px-1.5 sm:text-sm flex items-center relative\"><span class=\"flex-shrink-0 max-w-[90%] pl-1\">Nuan\u021b\u0103 culoare <\/span><\/span><span class=\"w-1\/2 px-1.5 sm:text-sm md:px-3 py-0.5 md:py-2 font-bold text-gray-800 flex items-center sm:justify-end sm:text-right\">Negru<\/span><\/li>\n<\/ul>\n<\/div>\n<div class=\"mb-5 sm:mb-7 p-[13px] rounded-2xl shadow-custom border border-gray-200 bg-white\">\n<div class=\"px-[14px] pt-2 pb-4 bg-white\">\n<h3 class=\"font-bold text-gray-900 text-lg flex sm:justify-center\">Connectivity<\/h3>\n<\/div>\n<ul class=\"w-full flex flex-col\">\n<li class=\"odd:bg-gray-100 even:bg-white flex justify-between items-center p-2 md:py-[1px] rounded-[10px]\"><span class=\"w-1\/2 py-0.5 md:py-2 text-gray-500 sm:px-1.5 sm:text-sm flex items-center relative\"><span class=\"flex-shrink-0 max-w-[90%] pl-1\">Conexiune f\u0103r\u0103 fir <\/span><\/span><span class=\"w-1\/2 px-1.5 sm:text-sm md:px-3 py-0.5 md:py-2 font-bold text-gray-800 flex items-center sm:justify-end sm:text-right\">Bluetooth<\/span><\/li>\n<li class=\"odd:bg-gray-100 even:bg-white flex justify-between items-center p-2 md:py-[1px] rounded-[10px]\"><span class=\"w-1\/2 py-0.5 md:py-2 text-gray-500 sm:px-1.5 sm:text-sm flex items-center relative\"><span class=\"flex-shrink-0 max-w-[90%] pl-1\">Raza semnal maxim\u0103 <\/span><\/span><span class=\"w-1\/2 px-1.5 sm:text-sm md:px-3 py-0.5 md:py-2 font-bold text-gray-800 flex items-center sm:justify-end sm:text-right\">15 m<\/span><\/li>\n<li class=\"odd:bg-gray-100 even:bg-white flex justify-between items-center p-2 md:py-[1px] rounded-[10px]\"><span class=\"w-1\/2 py-0.5 md:py-2 text-gray-500 sm:px-1.5 sm:text-sm flex items-center relative\"><span class=\"flex-shrink-0 max-w-[90%] pl-1\">Bluetooth <\/span><\/span><span class=\"w-1\/2 px-1.5 sm:text-sm md:px-3 py-0.5 md:py-2 font-bold text-gray-800 flex items-center sm:justify-end sm:text-right\">4.0<\/span><\/li>\n<li class=\"odd:bg-gray-100 even:bg-white flex justify-between items-center p-2 md:py-[1px] rounded-[10px]\"><span class=\"w-1\/2 py-0.5 md:py-2 text-gray-500 sm:px-1.5 sm:text-sm flex items-center relative\"><span class=\"flex-shrink-0 max-w-[90%] pl-1\">Conectori audio <\/span><\/span><span class=\"w-1\/2 px-1.5 sm:text-sm md:px-3 py-0.5 md:py-2 font-bold text-gray-800 flex items-center sm:justify-end sm:text-right\">3.5 mm mini-jack\/ 6.3 mm<\/span><\/li>\n<li class=\"odd:bg-gray-100 even:bg-white flex justify-between items-center p-2 md:py-[1px] rounded-[10px]\"><span class=\"w-1\/2 py-0.5 md:py-2 text-gray-500 sm:px-1.5 sm:text-sm flex items-center relative\"><span class=\"flex-shrink-0 max-w-[90%] pl-1\">USB<\/span><\/span><span class=\"w-1\/2 px-1.5 sm:text-sm md:px-3 py-0.5 md:py-2 font-bold text-gray-800 flex items-center sm:justify-end sm:text-right\">USB Type-A<\/span><\/li>\n<\/ul>\n<\/div>\n<div class=\"mb-5 sm:mb-7 p-[13px] rounded-2xl shadow-custom border border-gray-200 bg-white\">\n<div class=\"px-[14px] pt-2 pb-4 bg-white\">\n<h3 class=\"font-bold text-gray-900 text-lg flex sm:justify-center\">Audio System<\/h3>\n<\/div>\n<ul class=\"w-full flex flex-col\">\n<li class=\"odd:bg-gray-100 even:bg-white flex justify-between items-center p-2 md:py-[1px] rounded-[10px]\"><span class=\"w-1\/2 py-0.5 md:py-2 text-gray-500 sm:px-1.5 sm:text-sm flex items-center relative\"><span class=\"flex-shrink-0 max-w-[90%] pl-1\">Sistem Canale Audio <\/span><\/span><span class=\"w-1\/2 px-1.5 sm:text-sm md:px-3 py-0.5 md:py-2 font-bold text-gray-800 flex items-center sm:justify-end sm:text-right\">2.0 CH<\/span><\/li>\n<li class=\"odd:bg-gray-100 even:bg-white flex justify-between items-center p-2 md:py-[1px] rounded-[10px]\"><span class=\"w-1\/2 py-0.5 md:py-2 text-gray-500 sm:px-1.5 sm:text-sm flex items-center relative\"><span class=\"flex-shrink-0 max-w-[90%] pl-1\">Tip sistem acustic<\/span><\/span><span class=\"w-1\/2 px-1.5 sm:text-sm md:px-3 py-0.5 md:py-2 font-bold text-gray-800 flex items-center sm:justify-end sm:text-right\">Difuzoare cu 3 c\u0103i<\/span><\/li>\n<li class=\"odd:bg-gray-100 even:bg-white flex justify-between items-center p-2 md:py-[1px] rounded-[10px]\"><span class=\"w-1\/2 py-0.5 md:py-2 text-gray-500 sm:px-1.5 sm:text-sm flex items-center relative\"><span class=\"flex-shrink-0 max-w-[90%] pl-1\">Min. limita de frecven\u021b\u0103<\/span><\/span><span class=\"w-1\/2 px-1.5 sm:text-sm md:px-3 py-0.5 md:py-2 font-bold text-gray-800 flex items-center sm:justify-end sm:text-right\">20 Hz<\/span><\/li>\n<li class=\"odd:bg-gray-100 even:bg-white flex justify-between items-center p-2 md:py-[1px] rounded-[10px]\"><span class=\"w-1\/2 py-0.5 md:py-2 text-gray-500 sm:px-1.5 sm:text-sm flex items-center relative\"><span class=\"flex-shrink-0 max-w-[90%] pl-1\">Limita maxim\u0103 de frecven\u021b\u0103 <\/span><\/span><span class=\"w-1\/2 px-1.5 sm:text-sm md:px-3 py-0.5 md:py-2 font-bold text-gray-800 flex items-center sm:justify-end sm:text-right\">20000 Hz<\/span><\/li>\n<li class=\"odd:bg-gray-100 even:bg-white flex justify-between items-center p-2 md:py-[1px] rounded-[10px]\"><span class=\"w-1\/2 py-0.5 md:py-2 text-gray-500 sm:px-1.5 sm:text-sm flex items-center relative\"><span class=\"flex-shrink-0 max-w-[90%] pl-1\">Difuzor de frecven\u021b\u0103 \u00eenalt\u0103<\/span><\/span><span class=\"w-1\/2 px-1.5 sm:text-sm md:px-3 py-0.5 md:py-2 font-bold text-gray-800 flex items-center sm:justify-end sm:text-right\">1&#8243;<\/span><\/li>\n<li class=\"odd:bg-gray-100 even:bg-white flex justify-between items-center p-2 md:py-[1px] rounded-[10px]\"><span class=\"w-1\/2 py-0.5 md:py-2 text-gray-500 sm:px-1.5 sm:text-sm flex items-center relative\"><span class=\"flex-shrink-0 max-w-[90%] pl-1\">Drivere gam\u0103 medie <\/span><\/span><span class=\"w-1\/2 px-1.5 sm:text-sm md:px-3 py-0.5 md:py-2 font-bold text-gray-800 flex items-center sm:justify-end sm:text-right\">5.25&#8243;<\/span><\/li>\n<li class=\"odd:bg-gray-100 even:bg-white flex justify-between items-center p-2 md:py-[1px] rounded-[10px]\"><span class=\"w-1\/2 py-0.5 md:py-2 text-gray-500 sm:px-1.5 sm:text-sm flex items-center relative\"><span class=\"flex-shrink-0 max-w-[90%] pl-1\">Difuzor de frecven\u021b\u0103 joas\u0103 <\/span><\/span><span class=\"w-1\/2 px-1.5 sm:text-sm md:px-3 py-0.5 md:py-2 font-bold text-gray-800 flex items-center sm:justify-end sm:text-right\">8&#8243;<\/span><\/li>\n<\/ul>\n<\/div>\n<div class=\"mb-5 sm:mb-7 p-[13px] rounded-2xl shadow-custom border border-gray-200 bg-white\">\n<div class=\"px-[14px] pt-2 pb-4 bg-white\">\n<h3 class=\"font-bold text-gray-900 text-lg flex sm:justify-center\">Features<\/h3>\n<\/div>\n<ul class=\"w-full flex flex-col\">\n<li class=\"odd:bg-gray-100 even:bg-white flex justify-between items-center p-2 md:py-[1px] rounded-[10px]\"><span class=\"w-1\/2 py-0.5 md:py-2 text-gray-500 sm:px-1.5 sm:text-sm flex items-center relative\"><span class=\"flex-shrink-0 max-w-[90%] pl-1\">Telecomand\u0103 <\/span><\/span><span class=\"w-1\/2 px-1.5 sm:text-sm md:px-3 py-0.5 md:py-2 font-bold text-gray-800 flex items-center sm:justify-end sm:text-right\">Da<\/span><\/li>\n<li class=\"odd:bg-gray-100 even:bg-white flex justify-between items-center p-2 md:py-[1px] rounded-[10px]\"><span class=\"w-1\/2 py-0.5 md:py-2 text-gray-500 sm:px-1.5 sm:text-sm flex items-center relative\"><span class=\"flex-shrink-0 max-w-[90%] pl-1\">Tip de display<\/span><\/span><span class=\"w-1\/2 px-1.5 sm:text-sm md:px-3 py-0.5 md:py-2 font-bold text-gray-800 flex items-center sm:justify-end sm:text-right\">Afi\u0219aj LED<\/span><\/li>\n<\/ul>\n<\/div>\n<div class=\"mb-5 sm:mb-7 p-[13px] rounded-2xl shadow-custom border border-gray-200 bg-white\">\n<div class=\"px-[14px] pt-2 pb-4 bg-white\">\n<h3 class=\"font-bold text-gray-900 text-lg flex sm:justify-center\">Dimensions and Weight<\/h3>\n<\/div>\n<ul class=\"w-full flex flex-col\">\n<li class=\"odd:bg-gray-100 even:bg-white flex justify-between items-center p-2 md:py-[1px] rounded-[10px]\"><span class=\"w-1\/2 py-0.5 md:py-2 text-gray-500 sm:px-1.5 sm:text-sm flex items-center relative\"><span class=\"flex-shrink-0 max-w-[90%] pl-1\">Greutate <\/span><\/span><span class=\"w-1\/2 px-1.5 sm:text-sm md:px-3 py-0.5 md:py-2 font-bold text-gray-800 flex items-center sm:justify-end sm:text-right\">18.5 kg<\/span><\/li>\n<li class=\"odd:bg-gray-100 even:bg-white flex justify-between items-center p-2 md:py-[1px] rounded-[10px]\"><span class=\"w-1\/2 py-0.5 md:py-2 text-gray-500 sm:px-1.5 sm:text-sm flex items-center relative\"><span class=\"flex-shrink-0 max-w-[90%] pl-1\">Dimensiuni boxe (\u00ce x L x A)<\/span><\/span><span class=\"w-1\/2 px-1.5 sm:text-sm md:px-3 py-0.5 md:py-2 font-bold text-gray-800 flex items-center sm:justify-end sm:text-right\">93.8 x 18.2 x 32.5 cm<\/span><\/li>\n<\/ul>\n<\/div>\n<div class=\"sm:mb-7 p-[13px] rounded-2xl shadow-custom border border-gray-200 bg-white\">\n<div class=\"px-[14px] pt-2 pb-4 bg-white\">\n<h3 class=\"font-bold text-gray-900 text-lg flex sm:justify-center\">Power Supply<\/h3>\n<\/div>\n<ul class=\"w-full flex flex-col\">\n<li class=\"odd:bg-gray-100 even:bg-white flex justify-between items-center p-2 md:py-[1px] rounded-[10px]\"><span class=\"w-1\/2 py-0.5 md:py-2 text-gray-500 sm:px-1.5 sm:text-sm flex items-center relative\"><span class=\"flex-shrink-0 max-w-[90%] pl-1\">Surs\u0103 de alimentare <\/span><\/span><span class=\"w-1\/2 px-1.5 sm:text-sm md:px-3 py-0.5 md:py-2 font-bold text-gray-800 flex items-center sm:justify-end sm:text-right\">Re\u021bea<\/span><\/li>\n<\/ul>\n<\/div>\n<p>&nbsp;<\/p>","protected":false},"excerpt":{"rendered":"<p>&nbsp;<\/p>\n<ul class=\"text-gray text-sm leading-loose\">\n<li class=\"font-bold text-blue mb-3 text-base sm:text-center\">Rezumat<\/li>\n<li>Putere RMS:<span class=\"font-bold text-black\">\u00a0160 W<\/span><\/li>\n<li>Sistem Canale Audio:<span class=\"font-bold text-black\">\u00a02.0 CH<\/span><\/li>\n<li>Min. limita de frecven\u021b\u0103 :<span class=\"font-bold text-black\">\u00a020 Hz<\/span><\/li>\n<li>Limita maxim\u0103 de frecven\u021b\u0103 :<span class=\"font-bold text-black\">\u00a020000 Hz<\/span><\/li>\n<li>Bluetooth:<span class=\"font-bold text-black\">\u00a04.0<\/span><\/li>\n<li>Telecomand\u0103<\/li>\n<li>Metoda de conectare:<span class=\"font-bold text-black\">\u00a0HDMI (ARC), optic, AUX<\/span><\/li>\n<li>Func\u021bia karaoke<\/li>\n<li>Suport\u0103 formatele WMA\/MP3<\/li>\n<li>Raport semnal-zgomot:<span class=\"font-bold text-black\">\u00a070 dB<\/span><\/li>\n<li>Separarea canalelor:<span class=\"font-bold text-black\">\u00a040 dB<\/span><\/li>\n<li>Tensiune de alimentare:<span class=\"font-bold text-black\">\u00a0100-240V~50\/60Hz<\/span><\/li>\n<\/ul>","protected":false},"featured_media":1269,"comment_status":"open","ping_status":"closed","template":"","meta":[],"product_brand":[327],"product_cat":[20,50],"product_tag":[],"class_list":{"0":"post-1149","1":"product","2":"type-product","3":"status-publish","4":"has-post-thumbnail","6":"product_brand-fd","7":"product_cat-audio-technica","8":"product_cat-sisteme-acustice","10":"first","11":"instock","12":"sale","13":"shipping-taxable","14":"purchasable","15":"product-type-variable"},"_links":{"self":[{"href":"https:\/\/technoland.md\/ru\/wp-json\/wp\/v2\/product\/1149","targetHints":{"allow":["GET"]}}],"collection":[{"href":"https:\/\/technoland.md\/ru\/wp-json\/wp\/v2\/product"}],"about":[{"href":"https:\/\/technoland.md\/ru\/wp-json\/wp\/v2\/types\/product"}],"replies":[{"embeddable":true,"href":"https:\/\/technoland.md\/ru\/wp-json\/wp\/v2\/comments?post=1149"}],"version-history":[{"count":5,"href":"https:\/\/technoland.md\/ru\/wp-json\/wp\/v2\/product\/1149\/revisions"}],"predecessor-version":[{"id":1268,"href":"https:\/\/technoland.md\/ru\/wp-json\/wp\/v2\/product\/1149\/revisions\/1268"}],"wp:featuredmedia":[{"embeddable":true,"href":"https:\/\/technoland.md\/ru\/wp-json\/wp\/v2\/media\/1269"}],"wp:attachment":[{"href":"https:\/\/technoland.md\/ru\/wp-json\/wp\/v2\/media?parent=1149"}],"wp:term":[{"taxonomy":"product_brand","embeddable":true,"href":"https:\/\/technoland.md\/ru\/wp-json\/wp\/v2\/product_brand?post=1149"},{"taxonomy":"product_cat","embeddable":true,"href":"https:\/\/technoland.md\/ru\/wp-json\/wp\/v2\/product_cat?post=1149"},{"taxonomy":"product_tag","embeddable":true,"href":"https:\/\/technoland.md\/ru\/wp-json\/wp\/v2\/product_tag?post=1149"}],"curies":[{"name":"wp","href":"https:\/\/api.w.org\/{rel}","templated":true}]}}