{"id":1231,"date":"2026-01-18T16:50:11","date_gmt":"2026-01-18T13:50:11","guid":{"rendered":"https:\/\/technoland.md\/?post_type=product&#038;p=1231"},"modified":"2026-01-18T22:03:46","modified_gmt":"2026-01-18T19:03:46","slug":"frigider-samsung-rr39c7bc5s9-ef-otel-inoxidabil","status":"publish","type":"product","link":"https:\/\/technoland.md\/ru\/produs\/frigider-samsung-rr39c7bc5s9-ef-otel-inoxidabil\/","title":{"rendered":"Frigider Samsung RR39C7BC5S9\/EF, O\u021bel inoxidabil"},"content":{"rendered":"<div class=\"mb-5  sm:mb-7 p-[13px] rounded-2xl shadow-custom border border-gray-200 bg-white\">\n<div class=\"px-[14px] pt-2 pb-4 bg-white\">\n<h3 class=\"font-bold text-gray-900 text-lg flex sm:justify-center\">\u041e\u0441\u043d\u043e\u0432\u043d\u044b\u0435 \u0445\u0430\u0440\u0430\u043a\u0442\u0435\u0440\u0438\u0441\u0442\u0438\u043a\u0438<\/h3>\n<\/div>\n<ul class=\"w-full flex flex-col\">\n<li class=\"odd:bg-gray-100 even:bg-white flex justify-between items-center p-2 md:py-[1px] rounded-[10px]\"><span class=\"w-1\/2 py-0.5 md:py-2 text-gray-500 sm:px-1.5 sm:text-sm flex items-center relative\"><span class=\"flex-shrink-0 max-w-[90%] pl-1\">Tip frigider<\/span><\/span><span class=\"w-1\/2 px-1.5 sm:text-sm md:px-3 py-0.5 md:py-2 font-bold text-gray-800 flex items-center sm:justify-end sm:text-right\">Frigider<\/span><\/li>\n<li class=\"odd:bg-gray-100 even:bg-white flex justify-between items-center p-2 md:py-[1px] rounded-[10px]\"><span class=\"w-1\/2 py-0.5 md:py-2 text-gray-500 sm:px-1.5 sm:text-sm flex items-center relative\"><span class=\"flex-shrink-0 max-w-[90%] pl-1\">Culoare<\/span><\/span><span class=\"w-1\/2 px-1.5 sm:text-sm md:px-3 py-0.5 md:py-2 font-bold text-gray-800 flex items-center sm:justify-end sm:text-right\">O\u021bel inoxidabil<\/span><\/li>\n<li class=\"odd:bg-gray-100 even:bg-white flex justify-between items-center p-2 md:py-[1px] rounded-[10px]\"><span class=\"w-1\/2 py-0.5 md:py-2 text-gray-500 sm:px-1.5 sm:text-sm flex items-center relative\"><span class=\"flex-shrink-0 max-w-[90%] pl-1\">Constructia frigiderului<\/span><\/span><span class=\"w-1\/2 px-1.5 sm:text-sm md:px-3 py-0.5 md:py-2 font-bold text-gray-800 flex items-center sm:justify-end sm:text-right\">Cu o singur\u0103 u\u0219\u0103<\/span><\/li>\n<li class=\"odd:bg-gray-100 even:bg-white flex justify-between items-center p-2 md:py-[1px] rounded-[10px]\"><span class=\"w-1\/2 py-0.5 md:py-2 text-gray-500 sm:px-1.5 sm:text-sm flex items-center relative\"><span class=\"flex-shrink-0 max-w-[90%] pl-1\">Nuan\u021b\u0103 culoare<\/span><\/span><span class=\"w-1\/2 px-1.5 sm:text-sm md:px-3 py-0.5 md:py-2 font-bold text-gray-800 flex items-center sm:justify-end sm:text-right\">O\u021bel inoxidabil<\/span><\/li>\n<li class=\"odd:bg-gray-100 even:bg-white flex justify-between items-center p-2 md:py-[1px] rounded-[10px]\"><span class=\"w-1\/2 py-0.5 md:py-2 text-gray-500 sm:px-1.5 sm:text-sm flex items-center relative\"><span class=\"flex-shrink-0 max-w-[90%] pl-1\">Camere<\/span><\/span><span class=\"w-1\/2 px-1.5 sm:text-sm md:px-3 py-0.5 md:py-2 font-bold text-gray-800 flex items-center sm:justify-end sm:text-right\">Frigorific\u0103<\/span><\/li>\n<li class=\"odd:bg-gray-100 even:bg-white flex justify-between items-center p-2 md:py-[1px] rounded-[10px]\"><span class=\"w-1\/2 py-0.5 md:py-2 text-gray-500 sm:px-1.5 sm:text-sm flex items-center relative\"><span class=\"flex-shrink-0 max-w-[90%] pl-1\">Tip instalare<\/span><\/span><span class=\"w-1\/2 px-1.5 sm:text-sm md:px-3 py-0.5 md:py-2 font-bold text-gray-800 flex items-center sm:justify-end sm:text-right\">Independent\u0103<\/span><\/li>\n<li class=\"odd:bg-gray-100 even:bg-white flex justify-between items-center p-2 md:py-[1px] rounded-[10px]\"><span class=\"w-1\/2 py-0.5 md:py-2 text-gray-500 sm:px-1.5 sm:text-sm flex items-center relative\"><span class=\"flex-shrink-0 max-w-[90%] pl-1\">Sistem dezghe\u021bare frigider<\/span><\/span><span class=\"w-1\/2 px-1.5 sm:text-sm md:px-3 py-0.5 md:py-2 font-bold text-gray-800 flex items-center sm:justify-end sm:text-right\">No Frost<\/span><\/li>\n<li class=\"odd:bg-gray-100 even:bg-white flex justify-between items-center p-2 md:py-[1px] rounded-[10px]\"><span class=\"w-1\/2 py-0.5 md:py-2 text-gray-500 sm:px-1.5 sm:text-sm flex items-center relative\"><span class=\"flex-shrink-0 max-w-[90%] pl-1\">Clasa energetic\u0103<\/span><\/span><span class=\"w-1\/2 px-1.5 sm:text-sm md:px-3 py-0.5 md:py-2 font-bold text-gray-800 flex items-center sm:justify-end sm:text-right\">E<\/span><\/li>\n<\/ul>\n<\/div>\n<div class=\"mb-5  sm:mb-7 p-[13px] rounded-2xl shadow-custom border border-gray-200 bg-white\">\n<div class=\"px-[14px] pt-2 pb-4 bg-white\">\n<h3 class=\"font-bold text-gray-900 text-lg flex sm:justify-center\">\u0413\u0430\u0431\u0430\u0440\u0438\u0442\u044b \u0438 \u0412\u0435\u0441<\/h3>\n<\/div>\n<ul class=\"w-full flex flex-col\">\n<li class=\"odd:bg-gray-100 even:bg-white flex justify-between items-center p-2 md:py-[1px] rounded-[10px]\"><span class=\"w-1\/2 py-0.5 md:py-2 text-gray-500 sm:px-1.5 sm:text-sm flex items-center relative\"><span class=\"flex-shrink-0 max-w-[90%] pl-1\">Greutate<\/span><\/span><span class=\"w-1\/2 px-1.5 sm:text-sm md:px-3 py-0.5 md:py-2 font-bold text-gray-800 flex items-center sm:justify-end sm:text-right\">74 kg<\/span><\/li>\n<li class=\"odd:bg-gray-100 even:bg-white flex justify-between items-center p-2 md:py-[1px] rounded-[10px]\"><span class=\"w-1\/2 py-0.5 md:py-2 text-gray-500 sm:px-1.5 sm:text-sm flex items-center relative\"><span class=\"flex-shrink-0 max-w-[90%] pl-1\">L\u0103\u0163ime<\/span><\/span><span class=\"w-1\/2 px-1.5 sm:text-sm md:px-3 py-0.5 md:py-2 font-bold text-gray-800 flex items-center sm:justify-end sm:text-right\">59.5 cm<\/span><\/li>\n<li class=\"odd:bg-gray-100 even:bg-white flex justify-between items-center p-2 md:py-[1px] rounded-[10px]\"><span class=\"w-1\/2 py-0.5 md:py-2 text-gray-500 sm:px-1.5 sm:text-sm flex items-center relative\"><span class=\"flex-shrink-0 max-w-[90%] pl-1\">\u00cen\u0103l\u0163ime<\/span><\/span><span class=\"w-1\/2 px-1.5 sm:text-sm md:px-3 py-0.5 md:py-2 font-bold text-gray-800 flex items-center sm:justify-end sm:text-right\">186 cm<\/span><\/li>\n<li class=\"odd:bg-gray-100 even:bg-white flex justify-between items-center p-2 md:py-[1px] rounded-[10px]\"><span class=\"w-1\/2 py-0.5 md:py-2 text-gray-500 sm:px-1.5 sm:text-sm flex items-center relative\"><span class=\"flex-shrink-0 max-w-[90%] pl-1\">Ad\u00e2ncime<\/span><\/span><span class=\"w-1\/2 px-1.5 sm:text-sm md:px-3 py-0.5 md:py-2 font-bold text-gray-800 flex items-center sm:justify-end sm:text-right\">69.4 cm<\/span><\/li>\n<\/ul>\n<\/div>\n<div class=\"mb-5  sm:mb-7 p-[13px] rounded-2xl shadow-custom border border-gray-200 bg-white\">\n<div class=\"px-[14px] pt-2 pb-4 bg-white\">\n<h3 class=\"font-bold text-gray-900 text-lg flex sm:justify-center\">\u0423\u043f\u0440\u0430\u0432\u043b\u0435\u043d\u0438\u0435 \u0438 \u0418\u043d\u0434\u0438\u043a\u0430\u0446\u0438\u044f<\/h3>\n<\/div>\n<ul class=\"w-full flex flex-col\">\n<li class=\"odd:bg-gray-100 even:bg-white flex justify-between items-center p-2 md:py-[1px] rounded-[10px]\"><span class=\"w-1\/2 py-0.5 md:py-2 text-gray-500 sm:px-1.5 sm:text-sm flex items-center relative\"><span class=\"flex-shrink-0 max-w-[90%] pl-1\">Tip control <\/span><\/span><span class=\"w-1\/2 px-1.5 sm:text-sm md:px-3 py-0.5 md:py-2 font-bold text-gray-800 flex items-center sm:justify-end sm:text-right\">Electronic senzor<\/span><\/li>\n<li class=\"odd:bg-gray-100 even:bg-white flex justify-between items-center p-2 md:py-[1px] rounded-[10px]\"><span class=\"w-1\/2 py-0.5 md:py-2 text-gray-500 sm:px-1.5 sm:text-sm flex items-center relative\"><span class=\"flex-shrink-0 max-w-[90%] pl-1\">Indica\u0163ie <\/span><\/span><span class=\"w-1\/2 px-1.5 sm:text-sm md:px-3 py-0.5 md:py-2 font-bold text-gray-800 flex items-center sm:justify-end sm:text-right\">Afi\u0219aj LED<\/span><\/li>\n<li class=\"odd:bg-gray-100 even:bg-white flex justify-between items-center p-2 md:py-[1px] rounded-[10px]\"><span class=\"w-1\/2 py-0.5 md:py-2 text-gray-500 sm:px-1.5 sm:text-sm flex items-center relative\"><span class=\"flex-shrink-0 max-w-[90%] pl-1\">Amplasare panou de control <\/span><\/span><span class=\"w-1\/2 px-1.5 sm:text-sm md:px-3 py-0.5 md:py-2 font-bold text-gray-800 flex items-center sm:justify-end sm:text-right\">Afar\u0103<\/span><\/li>\n<li class=\"odd:bg-gray-100 even:bg-white flex justify-between items-center p-2 md:py-[1px] rounded-[10px]\"><span class=\"w-1\/2 py-0.5 md:py-2 text-gray-500 sm:px-1.5 sm:text-sm flex items-center relative\"><span class=\"flex-shrink-0 max-w-[90%] pl-1\">Control de pe smartphone <\/span><\/span><span class=\"w-1\/2 px-1.5 sm:text-sm md:px-3 py-0.5 md:py-2 font-bold text-gray-800 flex items-center sm:justify-end sm:text-right\">Da<\/span><\/li>\n<li class=\"odd:bg-gray-100 even:bg-white flex justify-between items-center p-2 md:py-[1px] rounded-[10px]\"><span class=\"w-1\/2 py-0.5 md:py-2 text-gray-500 sm:px-1.5 sm:text-sm flex items-center relative\"><span class=\"flex-shrink-0 max-w-[90%] pl-1\">Semnal sonor <\/span><\/span><span class=\"w-1\/2 px-1.5 sm:text-sm md:px-3 py-0.5 md:py-2 font-bold text-gray-800 flex items-center sm:justify-end sm:text-right\">Da<\/span><\/li>\n<li class=\"odd:bg-gray-100 even:bg-white flex justify-between items-center p-2 md:py-[1px] rounded-[10px]\"><span class=\"w-1\/2 py-0.5 md:py-2 text-gray-500 sm:px-1.5 sm:text-sm flex items-center relative\"><span class=\"flex-shrink-0 max-w-[90%] pl-1\">Ecosistem Smart Home<\/span><\/span><span class=\"w-1\/2 px-1.5 sm:text-sm md:px-3 py-0.5 md:py-2 font-bold text-gray-800 flex items-center sm:justify-end sm:text-right\">SmartThings<\/span><\/li>\n<\/ul>\n<\/div>\n<div class=\"mb-5  sm:mb-7 p-[13px] rounded-2xl shadow-custom border border-gray-200 bg-white\">\n<div class=\"px-[14px] pt-2 pb-4 bg-white\">\n<h3 class=\"font-bold text-gray-900 text-lg flex sm:justify-center\">\u041a\u043e\u043d\u0441\u0442\u0440\u0443\u043a\u0446\u0438\u044f<\/h3>\n<\/div>\n<ul class=\"w-full flex flex-col\">\n<li class=\"odd:bg-gray-100 even:bg-white flex justify-between items-center p-2 md:py-[1px] rounded-[10px]\"><span class=\"w-1\/2 py-0.5 md:py-2 text-gray-500 sm:px-1.5 sm:text-sm flex items-center relative\"><span class=\"flex-shrink-0 max-w-[90%] pl-1\">Num\u0103rul de camere <\/span><\/span><span class=\"w-1\/2 px-1.5 sm:text-sm md:px-3 py-0.5 md:py-2 font-bold text-gray-800 flex items-center sm:justify-end sm:text-right\">1<\/span><\/li>\n<li class=\"odd:bg-gray-100 even:bg-white flex justify-between items-center p-2 md:py-[1px] rounded-[10px]\"><span class=\"w-1\/2 py-0.5 md:py-2 text-gray-500 sm:px-1.5 sm:text-sm flex items-center relative\"><span class=\"flex-shrink-0 max-w-[90%] pl-1\">Iluminare <\/span><\/span><span class=\"w-1\/2 px-1.5 sm:text-sm md:px-3 py-0.5 md:py-2 font-bold text-gray-800 flex items-center sm:justify-end sm:text-right\">LED<\/span><\/li>\n<li class=\"odd:bg-gray-100 even:bg-white flex justify-between items-center p-2 md:py-[1px] rounded-[10px]\"><span class=\"w-1\/2 py-0.5 md:py-2 text-gray-500 sm:px-1.5 sm:text-sm flex items-center relative\"><span class=\"flex-shrink-0 max-w-[90%] pl-1\">Amplasare balamale <\/span><\/span><span class=\"w-1\/2 px-1.5 sm:text-sm md:px-3 py-0.5 md:py-2 font-bold text-gray-800 flex items-center sm:justify-end sm:text-right\">\u00cen dreapta<\/span><\/li>\n<li class=\"odd:bg-gray-100 even:bg-white flex justify-between items-center p-2 md:py-[1px] rounded-[10px]\"><span class=\"w-1\/2 py-0.5 md:py-2 text-gray-500 sm:px-1.5 sm:text-sm flex items-center relative\"><span class=\"flex-shrink-0 max-w-[90%] pl-1\">Volumul total util <\/span><\/span><span class=\"w-1\/2 px-1.5 sm:text-sm md:px-3 py-0.5 md:py-2 font-bold text-gray-800 flex items-center sm:justify-end sm:text-right\">387 l<\/span><\/li>\n<li class=\"odd:bg-gray-100 even:bg-white flex justify-between items-center p-2 md:py-[1px] rounded-[10px]\"><span class=\"w-1\/2 py-0.5 md:py-2 text-gray-500 sm:px-1.5 sm:text-sm flex items-center relative\"><span class=\"flex-shrink-0 max-w-[90%] pl-1\">M\u00e2nere <\/span><\/span><span class=\"w-1\/2 px-1.5 sm:text-sm md:px-3 py-0.5 md:py-2 font-bold text-gray-800 flex items-center sm:justify-end sm:text-right\">Externe<\/span><\/li>\n<\/ul>\n<\/div>\n<div class=\"mb-5  sm:mb-7 p-[13px] rounded-2xl shadow-custom border border-gray-200 bg-white\">\n<div class=\"px-[14px] pt-2 pb-4 bg-white\">\n<h3 class=\"font-bold text-gray-900 text-lg flex sm:justify-center\">\u041f\u0440\u043e\u0438\u0437\u0432\u043e\u0434\u0438\u0442\u0435\u043b\u044c\u043d\u043e\u0441\u0442\u044c \u0438 \u044d\u043d\u0435\u0440<\/h3>\n<\/div>\n<ul class=\"w-full flex flex-col\">\n<li class=\"odd:bg-gray-100 even:bg-white flex justify-between items-center p-2 md:py-[1px] rounded-[10px]\"><span class=\"w-1\/2 py-0.5 md:py-2 text-gray-500 sm:px-1.5 sm:text-sm flex items-center relative\"><span class=\"flex-shrink-0 max-w-[90%] pl-1\">Nivel de zgomot maxim <\/span><\/span><span class=\"w-1\/2 px-1.5 sm:text-sm md:px-3 py-0.5 md:py-2 font-bold text-gray-800 flex items-center sm:justify-end sm:text-right\">39 dB<\/span><\/li>\n<li class=\"odd:bg-gray-100 even:bg-white flex justify-between items-center p-2 md:py-[1px] rounded-[10px]\"><span class=\"w-1\/2 py-0.5 md:py-2 text-gray-500 sm:px-1.5 sm:text-sm flex items-center relative\"><span class=\"flex-shrink-0 max-w-[90%] pl-1\">Num\u0103rul de compresoare <\/span><\/span><span class=\"w-1\/2 px-1.5 sm:text-sm md:px-3 py-0.5 md:py-2 font-bold text-gray-800 flex items-center sm:justify-end sm:text-right\">1<\/span><\/li>\n<li class=\"odd:bg-gray-100 even:bg-white flex justify-between items-center p-2 md:py-[1px] rounded-[10px]\"><span class=\"w-1\/2 py-0.5 md:py-2 text-gray-500 sm:px-1.5 sm:text-sm flex items-center relative\"><span class=\"flex-shrink-0 max-w-[90%] pl-1\">Consum anual energie <\/span><\/span><span class=\"w-1\/2 px-1.5 sm:text-sm md:px-3 py-0.5 md:py-2 font-bold text-gray-800 flex items-center sm:justify-end sm:text-right\">120 kWh<\/span><\/li>\n<\/ul>\n<\/div>\n<div class=\"sm:mb-7 p-[13px] rounded-2xl shadow-custom border border-gray-200 bg-white\">\n<div class=\"px-[14px] pt-2 pb-4 bg-white\">\n<h3 class=\"font-bold text-gray-900 text-lg flex sm:justify-center\">\u0425\u043e\u043b\u043e\u0434\u0438\u043b\u044c\u043d\u0430\u044f \u043a\u0430\u043c\u0435\u0440\u0430<\/h3>\n<\/div>\n<ul class=\"w-full flex flex-col\">\n<li class=\"odd:bg-gray-100 even:bg-white flex justify-between items-center p-2 md:py-[1px] rounded-[10px]\"><span class=\"w-1\/2 py-0.5 md:py-2 text-gray-500 sm:px-1.5 sm:text-sm flex items-center relative\"><span class=\"flex-shrink-0 max-w-[90%] pl-1\">Zona de prospe\u021bime <\/span><\/span><span class=\"w-1\/2 px-1.5 sm:text-sm md:px-3 py-0.5 md:py-2 font-bold text-gray-800 flex items-center sm:justify-end sm:text-right\">Da<\/span><\/li>\n<li class=\"odd:bg-gray-100 even:bg-white flex justify-between items-center p-2 md:py-[1px] rounded-[10px]\"><span class=\"w-1\/2 py-0.5 md:py-2 text-gray-500 sm:px-1.5 sm:text-sm flex items-center relative\"><span class=\"flex-shrink-0 max-w-[90%] pl-1\">Num\u0103rul rafturi <\/span><\/span><span class=\"w-1\/2 px-1.5 sm:text-sm md:px-3 py-0.5 md:py-2 font-bold text-gray-800 flex items-center sm:justify-end sm:text-right\">5<\/span><\/li>\n<li class=\"odd:bg-gray-100 even:bg-white flex justify-between items-center p-2 md:py-[1px] rounded-[10px]\"><span class=\"w-1\/2 py-0.5 md:py-2 text-gray-500 sm:px-1.5 sm:text-sm flex items-center relative\"><span class=\"flex-shrink-0 max-w-[90%] pl-1\">Materialul rafturilor <\/span><\/span><span class=\"w-1\/2 px-1.5 sm:text-sm md:px-3 py-0.5 md:py-2 font-bold text-gray-800 flex items-center sm:justify-end sm:text-right\">Sticl\u0103 c\u0103lit\u0103<\/span><\/li>\n<li class=\"odd:bg-gray-100 even:bg-white flex justify-between items-center p-2 md:py-[1px] rounded-[10px]\"><span class=\"w-1\/2 py-0.5 md:py-2 text-gray-500 sm:px-1.5 sm:text-sm flex items-center relative\"><span class=\"flex-shrink-0 max-w-[90%] pl-1\">Num\u0103r rafturi pe u\u0219i <\/span><\/span><span class=\"w-1\/2 px-1.5 sm:text-sm md:px-3 py-0.5 md:py-2 font-bold text-gray-800 flex items-center sm:justify-end sm:text-right\">7<\/span><\/li>\n<li class=\"odd:bg-gray-100 even:bg-white flex justify-between items-center p-2 md:py-[1px] rounded-[10px]\"><span class=\"w-1\/2 py-0.5 md:py-2 text-gray-500 sm:px-1.5 sm:text-sm flex items-center relative\"><span class=\"flex-shrink-0 max-w-[90%] pl-1\">Raft pentru sticle <\/span><\/span><span class=\"w-1\/2 px-1.5 sm:text-sm md:px-3 py-0.5 md:py-2 font-bold text-gray-800 flex items-center sm:justify-end sm:text-right\">Da<\/span><\/li>\n<li class=\"odd:bg-gray-100 even:bg-white flex justify-between items-center p-2 md:py-[1px] rounded-[10px]\"><span class=\"w-1\/2 py-0.5 md:py-2 text-gray-500 sm:px-1.5 sm:text-sm flex items-center relative\"><span class=\"flex-shrink-0 max-w-[90%] pl-1\">Raft retractabil <\/span><\/span><span class=\"w-1\/2 px-1.5 sm:text-sm md:px-3 py-0.5 md:py-2 font-bold text-gray-800 flex items-center sm:justify-end sm:text-right\">Da<\/span><\/li>\n<li class=\"odd:bg-gray-100 even:bg-white flex justify-between items-center p-2 md:py-[1px] rounded-[10px]\"><span class=\"w-1\/2 py-0.5 md:py-2 text-gray-500 sm:px-1.5 sm:text-sm flex items-center relative\"><span class=\"flex-shrink-0 max-w-[90%] pl-1\">Raft pliant <\/span><\/span><span class=\"w-1\/2 px-1.5 sm:text-sm md:px-3 py-0.5 md:py-2 font-bold text-gray-800 flex items-center sm:justify-end sm:text-right\">Da<\/span><\/li>\n<\/ul>\n<\/div>","protected":false},"excerpt":{"rendered":"<ul class=\"text-gray text-sm leading-loose\">\n<li>Tip instalare:<span class=\"font-bold text-black\">\u00a0Independent\u0103<\/span><\/li>\n<li>Camere:<span class=\"font-bold text-black\">\u00a0Frigorific\u0103<\/span><\/li>\n<li>Sistem dezghe\u021bare frigider:<span class=\"font-bold text-black\">\u00a0No Frost<\/span><\/li>\n<li>Clasa energetic\u0103:<span class=\"font-bold text-black\">\u00a0E<\/span><\/li>\n<li>Volumul total util:<span class=\"font-bold text-black\">\u00a0387 L<\/span><\/li>\n<\/ul>","protected":false},"featured_media":1232,"comment_status":"closed","ping_status":"closed","template":"","meta":[],"product_brand":[298],"product_cat":[56,65],"product_tag":[],"class_list":{"0":"post-1231","1":"product","2":"type-product","3":"status-publish","4":"has-post-thumbnail","6":"product_brand-samsung","7":"product_cat-electrocasnice-mari","8":"product_cat-frigidere","10":"first","11":"instock","12":"shipping-taxable","13":"product-type-simple"},"_links":{"self":[{"href":"https:\/\/technoland.md\/ru\/wp-json\/wp\/v2\/product\/1231","targetHints":{"allow":["GET"]}}],"collection":[{"href":"https:\/\/technoland.md\/ru\/wp-json\/wp\/v2\/product"}],"about":[{"href":"https:\/\/technoland.md\/ru\/wp-json\/wp\/v2\/types\/product"}],"replies":[{"embeddable":true,"href":"https:\/\/technoland.md\/ru\/wp-json\/wp\/v2\/comments?post=1231"}],"version-history":[{"count":4,"href":"https:\/\/technoland.md\/ru\/wp-json\/wp\/v2\/product\/1231\/revisions"}],"predecessor-version":[{"id":1278,"href":"https:\/\/technoland.md\/ru\/wp-json\/wp\/v2\/product\/1231\/revisions\/1278"}],"wp:featuredmedia":[{"embeddable":true,"href":"https:\/\/technoland.md\/ru\/wp-json\/wp\/v2\/media\/1232"}],"wp:attachment":[{"href":"https:\/\/technoland.md\/ru\/wp-json\/wp\/v2\/media?parent=1231"}],"wp:term":[{"taxonomy":"product_brand","embeddable":true,"href":"https:\/\/technoland.md\/ru\/wp-json\/wp\/v2\/product_brand?post=1231"},{"taxonomy":"product_cat","embeddable":true,"href":"https:\/\/technoland.md\/ru\/wp-json\/wp\/v2\/product_cat?post=1231"},{"taxonomy":"product_tag","embeddable":true,"href":"https:\/\/technoland.md\/ru\/wp-json\/wp\/v2\/product_tag?post=1231"}],"curies":[{"name":"wp","href":"https:\/\/api.w.org\/{rel}","templated":true}]}}