{"id":1239,"date":"2026-01-18T21:11:11","date_gmt":"2026-01-18T18:11:11","guid":{"rendered":"https:\/\/technoland.md\/?post_type=product&#038;p=1239"},"modified":"2026-01-18T21:11:11","modified_gmt":"2026-01-18T18:11:11","slug":"masina-de-spalat-samsung-ww11dg6b25leu4-11kg-alb","status":"publish","type":"product","link":"https:\/\/technoland.md\/ru\/produs\/masina-de-spalat-samsung-ww11dg6b25leu4-11kg-alb\/","title":{"rendered":"Ma\u0219in\u0103 de sp\u0103lat Samsung WW11DG6B25LEU4, 11kg, Alb"},"content":{"rendered":"<div class=\"mb-5  sm:mb-7 p-[13px] rounded-2xl shadow-custom border border-gray-200 bg-white\">\n<ul class=\"w-full flex flex-col\">\n<li class=\"odd:bg-gray-100 even:bg-white flex justify-between items-center p-2 md:py-[1px] rounded-[10px]\"><span class=\"w-1\/2 py-0.5 md:py-2 text-gray-500 sm:px-1.5 sm:text-sm flex items-center relative\"><span class=\"flex-shrink-0 max-w-[90%] pl-1\">Tip ma\u0219ina<\/span><\/span><span class=\"w-1\/2 px-1.5 sm:text-sm md:px-3 py-0.5 md:py-2 font-bold text-gray-800 flex items-center sm:justify-end sm:text-right\">Ma\u0219in\u0103 de sp\u0103lat<\/span><\/li>\n<li class=\"odd:bg-gray-100 even:bg-white flex justify-between items-center p-2 md:py-[1px] rounded-[10px]\"><span class=\"w-1\/2 py-0.5 md:py-2 text-gray-500 sm:px-1.5 sm:text-sm flex items-center relative\"><span class=\"flex-shrink-0 max-w-[90%] pl-1\">Mod \u00eenc\u0103rcare rufe<\/span><\/span><span class=\"w-1\/2 px-1.5 sm:text-sm md:px-3 py-0.5 md:py-2 font-bold text-gray-800 flex items-center sm:justify-end sm:text-right\">Frontal\u0103<\/span><\/li>\n<li class=\"odd:bg-gray-100 even:bg-white flex justify-between items-center p-2 md:py-[1px] rounded-[10px]\"><span class=\"w-1\/2 py-0.5 md:py-2 text-gray-500 sm:px-1.5 sm:text-sm flex items-center relative\"><span class=\"flex-shrink-0 max-w-[90%] pl-1\">\u00cencarcare maxim\u0103<\/span><\/span><span class=\"w-1\/2 px-1.5 sm:text-sm md:px-3 py-0.5 md:py-2 font-bold text-gray-800 flex items-center sm:justify-end sm:text-right\">11 kg<\/span><\/li>\n<li class=\"odd:bg-gray-100 even:bg-white flex justify-between items-center p-2 md:py-[1px] rounded-[10px]\"><span class=\"w-1\/2 py-0.5 md:py-2 text-gray-500 sm:px-1.5 sm:text-sm flex items-center relative\"><span class=\"flex-shrink-0 max-w-[90%] pl-1\">Tehnologie Inverter<\/span><\/span><span class=\"w-1\/2 px-1.5 sm:text-sm md:px-3 py-0.5 md:py-2 font-bold text-gray-800 flex items-center sm:justify-end sm:text-right\">Digital Inverter Technology<\/span><\/li>\n<li class=\"odd:bg-gray-100 even:bg-white flex justify-between items-center p-2 md:py-[1px] rounded-[10px]\"><span class=\"w-1\/2 py-0.5 md:py-2 text-gray-500 sm:px-1.5 sm:text-sm flex items-center relative\"><span class=\"flex-shrink-0 max-w-[90%] pl-1\">Tip instalare<\/span><\/span><span class=\"w-1\/2 px-1.5 sm:text-sm md:px-3 py-0.5 md:py-2 font-bold text-gray-800 flex items-center sm:justify-end sm:text-right\">Independent\u0103<\/span><\/li>\n<li class=\"odd:bg-gray-100 even:bg-white flex justify-between items-center p-2 md:py-[1px] rounded-[10px]\"><span class=\"w-1\/2 py-0.5 md:py-2 text-gray-500 sm:px-1.5 sm:text-sm flex items-center relative\"><span class=\"flex-shrink-0 max-w-[90%] pl-1\">Clasa energetic\u0103<\/span><\/span>\n<div class=\"relative pr-2\"><\/div>\n<p><span class=\"w-1\/2 px-1.5 sm:text-sm md:px-3 py-0.5 md:py-2 font-bold text-gray-800 flex items-center sm:justify-end sm:text-right\">A<\/span><\/li>\n<li class=\"odd:bg-gray-100 even:bg-white flex justify-between items-center p-2 md:py-[1px] rounded-[10px]\"><span class=\"w-1\/2 py-0.5 md:py-2 text-gray-500 sm:px-1.5 sm:text-sm flex items-center relative\"><span class=\"flex-shrink-0 max-w-[90%] pl-1\">Clasa de eficien\u021b\u0103 energetic\u0103<\/span><\/span>\n<div class=\"relative pr-2\"><\/div>\n<p><span class=\"w-1\/2 px-1.5 sm:text-sm md:px-3 py-0.5 md:py-2 font-bold text-gray-800 flex items-center sm:justify-end sm:text-right\">A<\/span><\/li>\n<li class=\"odd:bg-gray-100 even:bg-white flex justify-between items-center p-2 md:py-[1px] rounded-[10px]\"><span class=\"w-1\/2 py-0.5 md:py-2 text-gray-500 sm:px-1.5 sm:text-sm flex items-center relative\"><span class=\"flex-shrink-0 max-w-[90%] pl-1\">Consumul de ap\u0103 per ciclu<\/span><\/span><span class=\"w-1\/2 px-1.5 sm:text-sm md:px-3 py-0.5 md:py-2 font-bold text-gray-800 flex items-center sm:justify-end sm:text-right\">54 l<\/span><\/li>\n<li class=\"odd:bg-gray-100 even:bg-white flex justify-between items-center p-2 md:py-[1px] rounded-[10px]\"><span class=\"w-1\/2 py-0.5 md:py-2 text-gray-500 sm:px-1.5 sm:text-sm flex items-center relative\"><span class=\"flex-shrink-0 max-w-[90%] pl-1\">Culoare u\u0219\u0103<\/span><\/span><span class=\"w-1\/2 px-1.5 sm:text-sm md:px-3 py-0.5 md:py-2 font-bold text-gray-800 flex items-center sm:justify-end sm:text-right\">Negru<\/span><\/li>\n<li class=\"odd:bg-gray-100 even:bg-white flex justify-between items-center p-2 md:py-[1px] rounded-[10px]\"><span class=\"w-1\/2 py-0.5 md:py-2 text-gray-500 sm:px-1.5 sm:text-sm flex items-center relative\"><span class=\"flex-shrink-0 max-w-[90%] pl-1\">Culoare<\/span><\/span><span class=\"w-1\/2 px-1.5 sm:text-sm md:px-3 py-0.5 md:py-2 font-bold text-gray-800 flex items-center sm:justify-end sm:text-right\">Alb<\/span><\/li>\n<\/ul>\n<\/div>\n<div class=\"mb-5  sm:mb-7 p-[13px] rounded-2xl shadow-custom border border-gray-200 bg-white\">\n<div class=\"px-[14px] pt-2 pb-4 bg-white\">\n<h3 class=\"font-bold text-gray-900 text-lg flex sm:justify-center\">\u0423\u043f\u0440\u0430\u0432\u043b\u0435\u043d\u0438\u0435 \u0438 \u0418\u043d\u0434\u0438\u043a\u0430\u0446\u0438\u044f<\/h3>\n<\/div>\n<ul class=\"w-full flex flex-col\">\n<li class=\"odd:bg-gray-100 even:bg-white flex justify-between items-center p-2 md:py-[1px] rounded-[10px]\"><span class=\"w-1\/2 py-0.5 md:py-2 text-gray-500 sm:px-1.5 sm:text-sm flex items-center relative\"><span class=\"flex-shrink-0 max-w-[90%] pl-1\">Indica\u0163ie<\/span><\/span><span class=\"w-1\/2 px-1.5 sm:text-sm md:px-3 py-0.5 md:py-2 font-bold text-gray-800 flex items-center sm:justify-end sm:text-right\">Afi\u0219aj LED<\/span><\/li>\n<li class=\"odd:bg-gray-100 even:bg-white flex justify-between items-center p-2 md:py-[1px] rounded-[10px]\"><span class=\"w-1\/2 py-0.5 md:py-2 text-gray-500 sm:px-1.5 sm:text-sm flex items-center relative\"><span class=\"flex-shrink-0 max-w-[90%] pl-1\">Tip control<\/span><\/span><span class=\"w-1\/2 px-1.5 sm:text-sm md:px-3 py-0.5 md:py-2 font-bold text-gray-800 flex items-center sm:justify-end sm:text-right\">Senzor, Rotative<\/span><\/li>\n<li class=\"odd:bg-gray-100 even:bg-white flex justify-between items-center p-2 md:py-[1px] rounded-[10px]\"><span class=\"w-1\/2 py-0.5 md:py-2 text-gray-500 sm:px-1.5 sm:text-sm flex items-center relative\"><span class=\"flex-shrink-0 max-w-[90%] pl-1\">Semnal sonor<\/span><\/span><span class=\"w-1\/2 px-1.5 sm:text-sm md:px-3 py-0.5 md:py-2 font-bold text-gray-800 flex items-center sm:justify-end sm:text-right\">Da<\/span><\/li>\n<li class=\"odd:bg-gray-100 even:bg-white flex justify-between items-center p-2 md:py-[1px] rounded-[10px]\"><span class=\"w-1\/2 py-0.5 md:py-2 text-gray-500 sm:px-1.5 sm:text-sm flex items-center relative\"><span class=\"flex-shrink-0 max-w-[90%] pl-1\">Ecosistem Smart Home<\/span><\/span><span class=\"w-1\/2 px-1.5 sm:text-sm md:px-3 py-0.5 md:py-2 font-bold text-gray-800 flex items-center sm:justify-end sm:text-right\">Samsung SmartThings<\/span><\/li>\n<li class=\"odd:bg-gray-100 even:bg-white flex justify-between items-center p-2 md:py-[1px] rounded-[10px]\"><span class=\"w-1\/2 py-0.5 md:py-2 text-gray-500 sm:px-1.5 sm:text-sm flex items-center relative\"><span class=\"flex-shrink-0 max-w-[90%] pl-1\">Blocare pentru copii<\/span><\/span><span class=\"w-1\/2 px-1.5 sm:text-sm md:px-3 py-0.5 md:py-2 font-bold text-gray-800 flex items-center sm:justify-end sm:text-right\">Da<\/span><\/li>\n<\/ul>\n<\/div>\n<div class=\"mb-5  sm:mb-7 p-[13px] rounded-2xl shadow-custom border border-gray-200 bg-white\">\n<div class=\"px-[14px] pt-2 pb-4 bg-white\">\n<h3 class=\"font-bold text-gray-900 text-lg flex sm:justify-center\">\u041f\u0440\u043e\u0433\u0440\u0430\u043c\u043c\u044b<\/h3>\n<\/div>\n<ul class=\"w-full flex flex-col\">\n<li class=\"odd:bg-gray-100 even:bg-white flex justify-between items-center p-2 md:py-[1px] rounded-[10px]\"><span class=\"w-1\/2 py-0.5 md:py-2 text-gray-500 sm:px-1.5 sm:text-sm flex items-center relative\"><span class=\"flex-shrink-0 max-w-[90%] pl-1\">Numar de programe<\/span><\/span><span class=\"w-1\/2 px-1.5 sm:text-sm md:px-3 py-0.5 md:py-2 font-bold text-gray-800 flex items-center sm:justify-end sm:text-right\">23<\/span><\/li>\n<li class=\"odd:bg-gray-100 even:bg-white flex justify-between items-center p-2 md:py-[1px] rounded-[10px]\"><span class=\"w-1\/2 py-0.5 md:py-2 text-gray-500 sm:px-1.5 sm:text-sm flex items-center relative\"><span class=\"flex-shrink-0 max-w-[90%] pl-1\">Programe automate<\/span><\/span><span class=\"w-1\/2 px-1.5 sm:text-sm md:px-3 py-0.5 md:py-2 font-bold text-gray-800 flex items-center sm:justify-end sm:text-right\">Eco, rapid, delicat, articole pentru copii, colorate, camasi, denim, sintetice, bumbac, lana, prosoape, abur, lenjerie de pat<\/span><\/li>\n<li class=\"odd:bg-gray-100 even:bg-white flex justify-between items-center p-2 md:py-[1px] rounded-[10px]\"><span class=\"w-1\/2 py-0.5 md:py-2 text-gray-500 sm:px-1.5 sm:text-sm flex items-center relative\"><span class=\"flex-shrink-0 max-w-[90%] pl-1\">Spalare rapida<\/span><\/span><span class=\"w-1\/2 px-1.5 sm:text-sm md:px-3 py-0.5 md:py-2 font-bold text-gray-800 flex items-center sm:justify-end sm:text-right\">15 minute<\/span><\/li>\n<\/ul>\n<\/div>\n<div class=\"mb-5  sm:mb-7 p-[13px] rounded-2xl shadow-custom border border-gray-200 bg-white\">\n<div class=\"px-[14px] pt-2 pb-4 bg-white\">\n<h3 class=\"font-bold text-gray-900 text-lg flex sm:justify-center\">\u041e\u0441\u043e\u0431\u0435\u043d\u043d\u043e\u0441\u0442\u0438<\/h3>\n<\/div>\n<ul class=\"w-full flex flex-col\">\n<li class=\"odd:bg-gray-100 even:bg-white flex justify-between items-center p-2 md:py-[1px] rounded-[10px]\"><span class=\"w-1\/2 py-0.5 md:py-2 text-gray-500 sm:px-1.5 sm:text-sm flex items-center relative\"><span class=\"flex-shrink-0 max-w-[90%] pl-1\">Cur\u0103\u021bare cu abur<\/span><\/span><span class=\"w-1\/2 px-1.5 sm:text-sm md:px-3 py-0.5 md:py-2 font-bold text-gray-800 flex items-center sm:justify-end sm:text-right\">Da<\/span><\/li>\n<\/ul>\n<\/div>\n<div class=\"mb-5  sm:mb-7 p-[13px] rounded-2xl shadow-custom border border-gray-200 bg-white\">\n<div class=\"px-[14px] pt-2 pb-4 bg-white\">\n<h3 class=\"font-bold text-gray-900 text-lg flex sm:justify-center\">\u0413\u0430\u0431\u0430\u0440\u0438\u0442\u044b \u0438 \u0412\u0435\u0441<\/h3>\n<\/div>\n<ul class=\"w-full flex flex-col\">\n<li class=\"odd:bg-gray-100 even:bg-white flex justify-between items-center p-2 md:py-[1px] rounded-[10px]\"><span class=\"w-1\/2 py-0.5 md:py-2 text-gray-500 sm:px-1.5 sm:text-sm flex items-center relative\"><span class=\"flex-shrink-0 max-w-[90%] pl-1\">\u00cen\u0103l\u0163ime<\/span><\/span><span class=\"w-1\/2 px-1.5 sm:text-sm md:px-3 py-0.5 md:py-2 font-bold text-gray-800 flex items-center sm:justify-end sm:text-right\">85 cm<\/span><\/li>\n<li class=\"odd:bg-gray-100 even:bg-white flex justify-between items-center p-2 md:py-[1px] rounded-[10px]\"><span class=\"w-1\/2 py-0.5 md:py-2 text-gray-500 sm:px-1.5 sm:text-sm flex items-center relative\"><span class=\"flex-shrink-0 max-w-[90%] pl-1\">Ad\u00e2ncime<\/span><\/span><span class=\"w-1\/2 px-1.5 sm:text-sm md:px-3 py-0.5 md:py-2 font-bold text-gray-800 flex items-center sm:justify-end sm:text-right\">60 cm<\/span><\/li>\n<li class=\"odd:bg-gray-100 even:bg-white flex justify-between items-center p-2 md:py-[1px] rounded-[10px]\"><span class=\"w-1\/2 py-0.5 md:py-2 text-gray-500 sm:px-1.5 sm:text-sm flex items-center relative\"><span class=\"flex-shrink-0 max-w-[90%] pl-1\">L\u0103\u0163ime<\/span><\/span><span class=\"w-1\/2 px-1.5 sm:text-sm md:px-3 py-0.5 md:py-2 font-bold text-gray-800 flex items-center sm:justify-end sm:text-right\">60 cm<\/span><\/li>\n<li class=\"odd:bg-gray-100 even:bg-white flex justify-between items-center p-2 md:py-[1px] rounded-[10px]\"><span class=\"w-1\/2 py-0.5 md:py-2 text-gray-500 sm:px-1.5 sm:text-sm flex items-center relative\"><span class=\"flex-shrink-0 max-w-[90%] pl-1\">Greutate<\/span><\/span><span class=\"w-1\/2 px-1.5 sm:text-sm md:px-3 py-0.5 md:py-2 font-bold text-gray-800 flex items-center sm:justify-end sm:text-right\">72 kg<\/span><\/li>\n<\/ul>\n<\/div>\n<div class=\"sm:mb-7 p-[13px] rounded-2xl shadow-custom border border-gray-200 bg-white\">\n<div class=\"px-[14px] pt-2 pb-4 bg-white\">\n<h3 class=\"font-bold text-gray-900 text-lg flex sm:justify-center\">\u041e\u0442\u0436\u0438\u043c<\/h3>\n<\/div>\n<ul class=\"w-full flex flex-col\">\n<li class=\"odd:bg-gray-100 even:bg-white flex justify-between items-center p-2 md:py-[1px] rounded-[10px]\"><span class=\"w-1\/2 py-0.5 md:py-2 text-gray-500 sm:px-1.5 sm:text-sm flex items-center relative\"><span class=\"flex-shrink-0 max-w-[90%] pl-1\">Clasa de centrifugare<\/span><\/span><span class=\"w-1\/2 px-1.5 sm:text-sm md:px-3 py-0.5 md:py-2 font-bold text-gray-800 flex items-center sm:justify-end sm:text-right\">B<\/span><\/li>\n<li class=\"odd:bg-gray-100 even:bg-white flex justify-between items-center p-2 md:py-[1px] rounded-[10px]\"><span class=\"w-1\/2 py-0.5 md:py-2 text-gray-500 sm:px-1.5 sm:text-sm flex items-center relative\"><span class=\"flex-shrink-0 max-w-[90%] pl-1\">Tura\u0163ii maxime stoarcere<\/span><\/span><span class=\"w-1\/2 px-1.5 sm:text-sm md:px-3 py-0.5 md:py-2 font-bold text-gray-800 flex items-center sm:justify-end sm:text-right\">1400 rot\/min<\/span><\/li>\n<li class=\"odd:bg-gray-100 even:bg-white flex justify-between items-center p-2 md:py-[1px] rounded-[10px]\"><span class=\"w-1\/2 py-0.5 md:py-2 text-gray-500 sm:px-1.5 sm:text-sm flex items-center relative\"><span class=\"flex-shrink-0 max-w-[90%] pl-1\">Nivel de zgomot maxim<\/span><\/span><span class=\"w-1\/2 px-1.5 sm:text-sm md:px-3 py-0.5 md:py-2 font-bold text-gray-800 flex items-center sm:justify-end sm:text-right\">72 dB<\/span><\/li>\n<\/ul>\n<\/div>","protected":false},"excerpt":{"rendered":"<p>Tip ma\u0219inaMa\u0219in\u0103 de sp\u0103lat Mod \u00eenc\u0103rcare rufeFrontal\u0103 \u00cencarcare maxim\u010311 kg Tehnologie InverterDigital Inverter Technology Tip instalareIndependent\u0103 Clasa energetic\u0103 A Clasa<\/p>","protected":false},"featured_media":1240,"comment_status":"closed","ping_status":"closed","template":"","meta":[],"product_brand":[298],"product_cat":[66],"product_tag":[],"class_list":{"0":"post-1239","1":"product","2":"type-product","3":"status-publish","4":"has-post-thumbnail","6":"product_brand-samsung","7":"product_cat-masini-de-spalat-rufe","9":"first","10":"instock","11":"shipping-taxable","12":"product-type-simple"},"_links":{"self":[{"href":"https:\/\/technoland.md\/ru\/wp-json\/wp\/v2\/product\/1239","targetHints":{"allow":["GET"]}}],"collection":[{"href":"https:\/\/technoland.md\/ru\/wp-json\/wp\/v2\/product"}],"about":[{"href":"https:\/\/technoland.md\/ru\/wp-json\/wp\/v2\/types\/product"}],"replies":[{"embeddable":true,"href":"https:\/\/technoland.md\/ru\/wp-json\/wp\/v2\/comments?post=1239"}],"version-history":[{"count":1,"href":"https:\/\/technoland.md\/ru\/wp-json\/wp\/v2\/product\/1239\/revisions"}],"predecessor-version":[{"id":1244,"href":"https:\/\/technoland.md\/ru\/wp-json\/wp\/v2\/product\/1239\/revisions\/1244"}],"wp:featuredmedia":[{"embeddable":true,"href":"https:\/\/technoland.md\/ru\/wp-json\/wp\/v2\/media\/1240"}],"wp:attachment":[{"href":"https:\/\/technoland.md\/ru\/wp-json\/wp\/v2\/media?parent=1239"}],"wp:term":[{"taxonomy":"product_brand","embeddable":true,"href":"https:\/\/technoland.md\/ru\/wp-json\/wp\/v2\/product_brand?post=1239"},{"taxonomy":"product_cat","embeddable":true,"href":"https:\/\/technoland.md\/ru\/wp-json\/wp\/v2\/product_cat?post=1239"},{"taxonomy":"product_tag","embeddable":true,"href":"https:\/\/technoland.md\/ru\/wp-json\/wp\/v2\/product_tag?post=1239"}],"curies":[{"name":"wp","href":"https:\/\/api.w.org\/{rel}","templated":true}]}}