{"id":1261,"date":"2026-01-18T21:37:51","date_gmt":"2026-01-18T18:37:51","guid":{"rendered":"https:\/\/technoland.md\/?post_type=product&#038;p=1261"},"modified":"2026-01-18T21:37:52","modified_gmt":"2026-01-18T18:37:52","slug":"50-led-smart-tv-lg-50ua75006la-3840x2160-4k-uhd-webos-negru","status":"publish","type":"product","link":"https:\/\/technoland.md\/ru\/produs\/50-led-smart-tv-lg-50ua75006la-3840x2160-4k-uhd-webos-negru\/","title":{"rendered":"50&#8243; LED SMART TV LG 50UA75006LA, 3840&#215;2160 4K UHD, webOS, Negru"},"content":{"rendered":"<div class=\"mb-5  sm:mb-7 p-[13px] rounded-2xl shadow-custom border border-gray-200 bg-white\">\n<ul class=\"w-full flex flex-col\">\n<li class=\"odd:bg-gray-100 even:bg-white flex justify-between items-center p-2 md:py-[1px] rounded-[10px]\"><span class=\"w-1\/2 py-0.5 md:py-2 text-gray-500 sm:px-1.5 sm:text-sm flex items-center relative\"><span class=\"flex-shrink-0 max-w-[90%] pl-1\">Culoare<\/span><\/span><span class=\"w-1\/2 px-1.5 sm:text-sm md:px-3 py-0.5 md:py-2 font-bold text-gray-800 flex items-center sm:justify-end sm:text-right\">Negru<\/span><\/li>\n<\/ul>\n<\/div>\n<div class=\"mb-5  sm:mb-7 p-[13px] rounded-2xl shadow-custom border border-gray-200 bg-white\">\n<div class=\"px-[14px] pt-2 pb-4 bg-white\">\n<h3 class=\"font-bold text-gray-900 text-lg flex sm:justify-center\">Display<\/h3>\n<\/div>\n<ul class=\"w-full flex flex-col\">\n<li class=\"odd:bg-gray-100 even:bg-white flex justify-between items-center p-2 md:py-[1px] rounded-[10px]\"><span class=\"w-1\/2 py-0.5 md:py-2 text-gray-500 sm:px-1.5 sm:text-sm flex items-center relative\"><span class=\"flex-shrink-0 max-w-[90%] pl-1\">Tip<\/span><\/span><span class=\"w-1\/2 px-1.5 sm:text-sm md:px-3 py-0.5 md:py-2 font-bold text-gray-800 flex items-center sm:justify-end sm:text-right\">LED SMART TV<\/span><\/li>\n<li class=\"odd:bg-gray-100 even:bg-white flex justify-between items-center p-2 md:py-[1px] rounded-[10px]\"><span class=\"w-1\/2 py-0.5 md:py-2 text-gray-500 sm:px-1.5 sm:text-sm flex items-center relative\"><span class=\"flex-shrink-0 max-w-[90%] pl-1\">Diagonala ecranului <\/span><\/span><span class=\"w-1\/2 px-1.5 sm:text-sm md:px-3 py-0.5 md:py-2 font-bold text-gray-800 flex items-center sm:justify-end sm:text-right\">50 inch<\/span><\/li>\n<li class=\"odd:bg-gray-100 even:bg-white flex justify-between items-center p-2 md:py-[1px] rounded-[10px]\"><span class=\"w-1\/2 py-0.5 md:py-2 text-gray-500 sm:px-1.5 sm:text-sm flex items-center relative\"><span class=\"flex-shrink-0 max-w-[90%] pl-1\">Formate HDR<\/span><\/span><span class=\"w-1\/2 px-1.5 sm:text-sm md:px-3 py-0.5 md:py-2 font-bold text-gray-800 flex items-center sm:justify-end sm:text-right\">HDR 10<\/span><\/li>\n<li class=\"odd:bg-gray-100 even:bg-white flex justify-between items-center p-2 md:py-[1px] rounded-[10px]\"><span class=\"w-1\/2 py-0.5 md:py-2 text-gray-500 sm:px-1.5 sm:text-sm flex items-center relative\"><span class=\"flex-shrink-0 max-w-[90%] pl-1\">Curbura ecranului <\/span><\/span><span class=\"w-1\/2 px-1.5 sm:text-sm md:px-3 py-0.5 md:py-2 font-bold text-gray-800 flex items-center sm:justify-end sm:text-right\">Plat<\/span><\/li>\n<li class=\"odd:bg-gray-100 even:bg-white flex justify-between items-center p-2 md:py-[1px] rounded-[10px]\"><span class=\"w-1\/2 py-0.5 md:py-2 text-gray-500 sm:px-1.5 sm:text-sm flex items-center relative\"><span class=\"flex-shrink-0 max-w-[90%] pl-1\">Rezolu\u021bia Display-ului <\/span><\/span><span class=\"w-1\/2 px-1.5 sm:text-sm md:px-3 py-0.5 md:py-2 font-bold text-gray-800 flex items-center sm:justify-end sm:text-right\">3840&#215;2160 4K UHD<\/span><\/li>\n<li class=\"odd:bg-gray-100 even:bg-white flex justify-between items-center p-2 md:py-[1px] rounded-[10px]\"><span class=\"w-1\/2 py-0.5 md:py-2 text-gray-500 sm:px-1.5 sm:text-sm flex items-center relative\"><span class=\"flex-shrink-0 max-w-[90%] pl-1\">Rata maxim\u0103 de re\u00eemprosp\u0103tare <\/span><\/span><span class=\"w-1\/2 px-1.5 sm:text-sm md:px-3 py-0.5 md:py-2 font-bold text-gray-800 flex items-center sm:justify-end sm:text-right\">60Hz<\/span><\/li>\n<li class=\"odd:bg-gray-100 even:bg-white flex justify-between items-center p-2 md:py-[1px] rounded-[10px]\"><span class=\"w-1\/2 py-0.5 md:py-2 text-gray-500 sm:px-1.5 sm:text-sm flex items-center relative\"><span class=\"flex-shrink-0 max-w-[90%] pl-1\">Iluminarea de fundal <\/span><\/span><span class=\"w-1\/2 px-1.5 sm:text-sm md:px-3 py-0.5 md:py-2 font-bold text-gray-800 flex items-center sm:justify-end sm:text-right\">Direct LED<\/span><\/li>\n<\/ul>\n<\/div>\n<div class=\"mb-5  sm:mb-7 p-[13px] rounded-2xl shadow-custom border border-gray-200 bg-white\">\n<div class=\"px-[14px] pt-2 pb-4 bg-white\">\n<h3 class=\"font-bold text-gray-900 text-lg flex sm:justify-center\">Audio System<\/h3>\n<\/div>\n<ul class=\"w-full flex flex-col\">\n<li class=\"odd:bg-gray-100 even:bg-white flex justify-between items-center p-2 md:py-[1px] rounded-[10px]\"><span class=\"w-1\/2 py-0.5 md:py-2 text-gray-500 sm:px-1.5 sm:text-sm flex items-center relative\"><span class=\"flex-shrink-0 max-w-[90%] pl-1\">Sistem Canale Audio <\/span><\/span><span class=\"w-1\/2 px-1.5 sm:text-sm md:px-3 py-0.5 md:py-2 font-bold text-gray-800 flex items-center sm:justify-end sm:text-right\">2.0 CH<\/span><\/li>\n<li class=\"odd:bg-gray-100 even:bg-white flex justify-between items-center p-2 md:py-[1px] rounded-[10px]\"><span class=\"w-1\/2 py-0.5 md:py-2 text-gray-500 sm:px-1.5 sm:text-sm flex items-center relative\"><span class=\"flex-shrink-0 max-w-[90%] pl-1\">Boxe \u00eencorporate <\/span><\/span><span class=\"w-1\/2 px-1.5 sm:text-sm md:px-3 py-0.5 md:py-2 font-bold text-gray-800 flex items-center sm:justify-end sm:text-right\">2x10W<\/span><\/li>\n<\/ul>\n<\/div>\n<div class=\"mb-5  sm:mb-7 p-[13px] rounded-2xl shadow-custom border border-gray-200 bg-white\">\n<div class=\"px-[14px] pt-2 pb-4 bg-white\">\n<h3 class=\"font-bold text-gray-900 text-lg flex sm:justify-center\">Features<\/h3>\n<\/div>\n<ul class=\"w-full flex flex-col\">\n<li class=\"odd:bg-gray-100 even:bg-white flex justify-between items-center p-2 md:py-[1px] rounded-[10px]\"><span class=\"w-1\/2 py-0.5 md:py-2 text-gray-500 sm:px-1.5 sm:text-sm flex items-center relative\"><span class=\"flex-shrink-0 max-w-[90%] pl-1\">Telecomand\u0103 <\/span><\/span><span class=\"w-1\/2 px-1.5 sm:text-sm md:px-3 py-0.5 md:py-2 font-bold text-gray-800 flex items-center sm:justify-end sm:text-right\">Da<\/span><\/li>\n<li class=\"odd:bg-gray-100 even:bg-white flex justify-between items-center p-2 md:py-[1px] rounded-[10px]\"><span class=\"w-1\/2 py-0.5 md:py-2 text-gray-500 sm:px-1.5 sm:text-sm flex items-center relative\"><span class=\"flex-shrink-0 max-w-[90%] pl-1\">Platform\u0103 software<\/span><\/span><span class=\"w-1\/2 px-1.5 sm:text-sm md:px-3 py-0.5 md:py-2 font-bold text-gray-800 flex items-center sm:justify-end sm:text-right\">web OS<\/span><\/li>\n<li class=\"odd:bg-gray-100 even:bg-white flex justify-between items-center p-2 md:py-[1px] rounded-[10px]\"><span class=\"w-1\/2 py-0.5 md:py-2 text-gray-500 sm:px-1.5 sm:text-sm flex items-center relative\"><span class=\"flex-shrink-0 max-w-[90%] pl-1\">Tuner TV<\/span><\/span><span class=\"w-1\/2 px-1.5 sm:text-sm md:px-3 py-0.5 md:py-2 font-bold text-gray-800 flex items-center sm:justify-end sm:text-right\">DVB-T2\/T, DVB-S2\/S, DVB-C<\/span><\/li>\n<li class=\"odd:bg-gray-100 even:bg-white flex justify-between items-center p-2 md:py-[1px] rounded-[10px]\"><span class=\"w-1\/2 py-0.5 md:py-2 text-gray-500 sm:px-1.5 sm:text-sm flex items-center relative\"><span class=\"flex-shrink-0 max-w-[90%] pl-1\">HDMI CEC<\/span><\/span><span class=\"w-1\/2 px-1.5 sm:text-sm md:px-3 py-0.5 md:py-2 font-bold text-gray-800 flex items-center sm:justify-end sm:text-right\">D a<\/span><\/li>\n<\/ul>\n<\/div>\n<div class=\"mb-5  sm:mb-7 p-[13px] rounded-2xl shadow-custom border border-gray-200 bg-white\">\n<div class=\"px-[14px] pt-2 pb-4 bg-white\">\n<h3 class=\"font-bold text-gray-900 text-lg flex sm:justify-center\">Connectivity Terminal<\/h3>\n<\/div>\n<ul class=\"w-full flex flex-col\">\n<li class=\"odd:bg-gray-100 even:bg-white flex justify-between items-center p-2 md:py-[1px] rounded-[10px]\"><span class=\"w-1\/2 py-0.5 md:py-2 text-gray-500 sm:px-1.5 sm:text-sm flex items-center relative\"><span class=\"flex-shrink-0 max-w-[90%] pl-1\">HDMI ARC (Audio Return Channel) <\/span><\/span><span class=\"w-1\/2 px-1.5 sm:text-sm md:px-3 py-0.5 md:py-2 font-bold text-gray-800 flex items-center sm:justify-end sm:text-right\">Da<\/span><\/li>\n<li class=\"odd:bg-gray-100 even:bg-white flex justify-between items-center p-2 md:py-[1px] rounded-[10px]\"><span class=\"w-1\/2 py-0.5 md:py-2 text-gray-500 sm:px-1.5 sm:text-sm flex items-center relative\"><span class=\"flex-shrink-0 max-w-[90%] pl-1\">CI Slot <\/span><\/span><span class=\"w-1\/2 px-1.5 sm:text-sm md:px-3 py-0.5 md:py-2 font-bold text-gray-800 flex items-center sm:justify-end sm:text-right\">Da<\/span><\/li>\n<li class=\"odd:bg-gray-100 even:bg-white flex justify-between items-center p-2 md:py-[1px] rounded-[10px]\"><span class=\"w-1\/2 py-0.5 md:py-2 text-gray-500 sm:px-1.5 sm:text-sm flex items-center relative\"><span class=\"flex-shrink-0 max-w-[90%] pl-1\">Wi-Fi<\/span><\/span><span class=\"w-1\/2 px-1.5 sm:text-sm md:px-3 py-0.5 md:py-2 font-bold text-gray-800 flex items-center sm:justify-end sm:text-right\">Wi-Fi 802.11 ac<\/span><\/li>\n<li class=\"odd:bg-gray-100 even:bg-white flex justify-between items-center p-2 md:py-[1px] rounded-[10px]\"><span class=\"w-1\/2 py-0.5 md:py-2 text-gray-500 sm:px-1.5 sm:text-sm flex items-center relative\"><span class=\"flex-shrink-0 max-w-[90%] pl-1\">Re\u021bea Ethernet <\/span><\/span><span class=\"w-1\/2 px-1.5 sm:text-sm md:px-3 py-0.5 md:py-2 font-bold text-gray-800 flex items-center sm:justify-end sm:text-right\">Da<\/span><\/li>\n<li class=\"odd:bg-gray-100 even:bg-white flex justify-between items-center p-2 md:py-[1px] rounded-[10px]\"><span class=\"w-1\/2 py-0.5 md:py-2 text-gray-500 sm:px-1.5 sm:text-sm flex items-center relative\"><span class=\"flex-shrink-0 max-w-[90%] pl-1\">USB Type-A<\/span><\/span><span class=\"w-1\/2 px-1.5 sm:text-sm md:px-3 py-0.5 md:py-2 font-bold text-gray-800 flex items-center sm:justify-end sm:text-right\">1x USB 2.0<\/span><\/li>\n<li class=\"odd:bg-gray-100 even:bg-white flex justify-between items-center p-2 md:py-[1px] rounded-[10px]\"><span class=\"w-1\/2 py-0.5 md:py-2 text-gray-500 sm:px-1.5 sm:text-sm flex items-center relative\"><span class=\"flex-shrink-0 max-w-[90%] pl-1\">Intrare anten\u0103 <\/span><\/span><span class=\"w-1\/2 px-1.5 sm:text-sm md:px-3 py-0.5 md:py-2 font-bold text-gray-800 flex items-center sm:justify-end sm:text-right\">Da<\/span><\/li>\n<li class=\"odd:bg-gray-100 even:bg-white flex justify-between items-center p-2 md:py-[1px] rounded-[10px]\"><span class=\"w-1\/2 py-0.5 md:py-2 text-gray-500 sm:px-1.5 sm:text-sm flex items-center relative\"><span class=\"flex-shrink-0 max-w-[90%] pl-1\">Intr\u0103ri HDMI <\/span><\/span><span class=\"w-1\/2 px-1.5 sm:text-sm md:px-3 py-0.5 md:py-2 font-bold text-gray-800 flex items-center sm:justify-end sm:text-right\">3x<\/span><\/li>\n<li class=\"odd:bg-gray-100 even:bg-white flex justify-between items-center p-2 md:py-[1px] rounded-[10px]\"><span class=\"w-1\/2 py-0.5 md:py-2 text-gray-500 sm:px-1.5 sm:text-sm flex items-center relative\"><span class=\"flex-shrink-0 max-w-[90%] pl-1\">Bluetooth <\/span><\/span><span class=\"w-1\/2 px-1.5 sm:text-sm md:px-3 py-0.5 md:py-2 font-bold text-gray-800 flex items-center sm:justify-end sm:text-right\">5.0<\/span><\/li>\n<\/ul>\n<\/div>\n<div class=\"mb-5  sm:mb-7 p-[13px] rounded-2xl shadow-custom border border-gray-200 bg-white\">\n<div class=\"px-[14px] pt-2 pb-4 bg-white\">\n<h3 class=\"font-bold text-gray-900 text-lg flex sm:justify-center\">Design and Colours<\/h3>\n<\/div>\n<ul class=\"w-full flex flex-col\">\n<li class=\"odd:bg-gray-100 even:bg-white flex justify-between items-center p-2 md:py-[1px] rounded-[10px]\"><span class=\"w-1\/2 py-0.5 md:py-2 text-gray-500 sm:px-1.5 sm:text-sm flex items-center relative\"><span class=\"flex-shrink-0 max-w-[90%] pl-1\">Interfa\u021b\u0103 de montare VESA <\/span><\/span><span class=\"w-1\/2 px-1.5 sm:text-sm md:px-3 py-0.5 md:py-2 font-bold text-gray-800 flex items-center sm:justify-end sm:text-right\">200&#215;200<\/span><\/li>\n<li class=\"odd:bg-gray-100 even:bg-white flex justify-between items-center p-2 md:py-[1px] rounded-[10px]\"><span class=\"w-1\/2 py-0.5 md:py-2 text-gray-500 sm:px-1.5 sm:text-sm flex items-center relative\"><span class=\"flex-shrink-0 max-w-[90%] pl-1\">Materiale <\/span><\/span><span class=\"w-1\/2 px-1.5 sm:text-sm md:px-3 py-0.5 md:py-2 font-bold text-gray-800 flex items-center sm:justify-end sm:text-right\">Plastic<\/span><\/li>\n<li class=\"odd:bg-gray-100 even:bg-white flex justify-between items-center p-2 md:py-[1px] rounded-[10px]\"><span class=\"w-1\/2 py-0.5 md:py-2 text-gray-500 sm:px-1.5 sm:text-sm flex items-center relative\"><span class=\"flex-shrink-0 max-w-[90%] pl-1\">Clasa energetic\u0103 <\/span><\/span><span class=\"w-1\/2 px-1.5 sm:text-sm md:px-3 py-0.5 md:py-2 font-bold text-gray-800 flex items-center sm:justify-end sm:text-right\">F<\/span><\/li>\n<\/ul>\n<\/div>\n<div class=\"sm:mb-7 p-[13px] rounded-2xl shadow-custom border border-gray-200 bg-white\">\n<div class=\"px-[14px] pt-2 pb-4 bg-white\">\n<h3 class=\"font-bold text-gray-900 text-lg flex sm:justify-center\">Dimensions and Weight<\/h3>\n<\/div>\n<ul class=\"w-full flex flex-col\">\n<li class=\"odd:bg-gray-100 even:bg-white flex justify-between items-center p-2 md:py-[1px] rounded-[10px]\"><span class=\"w-1\/2 py-0.5 md:py-2 text-gray-500 sm:px-1.5 sm:text-sm flex items-center relative\"><span class=\"flex-shrink-0 max-w-[90%] pl-1\">L\u0103\u021bime <\/span><\/span><span class=\"w-1\/2 px-1.5 sm:text-sm md:px-3 py-0.5 md:py-2 font-bold text-gray-800 flex items-center sm:justify-end sm:text-right\">1122 mm<\/span><\/li>\n<li class=\"odd:bg-gray-100 even:bg-white flex justify-between items-center p-2 md:py-[1px] rounded-[10px]\"><span class=\"w-1\/2 py-0.5 md:py-2 text-gray-500 sm:px-1.5 sm:text-sm flex items-center relative\"><span class=\"flex-shrink-0 max-w-[90%] pl-1\">\u00cen\u0103l\u021bime <\/span><\/span><span class=\"w-1\/2 px-1.5 sm:text-sm md:px-3 py-0.5 md:py-2 font-bold text-gray-800 flex items-center sm:justify-end sm:text-right\">654 mm<\/span><\/li>\n<li class=\"odd:bg-gray-100 even:bg-white flex justify-between items-center p-2 md:py-[1px] rounded-[10px]\"><span class=\"w-1\/2 py-0.5 md:py-2 text-gray-500 sm:px-1.5 sm:text-sm flex items-center relative\"><span class=\"flex-shrink-0 max-w-[90%] pl-1\">Ad\u00e2ncime <\/span><\/span><span class=\"w-1\/2 px-1.5 sm:text-sm md:px-3 py-0.5 md:py-2 font-bold text-gray-800 flex items-center sm:justify-end sm:text-right\">67.9 mm<\/span><\/li>\n<li class=\"odd:bg-gray-100 even:bg-white flex justify-between items-center p-2 md:py-[1px] rounded-[10px]\"><span class=\"w-1\/2 py-0.5 md:py-2 text-gray-500 sm:px-1.5 sm:text-sm flex items-center relative\"><span class=\"flex-shrink-0 max-w-[90%] pl-1\">Greutate <\/span><\/span><span class=\"w-1\/2 px-1.5 sm:text-sm md:px-3 py-0.5 md:py-2 font-bold text-gray-800 flex items-center sm:justify-end sm:text-right\">9.4 kg<\/span><\/li>\n<\/ul>\n<\/div>","protected":false},"excerpt":{"rendered":"<ul class=\"text-gray text-sm leading-loose\">\n<li class=\"font-bold text-blue mb-3 text-base sm:text-center\">Rezumat<\/li>\n<li>Diagonala ecranului:<span class=\"font-bold text-black\">\u00a050 &#8222;<\/span><\/li>\n<li>Rezolu\u021bia Display-ului:<span class=\"font-bold text-black\">\u00a03840&#215;2160 4K UHD<\/span><\/li>\n<li>Iluminarea de fundal:<span class=\"font-bold text-black\">\u00a0Direct LED<\/span><\/li>\n<li>Telecomand\u0103<\/li>\n<li>Platform\u0103 software:<span class=\"font-bold text-black\">\u00a0webOS<\/span><\/li>\n<li>Wi-Fi:<span class=\"font-bold text-black\">\u00a0Wi-Fi 802.11 ac<\/span><\/li>\n<li>Boxe \u00eencorporate:<span class=\"font-bold text-black\">\u00a02x 10 W<\/span><\/li>\n<li>USB Type-A:<span class=\"font-bold text-black\">\u00a01x USB2.0<\/span><\/li>\n<\/ul>","protected":false},"featured_media":1265,"comment_status":"closed","ping_status":"closed","template":"","meta":[],"product_brand":[276],"product_cat":[28,104,105],"product_tag":[],"class_list":{"0":"post-1261","1":"product","2":"type-product","3":"status-publish","4":"has-post-thumbnail","6":"product_brand-lg","7":"product_cat-televizoare-si-accesorii","8":"product_cat-televizoare","9":"product_cat-accesorii-tv","11":"first","12":"instock","13":"shipping-taxable","14":"product-type-simple"},"_links":{"self":[{"href":"https:\/\/technoland.md\/ru\/wp-json\/wp\/v2\/product\/1261","targetHints":{"allow":["GET"]}}],"collection":[{"href":"https:\/\/technoland.md\/ru\/wp-json\/wp\/v2\/product"}],"about":[{"href":"https:\/\/technoland.md\/ru\/wp-json\/wp\/v2\/types\/product"}],"replies":[{"embeddable":true,"href":"https:\/\/technoland.md\/ru\/wp-json\/wp\/v2\/comments?post=1261"}],"version-history":[{"count":1,"href":"https:\/\/technoland.md\/ru\/wp-json\/wp\/v2\/product\/1261\/revisions"}],"predecessor-version":[{"id":1266,"href":"https:\/\/technoland.md\/ru\/wp-json\/wp\/v2\/product\/1261\/revisions\/1266"}],"wp:featuredmedia":[{"embeddable":true,"href":"https:\/\/technoland.md\/ru\/wp-json\/wp\/v2\/media\/1265"}],"wp:attachment":[{"href":"https:\/\/technoland.md\/ru\/wp-json\/wp\/v2\/media?parent=1261"}],"wp:term":[{"taxonomy":"product_brand","embeddable":true,"href":"https:\/\/technoland.md\/ru\/wp-json\/wp\/v2\/product_brand?post=1261"},{"taxonomy":"product_cat","embeddable":true,"href":"https:\/\/technoland.md\/ru\/wp-json\/wp\/v2\/product_cat?post=1261"},{"taxonomy":"product_tag","embeddable":true,"href":"https:\/\/technoland.md\/ru\/wp-json\/wp\/v2\/product_tag?post=1261"}],"curies":[{"name":"wp","href":"https:\/\/api.w.org\/{rel}","templated":true}]}}