{"id":1281,"date":"2026-01-18T22:13:32","date_gmt":"2026-01-18T19:13:32","guid":{"rendered":"https:\/\/technoland.md\/?post_type=product&#038;p=1281"},"modified":"2026-01-18T22:13:33","modified_gmt":"2026-01-18T19:13:33","slug":"aspirator-karcher-wd-3-galben","status":"publish","type":"product","link":"https:\/\/technoland.md\/ru\/produs\/aspirator-karcher-wd-3-galben\/","title":{"rendered":"Aspirator Karcher WD 3, Galben"},"content":{"rendered":"<div class=\"mb-5  sm:mb-7 p-[13px] rounded-2xl shadow-custom border border-gray-200 bg-white\">\n<div class=\"px-[14px] pt-2 pb-4 bg-white\">\n<h3 class=\"font-bold text-gray-900 text-lg flex sm:justify-center\">\u041e\u0441\u043d\u043e\u0432\u043d\u044b\u0435 \u0445\u0430\u0440\u0430\u043a\u0442\u0435\u0440\u0438\u0441\u0442\u0438\u043a\u0438<\/h3>\n<\/div>\n<ul class=\"w-full flex flex-col\">\n<li class=\"odd:bg-gray-100 even:bg-white flex justify-between items-center p-2 md:py-[1px] rounded-[10px]\"><span class=\"w-1\/2 py-0.5 md:py-2 text-gray-500 sm:px-1.5 sm:text-sm flex items-center relative\"><span class=\"flex-shrink-0 max-w-[90%] pl-1\">Tip Aspirator <\/span><\/span><\/li>\n<li class=\"odd:bg-gray-100 even:bg-white flex justify-between items-center p-2 md:py-[1px] rounded-[10px]\"><span class=\"w-1\/2 py-0.5 md:py-2 text-gray-500 sm:px-1.5 sm:text-sm flex items-center relative\"><span class=\"flex-shrink-0 max-w-[90%] pl-1\">Culoare <\/span><\/span><span class=\"w-1\/2 px-1.5 sm:text-sm md:px-3 py-0.5 md:py-2 font-bold text-gray-800 flex items-center sm:justify-end sm:text-right\">O\u021bel inoxidabil<\/span><\/li>\n<li class=\"odd:bg-gray-100 even:bg-white flex justify-between items-center p-2 md:py-[1px] rounded-[10px]\"><span class=\"w-1\/2 py-0.5 md:py-2 text-gray-500 sm:px-1.5 sm:text-sm flex items-center relative\"><span class=\"flex-shrink-0 max-w-[90%] pl-1\">Consum energie <\/span><\/span><span class=\"w-1\/2 px-1.5 sm:text-sm md:px-3 py-0.5 md:py-2 font-bold text-gray-800 flex items-center sm:justify-end sm:text-right\">1000W<\/span><\/li>\n<li class=\"odd:bg-gray-100 even:bg-white flex justify-between items-center p-2 md:py-[1px] rounded-[10px]\"><span class=\"w-1\/2 py-0.5 md:py-2 text-gray-500 sm:px-1.5 sm:text-sm flex items-center relative\"><span class=\"flex-shrink-0 max-w-[90%] pl-1\">Func\u021bii suplimentare ale aspiratorului , <\/span><\/span><span class=\"w-1\/2 px-1.5 sm:text-sm md:px-3 py-0.5 md:py-2 font-bold text-gray-800 flex items-center sm:justify-end sm:text-right\">Func\u021bia de colectare a lichidului<\/span><\/li>\n<li class=\"odd:bg-gray-100 even:bg-white flex justify-between items-center p-2 md:py-[1px] rounded-[10px]\"><span class=\"w-1\/2 py-0.5 md:py-2 text-gray-500 sm:px-1.5 sm:text-sm flex items-center relative\"><span class=\"flex-shrink-0 max-w-[90%] pl-1\">Nuan\u021b\u0103 culoare <\/span><\/span><span class=\"w-1\/2 px-1.5 sm:text-sm md:px-3 py-0.5 md:py-2 font-bold text-gray-800 flex items-center sm:justify-end sm:text-right\">Galben<\/span><\/li>\n<li class=\"odd:bg-gray-100 even:bg-white flex justify-between items-center p-2 md:py-[1px] rounded-[10px]\"><span class=\"w-1\/2 py-0.5 md:py-2 text-gray-500 sm:px-1.5 sm:text-sm flex items-center relative\"><span class=\"flex-shrink-0 max-w-[90%] pl-1\">Op\u021biuni de cur\u0103\u021bare <\/span><\/span><span class=\"w-1\/2 px-1.5 sm:text-sm md:px-3 py-0.5 md:py-2 font-bold text-gray-800 flex items-center sm:justify-end sm:text-right\">Uscat, Umed<\/span><\/li>\n<li class=\"odd:bg-gray-100 even:bg-white flex justify-between items-center p-2 md:py-[1px] rounded-[10px]\"><span class=\"w-1\/2 py-0.5 md:py-2 text-gray-500 sm:px-1.5 sm:text-sm flex items-center relative\"><span class=\"flex-shrink-0 max-w-[90%] pl-1\">Tip colector de praf <\/span><\/span><span class=\"w-1\/2 px-1.5 sm:text-sm md:px-3 py-0.5 md:py-2 font-bold text-gray-800 flex items-center sm:justify-end sm:text-right\">Sac<\/span><\/li>\n<li class=\"odd:bg-gray-100 even:bg-white flex justify-between items-center p-2 md:py-[1px] rounded-[10px]\"><span class=\"w-1\/2 py-0.5 md:py-2 text-gray-500 sm:px-1.5 sm:text-sm flex items-center relative\"><span class=\"flex-shrink-0 max-w-[90%] pl-1\">Volum container de praf <\/span><\/span><span class=\"w-1\/2 px-1.5 sm:text-sm md:px-3 py-0.5 md:py-2 font-bold text-gray-800 flex items-center sm:justify-end sm:text-right\">15 l<\/span><\/li>\n<li class=\"odd:bg-gray-100 even:bg-white flex justify-between items-center p-2 md:py-[1px] rounded-[10px]\"><span class=\"w-1\/2 py-0.5 md:py-2 text-gray-500 sm:px-1.5 sm:text-sm flex items-center relative\"><span class=\"flex-shrink-0 max-w-[90%] pl-1\">Puterea de aspirare <\/span><\/span><span class=\"w-1\/2 px-1.5 sm:text-sm md:px-3 py-0.5 md:py-2 font-bold text-gray-800 flex items-center sm:justify-end sm:text-right\">200 W<\/span><\/li>\n<\/ul>\n<\/div>\n<div class=\"mb-5  sm:mb-7 p-[13px] rounded-2xl shadow-custom border border-gray-200 bg-white\">\n<div class=\"px-[14px] pt-2 pb-4 bg-white\">\n<h3 class=\"font-bold text-gray-900 text-lg flex sm:justify-center\">\u0424\u0438\u043b\u044c\u0442\u0440\u0430\u0446\u0438\u044f<\/h3>\n<\/div>\n<ul class=\"w-full flex flex-col\">\n<li class=\"odd:bg-gray-100 even:bg-white flex justify-between items-center p-2 md:py-[1px] rounded-[10px]\"><span class=\"w-1\/2 py-0.5 md:py-2 text-gray-500 sm:px-1.5 sm:text-sm flex items-center relative\"><span class=\"flex-shrink-0 max-w-[90%] pl-1\">Filtru evacuare <\/span><\/span><span class=\"w-1\/2 px-1.5 sm:text-sm md:px-3 py-0.5 md:py-2 font-bold text-gray-800 flex items-center sm:justify-end sm:text-right\">Da<\/span><\/li>\n<\/ul>\n<\/div>\n<div class=\"mb-5  sm:mb-7 p-[13px] rounded-2xl shadow-custom border border-gray-200 bg-white\">\n<div class=\"px-[14px] pt-2 pb-4 bg-white\">\n<h3 class=\"font-bold text-gray-900 text-lg flex sm:justify-center\">\u041f\u0438\u0442\u0430\u043d\u0438\u0435 \u0438 \u0430\u043a\u043a\u0443\u043c\u0443\u043b\u044f\u0442\u043e\u0440<\/h3>\n<\/div>\n<ul class=\"w-full flex flex-col\">\n<li class=\"odd:bg-gray-100 even:bg-white flex justify-between items-center p-2 md:py-[1px] rounded-[10px]\"><span class=\"w-1\/2 py-0.5 md:py-2 text-gray-500 sm:px-1.5 sm:text-sm flex items-center relative\"><span class=\"flex-shrink-0 max-w-[90%] pl-1\">Surs\u0103 de alimentare <\/span><\/span><span class=\"w-1\/2 px-1.5 sm:text-sm md:px-3 py-0.5 md:py-2 font-bold text-gray-800 flex items-center sm:justify-end sm:text-right\">Re\u021bea electric\u0103<\/span><\/li>\n<\/ul>\n<\/div>\n<div class=\"mb-5  sm:mb-7 p-[13px] rounded-2xl shadow-custom border border-gray-200 bg-white\">\n<div class=\"px-[14px] pt-2 pb-4 bg-white\">\n<h3 class=\"font-bold text-gray-900 text-lg flex sm:justify-center\">\u0413\u0430\u0431\u0430\u0440\u0438\u0442\u044b \u0438 \u0412\u0435\u0441<\/h3>\n<\/div>\n<ul class=\"w-full flex flex-col\">\n<li class=\"odd:bg-gray-100 even:bg-white flex justify-between items-center p-2 md:py-[1px] rounded-[10px]\"><span class=\"w-1\/2 py-0.5 md:py-2 text-gray-500 sm:px-1.5 sm:text-sm flex items-center relative\"><span class=\"flex-shrink-0 max-w-[90%] pl-1\">Greutate <\/span><\/span><span class=\"w-1\/2 px-1.5 sm:text-sm md:px-3 py-0.5 md:py-2 font-bold text-gray-800 flex items-center sm:justify-end sm:text-right\">4.83 kg<\/span><\/li>\n<li class=\"odd:bg-gray-100 even:bg-white flex justify-between items-center p-2 md:py-[1px] rounded-[10px]\"><span class=\"w-1\/2 py-0.5 md:py-2 text-gray-500 sm:px-1.5 sm:text-sm flex items-center relative\"><span class=\"flex-shrink-0 max-w-[90%] pl-1\">\u00cen\u0103l\u0163ime <\/span><\/span><span class=\"w-1\/2 px-1.5 sm:text-sm md:px-3 py-0.5 md:py-2 font-bold text-gray-800 flex items-center sm:justify-end sm:text-right\">45.7 cm<\/span><\/li>\n<li class=\"odd:bg-gray-100 even:bg-white flex justify-between items-center p-2 md:py-[1px] rounded-[10px]\"><span class=\"w-1\/2 py-0.5 md:py-2 text-gray-500 sm:px-1.5 sm:text-sm flex items-center relative\"><span class=\"flex-shrink-0 max-w-[90%] pl-1\">L\u0103\u0163ime <\/span><\/span><span class=\"w-1\/2 px-1.5 sm:text-sm md:px-3 py-0.5 md:py-2 font-bold text-gray-800 flex items-center sm:justify-end sm:text-right\">32.8 cm<\/span><\/li>\n<li class=\"odd:bg-gray-100 even:bg-white flex justify-between items-center p-2 md:py-[1px] rounded-[10px]\"><span class=\"w-1\/2 py-0.5 md:py-2 text-gray-500 sm:px-1.5 sm:text-sm flex items-center relative\"><span class=\"flex-shrink-0 max-w-[90%] pl-1\">Ad\u00e2ncime <\/span><\/span><span class=\"w-1\/2 px-1.5 sm:text-sm md:px-3 py-0.5 md:py-2 font-bold text-gray-800 flex items-center sm:justify-end sm:text-right\">34.9 cm<\/span><\/li>\n<\/ul>\n<\/div>\n<div class=\"mb-5  sm:mb-7 p-[13px] rounded-2xl shadow-custom border border-gray-200 bg-white\">\n<div class=\"px-[14px] pt-2 pb-4 bg-white\">\n<h3 class=\"font-bold text-gray-900 text-lg flex sm:justify-center\">\u0423\u043f\u0440\u0430\u0432\u043b\u0435\u043d\u0438\u0435 \u0438 \u0418\u043d\u0434\u0438\u043a\u0430\u0446\u0438\u044f<\/h3>\n<\/div>\n<ul class=\"w-full flex flex-col\">\n<li class=\"odd:bg-gray-100 even:bg-white flex justify-between items-center p-2 md:py-[1px] rounded-[10px]\"><span class=\"w-1\/2 py-0.5 md:py-2 text-gray-500 sm:px-1.5 sm:text-sm flex items-center relative\"><span class=\"flex-shrink-0 max-w-[90%] pl-1\">Reglarea puterii <\/span><\/span><span class=\"w-1\/2 px-1.5 sm:text-sm md:px-3 py-0.5 md:py-2 font-bold text-gray-800 flex items-center sm:justify-end sm:text-right\">Da<\/span><\/li>\n<\/ul>\n<\/div>\n<div class=\"sm:mb-7 p-[13px] rounded-2xl shadow-custom border border-gray-200 bg-white\">\n<div class=\"px-[14px] pt-2 pb-4 bg-white\">\n<h3 class=\"font-bold text-gray-900 text-lg flex sm:justify-center\">\u041a\u043e\u043d\u0441\u0442\u0440\u0443\u043a\u0446\u0438\u044f<\/h3>\n<\/div>\n<ul class=\"w-full flex flex-col\">\n<li class=\"odd:bg-gray-100 even:bg-white flex justify-between items-center p-2 md:py-[1px] rounded-[10px]\"><span class=\"w-1\/2 py-0.5 md:py-2 text-gray-500 sm:px-1.5 sm:text-sm flex items-center relative\"><span class=\"flex-shrink-0 max-w-[90%] pl-1\">Conducta de aspirare <\/span><\/span><span class=\"w-1\/2 px-1.5 sm:text-sm md:px-3 py-0.5 md:py-2 font-bold text-gray-800 flex items-center sm:justify-end sm:text-right\">Telescopic<\/span><\/li>\n<li class=\"odd:bg-gray-100 even:bg-white flex justify-between items-center p-2 md:py-[1px] rounded-[10px]\"><span class=\"w-1\/2 py-0.5 md:py-2 text-gray-500 sm:px-1.5 sm:text-sm flex items-center relative\"><span class=\"flex-shrink-0 max-w-[90%] pl-1\">Materialul conductei de aspirare <\/span><\/span><span class=\"w-1\/2 px-1.5 sm:text-sm md:px-3 py-0.5 md:py-2 font-bold text-gray-800 flex items-center sm:justify-end sm:text-right\">Plastic<\/span><\/li>\n<li class=\"odd:bg-gray-100 even:bg-white flex justify-between items-center p-2 md:py-[1px] rounded-[10px]\"><span class=\"w-1\/2 py-0.5 md:py-2 text-gray-500 sm:px-1.5 sm:text-sm flex items-center relative\"><span class=\"flex-shrink-0 max-w-[90%] pl-1\">Parcare vertical\u0103 <\/span><\/span><span class=\"w-1\/2 px-1.5 sm:text-sm md:px-3 py-0.5 md:py-2 font-bold text-gray-800 flex items-center sm:justify-end sm:text-right\">Da<\/span><\/li>\n<li class=\"odd:bg-gray-100 even:bg-white flex justify-between items-center p-2 md:py-[1px] rounded-[10px]\"><span class=\"w-1\/2 py-0.5 md:py-2 text-gray-500 sm:px-1.5 sm:text-sm flex items-center relative\"><span class=\"flex-shrink-0 max-w-[90%] pl-1\">Lungime cablu alimentare <\/span><\/span><span class=\"w-1\/2 px-1.5 sm:text-sm md:px-3 py-0.5 md:py-2 font-bold text-gray-800 flex items-center sm:justify-end sm:text-right\">4 m<\/span><\/li>\n<li class=\"odd:bg-gray-100 even:bg-white flex justify-between items-center p-2 md:py-[1px] rounded-[10px]\"><span class=\"w-1\/2 py-0.5 md:py-2 text-gray-500 sm:px-1.5 sm:text-sm flex items-center relative\"><span class=\"flex-shrink-0 max-w-[90%] pl-1\">Spa\u021biu de stocare pentru duze <\/span><\/span><span class=\"w-1\/2 px-1.5 sm:text-sm md:px-3 py-0.5 md:py-2 font-bold text-gray-800 flex items-center sm:justify-end sm:text-right\">Da<\/span><\/li>\n<li class=\"odd:bg-gray-100 even:bg-white flex justify-between items-center p-2 md:py-[1px] rounded-[10px]\"><span class=\"w-1\/2 py-0.5 md:py-2 text-gray-500 sm:px-1.5 sm:text-sm flex items-center relative\"><span class=\"flex-shrink-0 max-w-[90%] pl-1\">Perie covor\/podea <\/span><\/span><span class=\"w-1\/2 px-1.5 sm:text-sm md:px-3 py-0.5 md:py-2 font-bold text-gray-800 flex items-center sm:justify-end sm:text-right\">Da<\/span><\/li>\n<li class=\"odd:bg-gray-100 even:bg-white flex justify-between items-center p-2 md:py-[1px] rounded-[10px]\"><span class=\"w-1\/2 py-0.5 md:py-2 text-gray-500 sm:px-1.5 sm:text-sm flex items-center relative\"><span class=\"flex-shrink-0 max-w-[90%] pl-1\">Accesorii pentru aspirator <\/span><\/span><span class=\"w-1\/2 px-1.5 sm:text-sm md:px-3 py-0.5 md:py-2 font-bold text-gray-800 flex items-center sm:justify-end sm:text-right\">Perie pentru mobilier tapi\u021bat ,pentru spa\u021bii \u00eenguste<\/span><\/li>\n<li class=\"odd:bg-gray-100 even:bg-white flex justify-between items-center p-2 md:py-[1px] rounded-[10px]\"><span class=\"w-1\/2 py-0.5 md:py-2 text-gray-500 sm:px-1.5 sm:text-sm flex items-center relative\"><span class=\"flex-shrink-0 max-w-[90%] pl-1\">Set<\/span><\/span><span class=\"w-1\/2 px-1.5 sm:text-sm md:px-3 py-0.5 md:py-2 font-bold text-gray-800 flex items-center sm:justify-end sm:text-right\">Tub telescopic, filtru-sac, filtru cartu\u0219, c\u00e2rlig cablu, instruc\u021biuni<\/span><\/li>\n<\/ul>\n<\/div>","protected":false},"excerpt":{"rendered":"<ul class=\"text-gray text-sm leading-loose\">\n<li class=\"font-bold text-blue mb-3 text-base sm:text-center\">Rezumat<\/li>\n<li>Consum energie:<span class=\"font-bold text-black\">\u00a01000 W<\/span><\/li>\n<li>Puterea de aspirare :<span class=\"font-bold text-black\">\u00a0200 W<\/span><\/li>\n<li>Op\u021biuni de cur\u0103\u021bare:<span class=\"font-bold text-black\">\u00a0Uscat, Umed<\/span><\/li>\n<li>Tip colector de praf:<span class=\"font-bold text-black\">\u00a0Sac<\/span><\/li>\n<li>Volum container de praf :<span class=\"font-bold text-black\">\u00a015 L<\/span><\/li>\n<li>Reglarea puterii<\/li>\n<\/ul>","protected":false},"featured_media":1282,"comment_status":"closed","ping_status":"closed","template":"","meta":[],"product_brand":[270],"product_cat":[27,69,57],"product_tag":[],"class_list":{"0":"post-1281","1":"product","2":"type-product","3":"status-publish","4":"has-post-thumbnail","6":"product_brand-karcher","7":"product_cat-tehnica-de-uz-casnic","8":"product_cat-aspiratoare","9":"product_cat-electrocasnice-mici","11":"first","12":"instock","13":"shipping-taxable","14":"product-type-simple"},"_links":{"self":[{"href":"https:\/\/technoland.md\/ru\/wp-json\/wp\/v2\/product\/1281","targetHints":{"allow":["GET"]}}],"collection":[{"href":"https:\/\/technoland.md\/ru\/wp-json\/wp\/v2\/product"}],"about":[{"href":"https:\/\/technoland.md\/ru\/wp-json\/wp\/v2\/types\/product"}],"replies":[{"embeddable":true,"href":"https:\/\/technoland.md\/ru\/wp-json\/wp\/v2\/comments?post=1281"}],"version-history":[{"count":1,"href":"https:\/\/technoland.md\/ru\/wp-json\/wp\/v2\/product\/1281\/revisions"}],"predecessor-version":[{"id":1286,"href":"https:\/\/technoland.md\/ru\/wp-json\/wp\/v2\/product\/1281\/revisions\/1286"}],"wp:featuredmedia":[{"embeddable":true,"href":"https:\/\/technoland.md\/ru\/wp-json\/wp\/v2\/media\/1282"}],"wp:attachment":[{"href":"https:\/\/technoland.md\/ru\/wp-json\/wp\/v2\/media?parent=1281"}],"wp:term":[{"taxonomy":"product_brand","embeddable":true,"href":"https:\/\/technoland.md\/ru\/wp-json\/wp\/v2\/product_brand?post=1281"},{"taxonomy":"product_cat","embeddable":true,"href":"https:\/\/technoland.md\/ru\/wp-json\/wp\/v2\/product_cat?post=1281"},{"taxonomy":"product_tag","embeddable":true,"href":"https:\/\/technoland.md\/ru\/wp-json\/wp\/v2\/product_tag?post=1281"}],"curies":[{"name":"wp","href":"https:\/\/api.w.org\/{rel}","templated":true}]}}