{"id":1295,"date":"2026-01-19T18:50:41","date_gmt":"2026-01-19T15:50:41","guid":{"rendered":"https:\/\/technoland.md\/?post_type=product&#038;p=1295"},"modified":"2026-01-19T18:50:41","modified_gmt":"2026-01-19T15:50:41","slug":"aparat-de-aer-conditionat-split-panasonic-xz35xkew-h-argintiu","status":"publish","type":"product","link":"https:\/\/technoland.md\/ru\/produs\/aparat-de-aer-conditionat-split-panasonic-xz35xkew-h-argintiu\/","title":{"rendered":"Aparat de aer condi\u021bionat Split Panasonic XZ35XKEW-H Argintiu"},"content":{"rendered":"<section class=\"spec-card card\">\n<h3 class=\"typography fs-18-18-18 fs4 default fw600 spec-card__title\">Caracteristici de Baz\u0103<\/h3>\n<div class=\"spec-card__row\"><span class=\"spec-card__key typography color-secondary fs-14-14-14 fw400\">Tip aparat <\/span><span class=\"spec-card__value typography fs-14-14-14 fw500\">Aparat de aer condi\u021bionat Split<\/span><\/div>\n<div class=\"spec-card__row\"><span class=\"spec-card__key typography color-secondary fs-14-14-14 fw400\">Tipul bloculuii interior <\/span><span class=\"spec-card__value typography fs-14-14-14 fw500\">Se monteaz\u0103 pe perete<\/span><\/div>\n<div class=\"spec-card__row\"><span class=\"spec-card__key typography color-secondary fs-14-14-14 fw400\">Functii climatizare <\/span><span class=\"spec-card__value typography fs-14-14-14 fw500\">R\u0103cire, \u00cenc\u0103lzire<\/span><\/div>\n<div class=\"spec-card__row\"><span class=\"spec-card__key typography color-secondary fs-14-14-14 fw400\">Suprafa\u0163a acoperit\u0103 <\/span><span class=\"spec-card__value typography fs-14-14-14 fw500\">p\u00eena la 35 \u043c\u00b2<\/span><\/div>\n<div class=\"spec-card__row\"><span class=\"spec-card__key typography color-secondary fs-14-14-14 fw400\">Nuan\u021b\u0103 culoare <\/span><span class=\"spec-card__value typography fs-14-14-14 fw500\">Argintiu<\/span><\/div>\n<div class=\"spec-card__row\"><span class=\"spec-card__key typography color-secondary fs-14-14-14 fw400\">Interval temp. de functionare la r\u0103cire<\/span><span class=\"spec-card__value typography fs-14-14-14 fw500\">-10 \u00b0C +43 \u00b0C<\/span><\/div>\n<div class=\"spec-card__row\"><span class=\"spec-card__key typography color-secondary fs-14-14-14 fw400\">Agent frigorific<\/span><span class=\"spec-card__value typography fs-14-14-14 fw500\">R-32<\/span><\/div>\n<div class=\"spec-card__row\"><span class=\"spec-card__key typography color-secondary fs-14-14-14 fw400\">Interval temp, de functionare la \u00eenc\u0103lzire<\/span><span class=\"spec-card__value typography fs-14-14-14 fw500\">-15 \u00b0C +24 \u00b0C<\/span><\/div>\n<div class=\"spec-card__row\"><span class=\"spec-card__key typography color-secondary fs-14-14-14 fw400\">Culoare <\/span><span class=\"spec-card__value typography fs-14-14-14 fw500\">Argintiu<\/span><\/div>\n<div class=\"spec-card__row\"><span class=\"spec-card__key typography color-secondary fs-14-14-14 fw400\">Model<\/span><span class=\"spec-card__value typography fs-14-14-14 fw500\">XZ35XKEW-H<\/span><\/div>\n<\/section>\n<p>&nbsp;<\/p>\n<section class=\"spec-card card\">\n<h3 class=\"typography fs-18-18-18 fs4 default fw600 spec-card__title\">Performan\u021b\u0103 \u0219i energie<\/h3>\n<div class=\"spec-card__row\"><span class=\"spec-card__key typography color-secondary fs-14-14-14 fw400\">Capacitate \u00eenc\u0103lzire (kW)<\/span><span class=\"spec-card__value typography fs-14-14-14 fw500\">4<\/span><\/div>\n<div class=\"spec-card__row\"><span class=\"spec-card__key typography color-secondary fs-14-14-14 fw400\">Capacitate de r\u0103cire (kBTU\/h)<\/span><span class=\"spec-card__value typography fs-14-14-14 fw500\">12<\/span><\/div>\n<div class=\"spec-card__row\"><span class=\"spec-card__key typography color-secondary fs-14-14-14 fw400\">Capacitate r\u0103cire (kW)<\/span><span class=\"spec-card__value typography fs-14-14-14 fw500\">3.5<\/span><\/div>\n<div class=\"spec-card__row\"><span class=\"spec-card__key typography color-secondary fs-14-14-14 fw400\">Clasa de eficien\u021b\u0103 energetic\u0103 <\/span><span class=\"spec-card__value typography fs-14-14-14 fw500\">A+++<\/span><\/div>\n<div class=\"spec-card__row\"><span class=\"spec-card__key typography color-secondary fs-14-14-14 fw400\">Debit aer maxim (m3\/h)<\/span><span class=\"spec-card__value typography fs-14-14-14 fw500\">14.7<\/span><\/div>\n<div class=\"spec-card__row\"><span class=\"spec-card__key typography color-secondary fs-14-14-14 fw400\">Nivel de zgomot maxim (dB)<\/span><span class=\"spec-card__value typography fs-14-14-14 fw500\">43<\/span><\/div>\n<\/section>\n<p>&nbsp;<\/p>\n<section class=\"spec-card card\">\n<h3 class=\"typography fs-18-18-18 fs4 default fw600 spec-card__title\">Sistem de filtrare a aerului<\/h3>\n<div class=\"spec-card__row\"><span class=\"spec-card__key typography color-secondary fs-14-14-14 fw400\">Filtru antibacterian <\/span><span class=\"spec-card__value typography fs-14-14-14 fw500\">Da<\/span><\/div>\n<div class=\"spec-card__row\"><span class=\"spec-card__key typography color-secondary fs-14-14-14 fw400\">Ionizare <\/span><span class=\"spec-card__value typography fs-14-14-14 fw500\">Da<\/span><\/div>\n<div class=\"spec-card__row\"><span class=\"spec-card__key typography color-secondary fs-14-14-14 fw400\">Dezodorizare <\/span><span class=\"spec-card__value typography fs-14-14-14 fw500\">Da<\/span><\/div>\n<\/section>\n<p>&nbsp;<\/p>\n<section class=\"spec-card card\">\n<h3 class=\"typography fs-18-18-18 fs4 default fw600 spec-card__title\">Moduri de gestionare \u0219i operare<\/h3>\n<div class=\"spec-card__row\"><span class=\"spec-card__key typography color-secondary fs-14-14-14 fw400\">Indica\u0163ie <\/span><span class=\"spec-card__value typography fs-14-14-14 fw500\">Da<\/span><\/div>\n<div class=\"spec-card__row\"><span class=\"spec-card__key typography color-secondary fs-14-14-14 fw400\">Control de pe smartphone <\/span><span class=\"spec-card__value typography fs-14-14-14 fw500\">Da<\/span><\/div>\n<div class=\"spec-card__row\"><span class=\"spec-card__key typography color-secondary fs-14-14-14 fw400\">Reglarea direc\u021biei fluxului de aer <\/span><span class=\"spec-card__value typography fs-14-14-14 fw500\">Da<\/span><\/div>\n<div class=\"spec-card__row\"><span class=\"spec-card__key typography color-secondary fs-14-14-14 fw400\">Ecosistem Smart Home<\/span><span class=\"spec-card__value typography fs-14-14-14 fw500\">Panasonic Comfort Cloud<\/span><\/div>\n<div class=\"spec-card__row\"><span class=\"spec-card__key typography color-secondary fs-14-14-14 fw400\">Wi-Fi<\/span><span class=\"spec-card__value typography fs-14-14-14 fw500\">Da<\/span><\/div>\n<\/section>\n<p>&nbsp;<\/p>\n<section class=\"spec-card card\">\n<h3 class=\"typography fs-18-18-18 fs4 default fw600 spec-card__title\">Design<\/h3>\n<div class=\"spec-card__row\"><span class=\"spec-card__key typography color-secondary fs-14-14-14 fw400\">Diferen\u021ba maxim\u0103 de nivel (m)<\/span><span class=\"spec-card__value typography fs-14-14-14 fw500\">15<\/span><\/div>\n<div class=\"spec-card__row\"><span class=\"spec-card__key typography color-secondary fs-14-14-14 fw400\">Lungime maxim\u0103 traseu (m)<\/span><span class=\"spec-card__value typography fs-14-14-14 fw500\">15<\/span><\/div>\n<\/section>\n<p>&nbsp;<\/p>\n<section class=\"spec-card card\">\n<h3 class=\"typography fs-18-18-18 fs4 default fw600 spec-card__title\">Dimensiuni \u0219i Greutate<\/h3>\n<div class=\"spec-card__row\"><span class=\"spec-card__key typography color-secondary fs-14-14-14 fw400\">L\u0103\u021bimea blocului interior (cm)<\/span><span class=\"spec-card__value typography fs-14-14-14 fw500\">87<\/span><\/div>\n<div class=\"spec-card__row\"><span class=\"spec-card__key typography color-secondary fs-14-14-14 fw400\">Ad\u00e2ncimea blocului interior (cm)<\/span><span class=\"spec-card__value typography fs-14-14-14 fw500\">22.9<\/span><\/div>\n<div class=\"spec-card__row\"><span class=\"spec-card__key typography color-secondary fs-14-14-14 fw400\">\u00cen\u0103l\u021bimea blocului interior (cm)<\/span><span class=\"spec-card__value typography fs-14-14-14 fw500\">29.5<\/span><\/div>\n<div class=\"spec-card__row\"><span class=\"spec-card__key typography color-secondary fs-14-14-14 fw400\">Greutatea blocului interior (kg)<\/span><span class=\"spec-card__value typography fs-14-14-14 fw500\">10<\/span><\/div>\n<div class=\"spec-card__row\"><span class=\"spec-card__key typography color-secondary fs-14-14-14 fw400\">L\u0103\u021bimea blocului exterior (cm)<\/span><span class=\"spec-card__value typography fs-14-14-14 fw500\">78<\/span><\/div>\n<div class=\"spec-card__row\"><span class=\"spec-card__key typography color-secondary fs-14-14-14 fw400\">Ad\u00e2ncimea blocului exterior (cm)<\/span><span class=\"spec-card__value typography fs-14-14-14 fw500\">28.9<\/span><\/div>\n<div class=\"spec-card__row\"><span class=\"spec-card__key typography color-secondary fs-14-14-14 fw400\">\u00cen\u0103l\u021bimea blocului exterior (cm)<\/span><span class=\"spec-card__value typography fs-14-14-14 fw500\">54.2<\/span><\/div>\n<div class=\"spec-card__row\"><span class=\"spec-card__key typography color-secondary fs-14-14-14 fw400\">Greutatea blocului exterior (kg)<\/span><span class=\"spec-card__value typography fs-14-14-14 fw500\">27<\/span><\/div>\n<\/section>","protected":false},"excerpt":{"rendered":"<p class=\"typography fs-16-16-16 fw600 product-details__label\">Descriere scurt\u0103:<\/p>\n<div class=\"specs\">\n<div class=\"specs__row\"><span class=\"typography fs-14-14-14 color-secondary\">Functii climatizare <\/span><span class=\"typography fs-14-14-14 fw600\">R\u0103cire, \u00cenc\u0103lzire<\/span><\/div>\n<\/div>\n<div class=\"specs\">\n<div class=\"specs__row\"><span class=\"typography fs-14-14-14 color-secondary\">Suprafa\u0163a acoperit\u0103 <\/span><span class=\"typography fs-14-14-14 fw600\">p\u00eena la 35 \u043c\u00b2<\/span><\/div>\n<\/div>\n<div class=\"specs\">\n<div class=\"specs__row\"><span class=\"typography fs-14-14-14 color-secondary\">Capacitate de r\u0103cire<\/span><span class=\"typography fs-14-14-14 fw600\">12 kBTU\/h<\/span><\/div>\n<\/div>\n<div class=\"specs\">\n<div class=\"specs__row\"><span class=\"typography fs-14-14-14 color-secondary\">Clasa de eficien\u021b\u0103 energetic\u0103 <\/span><span class=\"typography fs-14-14-14 fw600\">A+++<\/span><\/div>\n<\/div>\n<div class=\"specs\">\n<div class=\"specs__row\"><span class=\"typography fs-14-14-14 color-secondary\">Ionizare<\/span><\/div>\n<\/div>\n<div class=\"specs\">\n<div class=\"specs__row\"><span class=\"typography fs-14-14-14 color-secondary\">Filtru antibacterian<\/span><\/div>\n<\/div>\n<div class=\"specs\">\n<div class=\"specs__row\"><span class=\"typography fs-14-14-14 color-secondary\">Wi-Fi<\/span><\/div>\n<\/div>\n<div class=\"specs\">\n<div class=\"specs__row\"><span class=\"typography fs-14-14-14 color-secondary\">Reglarea direc\u021biei fluxului de aer<\/span><\/div>\n<\/div>","protected":false},"featured_media":1296,"comment_status":"closed","ping_status":"closed","template":"","meta":[],"product_brand":[289],"product_cat":[106,32],"product_tag":[],"class_list":{"0":"post-1295","1":"product","2":"type-product","3":"status-publish","4":"has-post-thumbnail","6":"product_brand-panasonic","7":"product_cat-aparate-de-aer-conditionat","8":"product_cat-clima-instalatii-termice","10":"first","11":"instock","12":"shipping-taxable","13":"product-type-simple"},"_links":{"self":[{"href":"https:\/\/technoland.md\/ru\/wp-json\/wp\/v2\/product\/1295","targetHints":{"allow":["GET"]}}],"collection":[{"href":"https:\/\/technoland.md\/ru\/wp-json\/wp\/v2\/product"}],"about":[{"href":"https:\/\/technoland.md\/ru\/wp-json\/wp\/v2\/types\/product"}],"replies":[{"embeddable":true,"href":"https:\/\/technoland.md\/ru\/wp-json\/wp\/v2\/comments?post=1295"}],"version-history":[{"count":1,"href":"https:\/\/technoland.md\/ru\/wp-json\/wp\/v2\/product\/1295\/revisions"}],"predecessor-version":[{"id":1301,"href":"https:\/\/technoland.md\/ru\/wp-json\/wp\/v2\/product\/1295\/revisions\/1301"}],"wp:featuredmedia":[{"embeddable":true,"href":"https:\/\/technoland.md\/ru\/wp-json\/wp\/v2\/media\/1296"}],"wp:attachment":[{"href":"https:\/\/technoland.md\/ru\/wp-json\/wp\/v2\/media?parent=1295"}],"wp:term":[{"taxonomy":"product_brand","embeddable":true,"href":"https:\/\/technoland.md\/ru\/wp-json\/wp\/v2\/product_brand?post=1295"},{"taxonomy":"product_cat","embeddable":true,"href":"https:\/\/technoland.md\/ru\/wp-json\/wp\/v2\/product_cat?post=1295"},{"taxonomy":"product_tag","embeddable":true,"href":"https:\/\/technoland.md\/ru\/wp-json\/wp\/v2\/product_tag?post=1295"}],"curies":[{"name":"wp","href":"https:\/\/api.w.org\/{rel}","templated":true}]}}