{"id":1386,"date":"2026-01-19T21:48:04","date_gmt":"2026-01-19T18:48:04","guid":{"rendered":"https:\/\/technoland.md\/?post_type=product&#038;p=1386"},"modified":"2026-01-19T21:48:04","modified_gmt":"2026-01-19T18:48:04","slug":"aragaz-mixt-gorenje-gk5c41wf-alb","status":"publish","type":"product","link":"https:\/\/technoland.md\/ru\/produs\/aragaz-mixt-gorenje-gk5c41wf-alb\/","title":{"rendered":"Aragaz Mixt Gorenje GK5C41WF Alb"},"content":{"rendered":"<section class=\"spec-card card\">\n<h3 class=\"typography fs-18-18-18 fs4 default fw600 spec-card__title\">Caracteristici de Baz\u0103<\/h3>\n<div class=\"spec-card__row\"><span class=\"spec-card__key typography color-secondary fs-14-14-14 fw400\">Tip <\/span><span class=\"spec-card__value typography fs-14-14-14 fw500\">Aragaz Mixt<\/span><\/div>\n<div class=\"spec-card__row\"><span class=\"spec-card__key typography color-secondary fs-14-14-14 fw400\">Tip <\/span><span class=\"spec-card__value typography fs-14-14-14 fw500\">Plit\u0103 pe gaz<\/span><\/div>\n<div class=\"spec-card__row\"><span class=\"spec-card__key typography color-secondary fs-14-14-14 fw400\">Tip cuptor <\/span><span class=\"spec-card__value typography fs-14-14-14 fw500\">Cuptor Electric<\/span><\/div>\n<div class=\"spec-card__row\"><span class=\"spec-card__key typography color-secondary fs-14-14-14 fw400\">Materialul suprafe\u021bei de lucru<\/span><span class=\"spec-card__value typography fs-14-14-14 fw500\">Font\u0103<\/span><\/div>\n<div class=\"spec-card__row\"><span class=\"spec-card__key typography color-secondary fs-14-14-14 fw400\">Clasa de eficien\u021b\u0103 energetic\u0103 <\/span><span class=\"spec-card__value typography fs-14-14-14 fw500\">A<\/span><\/div>\n<div class=\"spec-card__row\"><span class=\"spec-card__key typography color-secondary fs-14-14-14 fw400\">Consum de energie (kW)<\/span><span class=\"spec-card__value typography fs-14-14-14 fw500\">2.8<\/span><\/div>\n<div class=\"spec-card__row\"><span class=\"spec-card__key typography color-secondary fs-14-14-14 fw400\">Culoare u\u0219\u0103 <\/span><span class=\"spec-card__value typography fs-14-14-14 fw500\">Negru<\/span><\/div>\n<div class=\"spec-card__row\"><span class=\"spec-card__key typography color-secondary fs-14-14-14 fw400\">Culoare carcas\u0103 <\/span><span class=\"spec-card__value typography fs-14-14-14 fw500\">Alb<\/span><\/div>\n<div class=\"spec-card__row\"><span class=\"spec-card__key typography color-secondary fs-14-14-14 fw400\">Culoare <\/span><span class=\"spec-card__value typography fs-14-14-14 fw500\">Alb<\/span><\/div>\n<div class=\"spec-card__row\"><span class=\"spec-card__key typography color-secondary fs-14-14-14 fw400\">Model<\/span><span class=\"spec-card__value typography fs-14-14-14 fw500\">GK5C41WF<\/span><\/div>\n<\/section>\n<p>&nbsp;<\/p>\n<section class=\"spec-card card\">\n<h3 class=\"typography fs-18-18-18 fs4 default fw600 spec-card__title\">Control \u0219i Indica\u021bie<\/h3>\n<div class=\"spec-card__row\"><span class=\"spec-card__key typography color-secondary fs-14-14-14 fw400\">Indica\u0163ie <\/span><span class=\"spec-card__value typography fs-14-14-14 fw500\">Da<\/span><\/div>\n<div class=\"spec-card__row\"><span class=\"spec-card__key typography color-secondary fs-14-14-14 fw400\">Tip control <\/span><span class=\"spec-card__value typography fs-14-14-14 fw500\">Mecanice rotative<\/span><\/div>\n<div class=\"spec-card__row\"><span class=\"spec-card__key typography color-secondary fs-14-14-14 fw400\">Timer pornire\/oprire <\/span><span class=\"spec-card__value typography fs-14-14-14 fw500\">Da<\/span><\/div>\n<div class=\"spec-card__row\"><span class=\"spec-card__key typography color-secondary fs-14-14-14 fw400\">Aprindere electric\u0103 <\/span><span class=\"spec-card__value typography fs-14-14-14 fw500\">Da<\/span><\/div>\n<\/section>\n<p>&nbsp;<\/p>\n<section class=\"spec-card card\">\n<h3 class=\"typography fs-18-18-18 fs4 default fw600 spec-card__title\">Plit\u0103<\/h3>\n<div class=\"spec-card__row\"><span class=\"spec-card__key typography color-secondary fs-14-14-14 fw400\">Num\u0103rul total zone de g\u0103tire \/ zone \u00eenc\u0103lzire <\/span><span class=\"spec-card__value typography fs-14-14-14 fw500\">4<\/span><\/div>\n<div class=\"spec-card__row\"><span class=\"spec-card__key typography color-secondary fs-14-14-14 fw400\">Tip zone \u00eenc\u0103lzire electric\u0103 <\/span><span class=\"spec-card__value typography fs-14-14-14 fw500\">Font\u0103<\/span><\/div>\n<div class=\"spec-card__row\"><span class=\"spec-card__key typography color-secondary fs-14-14-14 fw400\">Tip arz\u0103toare pe gaz <\/span><span class=\"spec-card__value typography fs-14-14-14 fw500\">Standard<\/span><\/div>\n<div class=\"spec-card__row\"><span class=\"spec-card__key typography color-secondary fs-14-14-14 fw400\">Materialul Grilei <\/span><span class=\"spec-card__value typography fs-14-14-14 fw500\">Font\u0103<\/span><\/div>\n<div class=\"spec-card__row\"><span class=\"spec-card__key typography color-secondary fs-14-14-14 fw400\">Functia men\u021binere caldura <\/span><span class=\"spec-card__value typography fs-14-14-14 fw500\">Nu<\/span><\/div>\n<\/section>\n<p>&nbsp;<\/p>\n<section class=\"spec-card card\">\n<h3 class=\"typography fs-18-18-18 fs4 default fw600 spec-card__title\">Dimensiuni \u0219i Greutate<\/h3>\n<div class=\"spec-card__row\"><span class=\"spec-card__key typography color-secondary fs-14-14-14 fw400\">L\u0103\u0163ime (cm)<\/span><span class=\"spec-card__value typography fs-14-14-14 fw500\">50<\/span><\/div>\n<div class=\"spec-card__row\"><span class=\"spec-card__key typography color-secondary fs-14-14-14 fw400\">Ad\u00e2ncime (cm)<\/span><span class=\"spec-card__value typography fs-14-14-14 fw500\">60<\/span><\/div>\n<div class=\"spec-card__row\"><span class=\"spec-card__key typography color-secondary fs-14-14-14 fw400\">Greutate (kg)<\/span><span class=\"spec-card__value typography fs-14-14-14 fw500\">42.8<\/span><\/div>\n<div class=\"spec-card__row\"><span class=\"spec-card__key typography color-secondary fs-14-14-14 fw400\">\u00cen\u0103l\u0163ime (cm)<\/span><span class=\"spec-card__value typography fs-14-14-14 fw500\">85<\/span><\/div>\n<\/section>\n<p>&nbsp;<\/p>\n<section class=\"spec-card card\">\n<h3 class=\"typography fs-18-18-18 fs4 default fw600 spec-card__title\">Cuptor<\/h3>\n<div class=\"spec-card__row\"><span class=\"spec-card__key typography color-secondary fs-14-14-14 fw400\">Volumul camerei (l)<\/span><span class=\"spec-card__value typography fs-14-14-14 fw500\">70<\/span><\/div>\n<div class=\"spec-card__row\"><span class=\"spec-card__key typography color-secondary fs-14-14-14 fw400\">Moduri de func\u021bionare <\/span><span class=\"spec-card__value typography fs-14-14-14 fw500\">Grill, Convec\u021bie<\/span><\/div>\n<div class=\"spec-card__row\"><span class=\"spec-card__key typography color-secondary fs-14-14-14 fw400\">Num\u0103r moduri de \u00eenc\u0103lzire <\/span><span class=\"spec-card__value typography fs-14-14-14 fw500\">9<\/span><\/div>\n<div class=\"spec-card__row\"><span class=\"spec-card__key typography color-secondary fs-14-14-14 fw400\">Convec\u021bie <\/span><span class=\"spec-card__value typography fs-14-14-14 fw500\">Da<\/span><\/div>\n<div class=\"spec-card__row\"><span class=\"spec-card__key typography color-secondary fs-14-14-14 fw400\">Tip Grill <\/span><span class=\"spec-card__value typography fs-14-14-14 fw500\">Electric<\/span><\/div>\n<div class=\"spec-card__row\"><span class=\"spec-card__key typography color-secondary fs-14-14-14 fw400\">Acoperirea intern\u0103 a camerei <\/span><span class=\"spec-card__value typography fs-14-14-14 fw500\">Smal\u021b u\u0219or de cur\u0103\u021bat<\/span><\/div>\n<div class=\"spec-card__row\"><span class=\"spec-card__key typography color-secondary fs-14-14-14 fw400\">Iluminare camera <\/span><span class=\"spec-card__value typography fs-14-14-14 fw500\">Da<\/span><\/div>\n<div class=\"spec-card__row\"><span class=\"spec-card__key typography color-secondary fs-14-14-14 fw400\">Curatare <\/span><span class=\"spec-card__value typography fs-14-14-14 fw500\">Aqua Clean<\/span><\/div>\n<div class=\"spec-card__row\"><span class=\"spec-card__key typography color-secondary fs-14-14-14 fw400\">Sertar pentru vase \u0219i accesorii <\/span><span class=\"spec-card__value typography fs-14-14-14 fw500\">Nu<\/span><\/div>\n<\/section>\n<p>&nbsp;<\/p>\n<section class=\"spec-card card\">\n<h3 class=\"typography fs-18-18-18 fs4 default fw600 spec-card__title\">Siguran\u021b\u0103<\/h3>\n<div class=\"spec-card__row\"><span class=\"spec-card__key typography color-secondary fs-14-14-14 fw400\">Gaz- control <\/span><span class=\"spec-card__value typography fs-14-14-14 fw500\">Da<\/span><\/div>\n<div class=\"spec-card__row\"><span class=\"spec-card__key typography color-secondary fs-14-14-14 fw400\">Indicator de c\u0103ldur\u0103 rezidual\u0103 <\/span><span class=\"spec-card__value typography fs-14-14-14 fw500\">Nu<\/span><\/div>\n<\/section>","protected":false},"excerpt":{"rendered":"<p class=\"typography fs-16-16-16 fw600 product-details__label\">Descriere scurt\u0103:<\/p>\n<div class=\"specs\">\n<div class=\"specs__row\"><span class=\"typography fs-14-14-14 color-secondary\">Tip <\/span><span class=\"typography fs-14-14-14 fw600\">Cuptor Electric<\/span><\/div>\n<\/div>\n<div class=\"specs\">\n<div class=\"specs__row\"><span class=\"typography fs-14-14-14 color-secondary\">Materialul suprafe\u021bei de lucru <\/span><span class=\"typography fs-14-14-14 fw600\">Font\u0103<\/span><\/div>\n<\/div>\n<div class=\"specs\">\n<div class=\"specs__row\"><span class=\"typography fs-14-14-14 color-secondary\">Clasa de eficien\u021b\u0103 energetic\u0103 <\/span><span class=\"typography fs-14-14-14 fw600\">A<\/span><\/div>\n<\/div>\n<div class=\"specs\">\n<div class=\"specs__row\"><span class=\"typography fs-14-14-14 color-secondary\">Materialul Grilei <\/span><span class=\"typography fs-14-14-14 fw600\">Font\u0103<\/span><\/div>\n<\/div>\n<div class=\"specs\">\n<div class=\"specs__row\"><span class=\"typography fs-14-14-14 color-secondary\">Volumul camerei <\/span><span class=\"typography fs-14-14-14 fw600\">70 L<\/span><\/div>\n<\/div>\n<div class=\"specs\">\n<div class=\"specs__row\"><span class=\"typography fs-14-14-14 color-secondary\">Convec\u021bie<\/span><\/div>\n<\/div>\n<div class=\"specs\">\n<div class=\"specs__row\"><span class=\"typography fs-14-14-14 color-secondary\">Aprindere electric\u0103<\/span><\/div>\n<\/div>\n<div class=\"specs\">\n<div class=\"specs__row\"><span class=\"typography fs-14-14-14 color-secondary\">Gaz- control<\/span><\/div>\n<\/div>","protected":false},"featured_media":1387,"comment_status":"closed","ping_status":"closed","template":"","meta":[],"product_brand":[],"product_cat":[27,56,71],"product_tag":[],"class_list":{"0":"post-1386","1":"product","2":"type-product","3":"status-publish","4":"has-post-thumbnail","6":"product_cat-tehnica-de-uz-casnic","7":"product_cat-electrocasnice-mari","8":"product_cat-aragaze","10":"first","11":"instock","12":"shipping-taxable","13":"product-type-simple"},"_links":{"self":[{"href":"https:\/\/technoland.md\/ru\/wp-json\/wp\/v2\/product\/1386","targetHints":{"allow":["GET"]}}],"collection":[{"href":"https:\/\/technoland.md\/ru\/wp-json\/wp\/v2\/product"}],"about":[{"href":"https:\/\/technoland.md\/ru\/wp-json\/wp\/v2\/types\/product"}],"replies":[{"embeddable":true,"href":"https:\/\/technoland.md\/ru\/wp-json\/wp\/v2\/comments?post=1386"}],"version-history":[{"count":1,"href":"https:\/\/technoland.md\/ru\/wp-json\/wp\/v2\/product\/1386\/revisions"}],"predecessor-version":[{"id":1392,"href":"https:\/\/technoland.md\/ru\/wp-json\/wp\/v2\/product\/1386\/revisions\/1392"}],"wp:featuredmedia":[{"embeddable":true,"href":"https:\/\/technoland.md\/ru\/wp-json\/wp\/v2\/media\/1387"}],"wp:attachment":[{"href":"https:\/\/technoland.md\/ru\/wp-json\/wp\/v2\/media?parent=1386"}],"wp:term":[{"taxonomy":"product_brand","embeddable":true,"href":"https:\/\/technoland.md\/ru\/wp-json\/wp\/v2\/product_brand?post=1386"},{"taxonomy":"product_cat","embeddable":true,"href":"https:\/\/technoland.md\/ru\/wp-json\/wp\/v2\/product_cat?post=1386"},{"taxonomy":"product_tag","embeddable":true,"href":"https:\/\/technoland.md\/ru\/wp-json\/wp\/v2\/product_tag?post=1386"}],"curies":[{"name":"wp","href":"https:\/\/api.w.org\/{rel}","templated":true}]}}