{"id":1401,"date":"2026-01-19T22:02:07","date_gmt":"2026-01-19T19:02:07","guid":{"rendered":"https:\/\/technoland.md\/?post_type=product&#038;p=1401"},"modified":"2026-01-19T22:02:07","modified_gmt":"2026-01-19T19:02:07","slug":"blender-de-mana-polaris-phb-1510gl-silent-negru","status":"publish","type":"product","link":"https:\/\/technoland.md\/ru\/produs\/blender-de-mana-polaris-phb-1510gl-silent-negru\/","title":{"rendered":"Blender de m\u00e2n\u0103 Polaris PHB 1510GL Silent Negru"},"content":{"rendered":"<section class=\"spec-card card\">\n<h3 class=\"typography fs-18-18-18 fs4 default fw600 spec-card__title\">Caracteristici de Baz\u0103<\/h3>\n<div class=\"spec-card__row\"><span class=\"spec-card__key typography color-secondary fs-14-14-14 fw400\">Tip blender <\/span><span class=\"spec-card__value typography fs-14-14-14 fw500\">Blender de m\u00e2n\u0103<\/span><\/div>\n<div class=\"spec-card__row\"><span class=\"spec-card__key typography color-secondary fs-14-14-14 fw400\">Putere(W)<\/span><span class=\"spec-card__value typography fs-14-14-14 fw500\">1500<\/span><\/div>\n<div class=\"spec-card__row\"><span class=\"spec-card__key typography color-secondary fs-14-14-14 fw400\">Nuan\u021b\u0103 culoare <\/span><span class=\"spec-card__value typography fs-14-14-14 fw500\">Negru<\/span><\/div>\n<div class=\"spec-card__row\"><span class=\"spec-card__key typography color-secondary fs-14-14-14 fw400\">Culoare <\/span><span class=\"spec-card__value typography fs-14-14-14 fw500\">Negru<\/span><\/div>\n<div class=\"spec-card__row\"><span class=\"spec-card__key typography color-secondary fs-14-14-14 fw400\">Model <\/span><span class=\"spec-card__value typography fs-14-14-14 fw500\">PHB 1510GL Silent<\/span><\/div>\n<\/section>\n<p>&nbsp;<\/p>\n<section class=\"spec-card card\">\n<h3 class=\"typography fs-18-18-18 fs4 default fw600 spec-card__title\">Design<\/h3>\n<div class=\"spec-card__row\"><span class=\"spec-card__key typography color-secondary fs-14-14-14 fw400\">Materialul carcasei <\/span><span class=\"spec-card__value typography fs-14-14-14 fw500\">Plastic<\/span><\/div>\n<div class=\"spec-card__row\"><span class=\"spec-card__key typography color-secondary fs-14-14-14 fw400\">Material picior si cutite <\/span><span class=\"spec-card__value typography fs-14-14-14 fw500\">O\u021bel inoxidabil<\/span><\/div>\n<div class=\"spec-card__row\"><span class=\"spec-card__key typography color-secondary fs-14-14-14 fw400\">Capacitate bol (l)<\/span><span class=\"spec-card__value typography fs-14-14-14 fw500\">0.8<\/span><\/div>\n<div class=\"spec-card__row\"><span class=\"spec-card__key typography color-secondary fs-14-14-14 fw400\">Material bol <\/span><span class=\"spec-card__value typography fs-14-14-14 fw500\">Sticl\u0103<\/span><\/div>\n<\/section>\n<p>&nbsp;<\/p>\n<section class=\"spec-card card\">\n<h3 class=\"typography fs-18-18-18 fs4 default fw600 spec-card__title\">Control \u0219i Indica\u021bie<\/h3>\n<div class=\"spec-card__row\"><span class=\"spec-card__key typography color-secondary fs-14-14-14 fw400\">Trepte de viteze <\/span><span class=\"spec-card__value typography fs-14-14-14 fw500\">25<\/span><\/div>\n<div class=\"spec-card__row\"><span class=\"spec-card__key typography color-secondary fs-14-14-14 fw400\">Control lin a vitezei <\/span><span class=\"spec-card__value typography fs-14-14-14 fw500\">Da<\/span><\/div>\n<div class=\"spec-card__row\"><span class=\"spec-card__key typography color-secondary fs-14-14-14 fw400\">Mod turbo <\/span><span class=\"spec-card__value typography fs-14-14-14 fw500\">Da<\/span><\/div>\n<div class=\"spec-card__row\"><span class=\"spec-card__key typography color-secondary fs-14-14-14 fw400\">Tip control <\/span><span class=\"spec-card__value typography fs-14-14-14 fw500\">Butoane, Rotative<\/span><\/div>\n<\/section>\n<p>&nbsp;<\/p>\n<section class=\"spec-card card\">\n<h3 class=\"typography fs-18-18-18 fs4 default fw600 spec-card__title\">Dimensiuni \u0219i Greutate<\/h3>\n<div class=\"spec-card__row\"><span class=\"spec-card__key typography color-secondary fs-14-14-14 fw400\">Greutate (kg)<\/span><span class=\"spec-card__value typography fs-14-14-14 fw500\">1<\/span><\/div>\n<div class=\"spec-card__row\"><span class=\"spec-card__key typography color-secondary fs-14-14-14 fw400\">Ad\u00e2ncime (cm)<\/span><span class=\"spec-card__value typography fs-14-14-14 fw500\">6.5<\/span><\/div>\n<div class=\"spec-card__row\"><span class=\"spec-card__key typography color-secondary fs-14-14-14 fw400\">L\u0103\u0163ime (cm)<\/span><span class=\"spec-card__value typography fs-14-14-14 fw500\">6.5<\/span><\/div>\n<div class=\"spec-card__row\"><span class=\"spec-card__key typography color-secondary fs-14-14-14 fw400\">\u00cen\u0103l\u0163ime (cm)<\/span><span class=\"spec-card__value typography fs-14-14-14 fw500\">40.5<\/span><\/div>\n<\/section>\n<p>&nbsp;<\/p>\n<section class=\"spec-card card\">\n<h3 class=\"typography fs-18-18-18 fs4 default fw600 spec-card__title\">Func\u021bii<\/h3>\n<div class=\"spec-card__row\"><span class=\"spec-card__key typography color-secondary fs-14-14-14 fw400\">Tocator <\/span><span class=\"spec-card__value typography fs-14-14-14 fw500\">Da<\/span><\/div>\n<div class=\"spec-card__row\"><span class=\"spec-card__key typography color-secondary fs-14-14-14 fw400\">Accesoriu tel <\/span><span class=\"spec-card__value typography fs-14-14-14 fw500\">Da<\/span><\/div>\n<div class=\"spec-card__row\"><span class=\"spec-card__key typography color-secondary fs-14-14-14 fw400\">Set <\/span><span class=\"spec-card__value typography fs-14-14-14 fw500\">Cup\u0103 de m\u0103surare<\/span><\/div>\n<\/section>","protected":false},"excerpt":{"rendered":"<p class=\"typography fs-16-16-16 fw600 product-details__label\">Descriere scurt\u0103:<\/p>\n<div class=\"specs\">\n<div class=\"specs__row\"><span class=\"typography fs-14-14-14 color-secondary\">Putere <\/span><span class=\"typography fs-14-14-14 fw600\">1500 W<\/span><\/div>\n<\/div>\n<div class=\"specs\">\n<div class=\"specs__row\"><span class=\"typography fs-14-14-14 color-secondary\">Materialul carcasei <\/span><span class=\"typography fs-14-14-14 fw600\">Plastic<\/span><\/div>\n<\/div>\n<div class=\"specs\">\n<div class=\"specs__row\"><span class=\"typography fs-14-14-14 color-secondary\">Material picior si cutite <\/span><span class=\"typography fs-14-14-14 fw600\">O\u021bel inoxidabil<\/span><\/div>\n<\/div>\n<div class=\"specs\">\n<div class=\"specs__row\"><span class=\"typography fs-14-14-14 color-secondary\">Material bol <\/span><span class=\"typography fs-14-14-14 fw600\">Sticl\u0103<\/span><\/div>\n<\/div>\n<div class=\"specs\">\n<div class=\"specs__row\"><span class=\"typography fs-14-14-14 color-secondary\">Capacitate bol<\/span><span class=\"typography fs-14-14-14 fw600\">0,8 L<\/span><\/div>\n<\/div>\n<div class=\"specs\">\n<div class=\"specs__row\"><span class=\"typography fs-14-14-14 color-secondary\">Volum sticla <\/span><span class=\"typography fs-14-14-14 fw600\">0,7 L<\/span><\/div>\n<\/div>\n<div class=\"specs\">\n<div class=\"specs__row\"><span class=\"typography fs-14-14-14 color-secondary\">Trepte de viteze <\/span><span class=\"typography fs-14-14-14 fw600\">25<\/span><\/div>\n<\/div>\n<div class=\"specs\">\n<div class=\"specs__row\"><span class=\"typography fs-14-14-14 color-secondary\">Mod turbo<\/span><\/div>\n<\/div>","protected":false},"featured_media":1402,"comment_status":"closed","ping_status":"closed","template":"","meta":[],"product_brand":[291],"product_cat":[27,57,80],"product_tag":[],"class_list":{"0":"post-1401","1":"product","2":"type-product","3":"status-publish","4":"has-post-thumbnail","6":"product_brand-polaris","7":"product_cat-tehnica-de-uz-casnic","8":"product_cat-electrocasnice-mici","9":"product_cat-blendere","11":"first","12":"instock","13":"shipping-taxable","14":"product-type-simple"},"_links":{"self":[{"href":"https:\/\/technoland.md\/ru\/wp-json\/wp\/v2\/product\/1401","targetHints":{"allow":["GET"]}}],"collection":[{"href":"https:\/\/technoland.md\/ru\/wp-json\/wp\/v2\/product"}],"about":[{"href":"https:\/\/technoland.md\/ru\/wp-json\/wp\/v2\/types\/product"}],"replies":[{"embeddable":true,"href":"https:\/\/technoland.md\/ru\/wp-json\/wp\/v2\/comments?post=1401"}],"version-history":[{"count":1,"href":"https:\/\/technoland.md\/ru\/wp-json\/wp\/v2\/product\/1401\/revisions"}],"predecessor-version":[{"id":1407,"href":"https:\/\/technoland.md\/ru\/wp-json\/wp\/v2\/product\/1401\/revisions\/1407"}],"wp:featuredmedia":[{"embeddable":true,"href":"https:\/\/technoland.md\/ru\/wp-json\/wp\/v2\/media\/1402"}],"wp:attachment":[{"href":"https:\/\/technoland.md\/ru\/wp-json\/wp\/v2\/media?parent=1401"}],"wp:term":[{"taxonomy":"product_brand","embeddable":true,"href":"https:\/\/technoland.md\/ru\/wp-json\/wp\/v2\/product_brand?post=1401"},{"taxonomy":"product_cat","embeddable":true,"href":"https:\/\/technoland.md\/ru\/wp-json\/wp\/v2\/product_cat?post=1401"},{"taxonomy":"product_tag","embeddable":true,"href":"https:\/\/technoland.md\/ru\/wp-json\/wp\/v2\/product_tag?post=1401"}],"curies":[{"name":"wp","href":"https:\/\/api.w.org\/{rel}","templated":true}]}}