{"id":1433,"date":"2026-01-19T23:58:26","date_gmt":"2026-01-19T20:58:26","guid":{"rendered":"https:\/\/technoland.md\/?post_type=product&#038;p=1433"},"modified":"2026-01-19T23:58:27","modified_gmt":"2026-01-19T20:58:27","slug":"fierbator-electric-vitek-vt-7033-st-otel-inoxidabil","status":"publish","type":"product","link":"https:\/\/technoland.md\/ru\/produs\/fierbator-electric-vitek-vt-7033-st-otel-inoxidabil\/","title":{"rendered":"Fierb\u0103tor electric VITEK VT-7033 ST O\u021bel inoxidabil"},"content":{"rendered":"<section class=\"spec-card card\">\n<h3 class=\"typography fs-18-18-18 fs4 default fw600 spec-card__title\">Caracteristici de Baz\u0103<\/h3>\n<div class=\"spec-card__row\"><span class=\"spec-card__key typography color-secondary fs-14-14-14 fw400\">Tip <\/span><span class=\"spec-card__value typography fs-14-14-14 fw500\">Fierb\u0103tor electric<\/span><\/div>\n<div class=\"spec-card__row\"><span class=\"spec-card__key typography color-secondary fs-14-14-14 fw400\">Culoare <\/span><span class=\"spec-card__value typography fs-14-14-14 fw500\">O\u021bel inoxidabil<\/span><\/div>\n<div class=\"spec-card__row\"><span class=\"spec-card__key typography color-secondary fs-14-14-14 fw400\">Volum (l)<\/span><span class=\"spec-card__value typography fs-14-14-14 fw500\">1.7<\/span><\/div>\n<div class=\"spec-card__row\"><span class=\"spec-card__key typography color-secondary fs-14-14-14 fw400\">Element de \u00eencalzire <\/span><span class=\"spec-card__value typography fs-14-14-14 fw500\">Disc (Element de \u00eenc\u0103lzire ascuns)<\/span><\/div>\n<div class=\"spec-card__row\"><span class=\"spec-card__key typography color-secondary fs-14-14-14 fw400\">Consum energie (W)<\/span><span class=\"spec-card__value typography fs-14-14-14 fw500\">2200<\/span><\/div>\n<div class=\"spec-card__row\"><span class=\"spec-card__key typography color-secondary fs-14-14-14 fw400\">Nuan\u021b\u0103 culoare <\/span><span class=\"spec-card__value typography fs-14-14-14 fw500\">O\u021bel inoxidabil<\/span><\/div>\n<div class=\"spec-card__row\"><span class=\"spec-card__key typography color-secondary fs-14-14-14 fw400\">Materialul carcasei <\/span><span class=\"spec-card__value typography fs-14-14-14 fw500\">O\u021bel inoxidabil<\/span><\/div>\n<div class=\"spec-card__row\"><span class=\"spec-card__key typography color-secondary fs-14-14-14 fw400\">Model<\/span><span class=\"spec-card__value typography fs-14-14-14 fw500\">VT-7033 ST<\/span><\/div>\n<\/section>\n<p>&nbsp;<\/p>\n<section class=\"spec-card card\">\n<h3 class=\"typography fs-18-18-18 fs4 default fw600 spec-card__title\">Design<\/h3>\n<div class=\"spec-card__row\"><span class=\"spec-card__key typography color-secondary fs-14-14-14 fw400\">Material bol <\/span><span class=\"spec-card__value typography fs-14-14-14 fw500\">O\u021bel inoxidabil<\/span><\/div>\n<div class=\"spec-card__row\"><span class=\"spec-card__key typography color-secondary fs-14-14-14 fw400\">Lungime cablu alimentare (m)<\/span><span class=\"spec-card__value typography fs-14-14-14 fw500\">0.75<\/span><\/div>\n<div class=\"spec-card__row\"><span class=\"spec-card__key typography color-secondary fs-14-14-14 fw400\">Filtru anticalcar <\/span><span class=\"spec-card__value typography fs-14-14-14 fw500\">Da<\/span><\/div>\n<div class=\"spec-card__row\"><span class=\"spec-card__key typography color-secondary fs-14-14-14 fw400\">Stand <\/span><span class=\"spec-card__value typography fs-14-14-14 fw500\">Cu posibilitate de rota\u021bie<\/span><\/div>\n<\/section>\n<p>&nbsp;<\/p>\n<section class=\"spec-card card\">\n<h3 class=\"typography fs-18-18-18 fs4 default fw600 spec-card__title\">Control \u0219i Indica\u021bie<\/h3>\n<div class=\"spec-card__row\"><span class=\"spec-card__key typography color-secondary fs-14-14-14 fw400\">Numar regime de temperatura <\/span><span class=\"spec-card__value typography fs-14-14-14 fw500\">1<\/span><\/div>\n<div class=\"spec-card__row\"><span class=\"spec-card__key typography color-secondary fs-14-14-14 fw400\">Indicator nivel apa <\/span><span class=\"spec-card__value typography fs-14-14-14 fw500\">Da<\/span><\/div>\n<div class=\"spec-card__row\"><span class=\"spec-card__key typography color-secondary fs-14-14-14 fw400\">Indica\u0163ie <\/span><span class=\"spec-card__value typography fs-14-14-14 fw500\">Da<\/span><\/div>\n<div class=\"spec-card__row\"><span class=\"spec-card__key typography color-secondary fs-14-14-14 fw400\">Timer pornire\/oprire <\/span><span class=\"spec-card__value typography fs-14-14-14 fw500\">Da<\/span><\/div>\n<\/section>\n<p>&nbsp;<\/p>\n<section class=\"spec-card card\">\n<h3 class=\"typography fs-18-18-18 fs4 default fw600 spec-card__title\">Func\u021bii<\/h3>\n<div class=\"spec-card__row\"><span class=\"spec-card__key typography color-secondary fs-14-14-14 fw400\">Protec\u0163ie \u00eempotriva func\u0163ion\u0103rii f\u0103r\u0103 ap\u0103 <\/span><span class=\"spec-card__value typography fs-14-14-14 fw500\">Da<\/span><\/div>\n<div class=\"spec-card__row\"><span class=\"spec-card__key typography color-secondary fs-14-14-14 fw400\">Men\u021binerea temperaturii <\/span><span class=\"spec-card__value typography fs-14-14-14 fw500\">Da<\/span><\/div>\n<\/section>\n<p>&nbsp;<\/p>\n<section class=\"spec-card card\">\n<h3 class=\"typography fs-18-18-18 fs4 default fw600 spec-card__title\">Dimensiuni \u0219i Greutate<\/h3>\n<div class=\"spec-card__row\"><span class=\"spec-card__key typography color-secondary fs-14-14-14 fw400\">L\u0103\u0163ime (cm)<\/span><span class=\"spec-card__value typography fs-14-14-14 fw500\">21.5<\/span><\/div>\n<div class=\"spec-card__row\"><span class=\"spec-card__key typography color-secondary fs-14-14-14 fw400\">Greutate (kg)<\/span><span class=\"spec-card__value typography fs-14-14-14 fw500\">1.05<\/span><\/div>\n<div class=\"spec-card__row\"><span class=\"spec-card__key typography color-secondary fs-14-14-14 fw400\">\u00cen\u0103l\u0163ime (cm)<\/span><span class=\"spec-card__value typography fs-14-14-14 fw500\">23.5<\/span><\/div>\n<div class=\"spec-card__row\"><span class=\"spec-card__key typography color-secondary fs-14-14-14 fw400\">Ad\u00e2ncime (cm)<\/span><span class=\"spec-card__value typography fs-14-14-14 fw500\">15<\/span><\/div>\n<\/section>","protected":false},"excerpt":{"rendered":"<p class=\"typography fs-16-16-16 fw600 product-details__label\">Descriere scurt\u0103:<\/p>\n<div class=\"specs\">\n<div class=\"specs__row\"><span class=\"typography fs-14-14-14 color-secondary\">Volum <\/span><span class=\"typography fs-14-14-14 fw600\">1,7 L<\/span><\/div>\n<\/div>\n<div class=\"specs\">\n<div class=\"specs__row\"><span class=\"typography fs-14-14-14 color-secondary\">Consum energie <\/span><span class=\"typography fs-14-14-14 fw600\">2200 W<\/span><\/div>\n<\/div>\n<div class=\"specs\">\n<div class=\"specs__row\"><span class=\"typography fs-14-14-14 color-secondary\">Materialul carcasei <\/span><span class=\"typography fs-14-14-14 fw600\">O\u021bel inoxidabil<\/span><\/div>\n<\/div>\n<div class=\"specs\">\n<div class=\"specs__row\"><span class=\"typography fs-14-14-14 color-secondary\">Indicator nivel apa<\/span><\/div>\n<\/div>\n<div class=\"specs\">\n<div class=\"specs__row\"><span class=\"typography fs-14-14-14 color-secondary\">Protec\u0163ie \u00eempotriva func\u0163ion\u0103rii f\u0103r\u0103 ap\u0103<\/span><\/div>\n<\/div>","protected":false},"featured_media":1434,"comment_status":"closed","ping_status":"closed","template":"","meta":[],"product_brand":[319],"product_cat":[57,83],"product_tag":[],"class_list":{"0":"post-1433","1":"product","2":"type-product","3":"status-publish","4":"has-post-thumbnail","6":"product_brand-vitek","7":"product_cat-electrocasnice-mici","8":"product_cat-ferbatoare-de-apa","10":"first","11":"instock","12":"shipping-taxable","13":"product-type-simple"},"_links":{"self":[{"href":"https:\/\/technoland.md\/ru\/wp-json\/wp\/v2\/product\/1433","targetHints":{"allow":["GET"]}}],"collection":[{"href":"https:\/\/technoland.md\/ru\/wp-json\/wp\/v2\/product"}],"about":[{"href":"https:\/\/technoland.md\/ru\/wp-json\/wp\/v2\/types\/product"}],"replies":[{"embeddable":true,"href":"https:\/\/technoland.md\/ru\/wp-json\/wp\/v2\/comments?post=1433"}],"version-history":[{"count":1,"href":"https:\/\/technoland.md\/ru\/wp-json\/wp\/v2\/product\/1433\/revisions"}],"predecessor-version":[{"id":1437,"href":"https:\/\/technoland.md\/ru\/wp-json\/wp\/v2\/product\/1433\/revisions\/1437"}],"wp:featuredmedia":[{"embeddable":true,"href":"https:\/\/technoland.md\/ru\/wp-json\/wp\/v2\/media\/1434"}],"wp:attachment":[{"href":"https:\/\/technoland.md\/ru\/wp-json\/wp\/v2\/media?parent=1433"}],"wp:term":[{"taxonomy":"product_brand","embeddable":true,"href":"https:\/\/technoland.md\/ru\/wp-json\/wp\/v2\/product_brand?post=1433"},{"taxonomy":"product_cat","embeddable":true,"href":"https:\/\/technoland.md\/ru\/wp-json\/wp\/v2\/product_cat?post=1433"},{"taxonomy":"product_tag","embeddable":true,"href":"https:\/\/technoland.md\/ru\/wp-json\/wp\/v2\/product_tag?post=1433"}],"curies":[{"name":"wp","href":"https:\/\/api.w.org\/{rel}","templated":true}]}}