{"id":47,"date":"2017-06-14T08:24:57","date_gmt":"2017-06-14T08:24:57","guid":{"rendered":"http:\/\/dummy.xtemos.com\/woodmart-elementor\/?post_type=product&#038;p=47"},"modified":"2026-01-19T21:56:23","modified_gmt":"2026-01-19T18:56:23","slug":"panton-tunior-chair","status":"publish","type":"product","link":"https:\/\/technoland.md\/ru\/produs\/panton-tunior-chair\/","title":{"rendered":"55&#8243; QLED SMART TV Hisense 55A7Q Negru"},"content":{"rendered":"<section class=\"spec-card card\">\n<h3 class=\"typography fs-18-18-18 fs4 default fw600 spec-card__title\">Display<\/h3>\n<div class=\"spec-card__row\"><span class=\"spec-card__key typography color-secondary fs-14-14-14 fw400\">Tip <\/span><span class=\"spec-card__value typography fs-14-14-14 fw500\">QLED SMART TV<\/span><\/div>\n<div class=\"spec-card__row\"><span class=\"spec-card__key typography color-secondary fs-14-14-14 fw400\">Curbura ecranului <\/span><span class=\"spec-card__value typography fs-14-14-14 fw500\">Plat<\/span><\/div>\n<div class=\"spec-card__row\"><span class=\"spec-card__key typography color-secondary fs-14-14-14 fw400\">Ad\u00e2ncime culori<\/span><span class=\"spec-card__value typography fs-14-14-14 fw500\">10 bits<\/span><\/div>\n<div class=\"spec-card__row\"><span class=\"spec-card__key typography color-secondary fs-14-14-14 fw400\">Formate HDR<\/span><span class=\"spec-card__value typography fs-14-14-14 fw500\">HDR 10+<\/span><\/div>\n<div class=\"spec-card__row\"><span class=\"spec-card__key typography color-secondary fs-14-14-14 fw400\">Diagonala ecranului (inch)<\/span><span class=\"spec-card__value typography fs-14-14-14 fw500\">55<\/span><\/div>\n<div class=\"spec-card__row\"><span class=\"spec-card__key typography color-secondary fs-14-14-14 fw400\">Rata maxim\u0103 de re\u00eemprosp\u0103tare <\/span><span class=\"spec-card__value typography fs-14-14-14 fw500\">60 Hz<\/span><\/div>\n<div class=\"spec-card__row\"><span class=\"spec-card__key typography color-secondary fs-14-14-14 fw400\">Tip panou <\/span><span class=\"spec-card__value typography fs-14-14-14 fw500\">VA<\/span><\/div>\n<div class=\"spec-card__row\"><span class=\"spec-card__key typography color-secondary fs-14-14-14 fw400\">Rezolu\u021bia Display-ului <\/span><span class=\"spec-card__value typography fs-14-14-14 fw500\">3840&#215;2160<\/span><\/div>\n<div class=\"spec-card__row\"><span class=\"spec-card__key typography color-secondary fs-14-14-14 fw400\">Iluminarea de fundal <\/span><span class=\"spec-card__value typography fs-14-14-14 fw500\">DLED<\/span><\/div>\n<\/section>\n<p>&nbsp;<\/p>\n<section class=\"spec-card card\">\n<h3 class=\"typography fs-18-18-18 fs4 default fw600 spec-card__title\">Dimensiuni \u0219i Greutate<\/h3>\n<div class=\"spec-card__row\"><span class=\"spec-card__key typography color-secondary fs-14-14-14 fw400\">Greutate (kg)<\/span><span class=\"spec-card__value typography fs-14-14-14 fw500\">14<\/span><\/div>\n<div class=\"spec-card__row\"><span class=\"spec-card__key typography color-secondary fs-14-14-14 fw400\">L\u0103\u021bime (mm)<\/span><span class=\"spec-card__value typography fs-14-14-14 fw500\">1226<\/span><\/div>\n<div class=\"spec-card__row\"><span class=\"spec-card__key typography color-secondary fs-14-14-14 fw400\">\u00cen\u0103l\u021bime (mm)<\/span><span class=\"spec-card__value typography fs-14-14-14 fw500\">711<\/span><\/div>\n<div class=\"spec-card__row\"><span class=\"spec-card__key typography color-secondary fs-14-14-14 fw400\">Ad\u00e2ncime (mm)<\/span><span class=\"spec-card__value typography fs-14-14-14 fw500\">78<\/span><\/div>\n<\/section>\n<p>&nbsp;<\/p>\n<section class=\"spec-card card\">\n<h3 class=\"typography fs-18-18-18 fs4 default fw600 spec-card__title\">Sistem audio<\/h3>\n<div class=\"spec-card__row\"><span class=\"spec-card__key typography color-secondary fs-14-14-14 fw400\">Sistem Canale Audio <\/span><span class=\"spec-card__value typography fs-14-14-14 fw500\">2.1 CH<\/span><\/div>\n<div class=\"spec-card__row\"><span class=\"spec-card__key typography color-secondary fs-14-14-14 fw400\">Subwoofer \u00eencorporat <\/span><span class=\"spec-card__value typography fs-14-14-14 fw500\">1x 20 W<\/span><\/div>\n<div class=\"spec-card__row\"><span class=\"spec-card__key typography color-secondary fs-14-14-14 fw400\">Suport pentru modul de sunet surround <\/span><span class=\"spec-card__value typography fs-14-14-14 fw500\">Dolby Atmos<\/span><\/div>\n<div class=\"spec-card__row\"><span class=\"spec-card__key typography color-secondary fs-14-14-14 fw400\">Boxe \u00eencorporate <\/span><span class=\"spec-card__value typography fs-14-14-14 fw500\">10W<\/span><\/div>\n<\/section>\n<p>&nbsp;<\/p>\n<section class=\"spec-card card\">\n<h3 class=\"typography fs-18-18-18 fs4 default fw600 spec-card__title\">Caracteristici<\/h3>\n<div class=\"spec-card__row\"><span class=\"spec-card__key typography color-secondary fs-14-14-14 fw400\">Platform\u0103 software <\/span><span class=\"spec-card__value typography fs-14-14-14 fw500\">VIDAA U OS<\/span><\/div>\n<div class=\"spec-card__row\"><span class=\"spec-card__key typography color-secondary fs-14-14-14 fw400\">Tuner TV<\/span><span class=\"spec-card__value typography fs-14-14-14 fw500\">DVB-T2\/T, DVB-S2\/S, DVB-C<\/span><\/div>\n<div class=\"spec-card__row\"><span class=\"spec-card__key typography color-secondary fs-14-14-14 fw400\">DLNA <\/span><span class=\"spec-card__value typography fs-14-14-14 fw500\">Da<\/span><\/div>\n<div class=\"spec-card__row\"><span class=\"spec-card__key typography color-secondary fs-14-14-14 fw400\">Screen Mirroring <\/span><span class=\"spec-card__value typography fs-14-14-14 fw500\">Da<\/span><\/div>\n<div class=\"spec-card__row\"><span class=\"spec-card__key typography color-secondary fs-14-14-14 fw400\">Asistent vocal <\/span><span class=\"spec-card__value typography fs-14-14-14 fw500\">Da<\/span><\/div>\n<\/section>\n<p>&nbsp;<\/p>\n<section class=\"spec-card card\">\n<h3 class=\"typography fs-18-18-18 fs4 default fw600 spec-card__title\">System on Chip (SoC)<\/h3>\n<div class=\"spec-card__row\"><span class=\"spec-card__key typography color-secondary fs-14-14-14 fw400\">Numar Nuclee <\/span><span class=\"spec-card__value typography fs-14-14-14 fw500\">4x Nuclee<\/span><\/div>\n<div class=\"spec-card__row\"><span class=\"spec-card__key typography color-secondary fs-14-14-14 fw400\">GPU<\/span><span class=\"spec-card__value typography fs-14-14-14 fw500\">Mali-G52 MC1<\/span><\/div>\n<\/section>\n<p>&nbsp;<\/p>\n<section class=\"spec-card card\">\n<h3 class=\"typography fs-18-18-18 fs4 default fw600 spec-card__title\">Terminal de conectivitate<\/h3>\n<div class=\"spec-card__row\"><span class=\"spec-card__key typography color-secondary fs-14-14-14 fw400\">Intr\u0103ri HDMI <\/span><span class=\"spec-card__value typography fs-14-14-14 fw500\">3x HDMI 2.1<\/span><\/div>\n<div class=\"spec-card__row\"><span class=\"spec-card__key typography color-secondary fs-14-14-14 fw400\">CI Slot <\/span><span class=\"spec-card__value typography fs-14-14-14 fw500\">Da<\/span><\/div>\n<div class=\"spec-card__row\"><span class=\"spec-card__value typography fs-14-14-14 fw500\">Wi-Fi 802.11 ac<\/span><\/div>\n<div class=\"spec-card__row\"><span class=\"spec-card__key typography color-secondary fs-14-14-14 fw400\">Wi-Fi Direct <\/span><span class=\"spec-card__value typography fs-14-14-14 fw500\">Da<\/span><\/div>\n<div class=\"spec-card__row\"><span class=\"spec-card__key typography color-secondary fs-14-14-14 fw400\">Re\u021bea Ethernet<\/span><span class=\"spec-card__value typography fs-14-14-14 fw500\">RJ-45<\/span><\/div>\n<div class=\"spec-card__row\"><span class=\"spec-card__key typography color-secondary fs-14-14-14 fw400\">USB Type-A<\/span><span class=\"spec-card__value typography fs-14-14-14 fw500\">2x USB 2.0<\/span><\/div>\n<div class=\"spec-card__row\"><span class=\"spec-card__key typography color-secondary fs-14-14-14 fw400\">Intrare anten\u0103<\/span><span class=\"spec-card__value typography fs-14-14-14 fw500\">2x (RF\/Sat)<\/span><\/div>\n<div class=\"spec-card__row\"><span class=\"spec-card__key typography color-secondary fs-14-14-14 fw400\">Bluetooth<\/span><span class=\"spec-card__value typography fs-14-14-14 fw500\">5.0<\/span><\/div>\n<div class=\"spec-card__row\"><span class=\"spec-card__key typography color-secondary fs-14-14-14 fw400\">Ie\u0219ire Audio Optic\u0103 <\/span><span class=\"spec-card__value typography fs-14-14-14 fw500\">Da<\/span><\/div>\n<div class=\"spec-card__row\"><span class=\"spec-card__key typography color-secondary fs-14-14-14 fw400\">Intrare Video Compozit <\/span><span class=\"spec-card__value typography fs-14-14-14 fw500\">Da<\/span><\/div>\n<div class=\"spec-card__row\"><span class=\"spec-card__key typography color-secondary fs-14-14-14 fw400\">Conector c\u0103\u0219ti audio <\/span><span class=\"spec-card__value typography fs-14-14-14 fw500\">Da<\/span><\/div>\n<\/section>\n<p>&nbsp;<\/p>\n<section class=\"spec-card card\">\n<h3 class=\"typography fs-18-18-18 fs4 default fw600 spec-card__title\">Design \u0219i Culoare<\/h3>\n<div class=\"spec-card__row\"><span class=\"spec-card__key typography color-secondary fs-14-14-14 fw400\">Design\u00a0 <\/span><span class=\"spec-card__value typography fs-14-14-14 fw500\">F\u0103r\u0103 rama<\/span><\/div>\n<div class=\"spec-card__row\"><span class=\"spec-card__key typography color-secondary fs-14-14-14 fw400\">Interfa\u021b\u0103 de montare VESA <\/span><span class=\"spec-card__value typography fs-14-14-14 fw500\">400&#215;200<\/span><\/div>\n<div class=\"spec-card__row\"><span class=\"spec-card__key typography color-secondary fs-14-14-14 fw400\">Culoare <\/span><span class=\"spec-card__value typography fs-14-14-14 fw500\">Negru<\/span><\/div>\n<div class=\"spec-card__row\"><span class=\"spec-card__key typography color-secondary fs-14-14-14 fw400\">Materiale <\/span><span class=\"spec-card__value typography fs-14-14-14 fw500\">Plastic ABS, Metal<\/span><\/div>\n<div class=\"spec-card__row\"><span class=\"spec-card__key typography color-secondary fs-14-14-14 fw400\">Clasa energetic\u0103 <\/span><span class=\"spec-card__value typography fs-14-14-14 fw500\">E<\/span><\/div>\n<\/section>\n<p>&nbsp;<\/p>\n<section class=\"spec-card card\">\n<h3 class=\"typography fs-18-18-18 fs4 default fw600 spec-card__title\">Caracteristici de Baz\u0103<\/h3>\n<div class=\"spec-card__row\"><span class=\"spec-card__key typography color-secondary fs-14-14-14 fw400\">Model<\/span><span class=\"spec-card__value typography fs-14-14-14 fw500\">55A7Q<\/span><\/div>\n<\/section>","protected":false},"excerpt":{"rendered":"<p class=\"typography fs-16-16-16 fw600 product-details__label\">Descriere scurt\u0103:<\/p>\n<div class=\"specs\">\n<div class=\"specs__row\"><span class=\"typography fs-14-14-14 color-secondary\">Diagonala ecranului <\/span><span class=\"typography fs-14-14-14 fw600\">55 &#8222;<\/span><\/div>\n<\/div>\n<div class=\"specs\">\n<div class=\"specs__row\"><span class=\"typography fs-14-14-14 color-secondary\">Rezolu\u021bia Display-ului <\/span><span class=\"typography fs-14-14-14 fw600\">3840&#215;2160 4K UHD<\/span><\/div>\n<\/div>\n<div class=\"specs\">\n<div class=\"specs__row\"><span class=\"typography fs-14-14-14 color-secondary\">Tip panou <\/span><span class=\"typography fs-14-14-14 fw600\">VA<\/span><\/div>\n<\/div>\n<div class=\"specs\">\n<div class=\"specs__row\"><span class=\"typography fs-14-14-14 color-secondary\">Iluminarea de fundal <\/span><span class=\"typography fs-14-14-14 fw600\">DLED<\/span><\/div>\n<\/div>\n<div class=\"specs\">\n<div class=\"specs__row\"><span class=\"typography fs-14-14-14 color-secondary\">Platform\u0103 software <\/span><span class=\"typography fs-14-14-14 fw600\">VIDAA U OS<\/span><\/div>\n<\/div>\n<div class=\"specs\">\n<div class=\"specs__row\"><span class=\"typography fs-14-14-14 color-secondary\">Wi-Fi<\/span><span class=\"typography fs-14-14-14 fw600\">Wi-Fi 802.11 ac<\/span><\/div>\n<\/div>\n<div class=\"specs\">\n<div class=\"specs__row\"><span class=\"typography fs-14-14-14 color-secondary\">Boxe \u00eencorporate<\/span><span class=\"typography fs-14-14-14 fw600\">2x 10 W<\/span><\/div>\n<\/div>\n<div class=\"specs\">\n<div class=\"specs__row\"><span class=\"typography fs-14-14-14 color-secondary\">USB Type-A<\/span><span class=\"typography fs-14-14-14 fw600\">2x USB 2.0<\/span><\/div>\n<\/div>","protected":false},"featured_media":1394,"comment_status":"open","ping_status":"closed","template":"","meta":[],"product_brand":[268],"product_cat":[28,104],"product_tag":[],"class_list":{"0":"post-47","1":"product","2":"type-product","3":"status-publish","4":"has-post-thumbnail","6":"product_brand-hisense","7":"product_cat-televizoare-si-accesorii","8":"product_cat-televizoare","10":"first","11":"instock","12":"shipping-taxable","13":"purchasable","14":"product-type-simple"},"_links":{"self":[{"href":"https:\/\/technoland.md\/ru\/wp-json\/wp\/v2\/product\/47","targetHints":{"allow":["GET"]}}],"collection":[{"href":"https:\/\/technoland.md\/ru\/wp-json\/wp\/v2\/product"}],"about":[{"href":"https:\/\/technoland.md\/ru\/wp-json\/wp\/v2\/types\/product"}],"replies":[{"embeddable":true,"href":"https:\/\/technoland.md\/ru\/wp-json\/wp\/v2\/comments?post=47"}],"version-history":[{"count":2,"href":"https:\/\/technoland.md\/ru\/wp-json\/wp\/v2\/product\/47\/revisions"}],"predecessor-version":[{"id":1399,"href":"https:\/\/technoland.md\/ru\/wp-json\/wp\/v2\/product\/47\/revisions\/1399"}],"wp:featuredmedia":[{"embeddable":true,"href":"https:\/\/technoland.md\/ru\/wp-json\/wp\/v2\/media\/1394"}],"wp:attachment":[{"href":"https:\/\/technoland.md\/ru\/wp-json\/wp\/v2\/media?parent=47"}],"wp:term":[{"taxonomy":"product_brand","embeddable":true,"href":"https:\/\/technoland.md\/ru\/wp-json\/wp\/v2\/product_brand?post=47"},{"taxonomy":"product_cat","embeddable":true,"href":"https:\/\/technoland.md\/ru\/wp-json\/wp\/v2\/product_cat?post=47"},{"taxonomy":"product_tag","embeddable":true,"href":"https:\/\/technoland.md\/ru\/wp-json\/wp\/v2\/product_tag?post=47"}],"curies":[{"name":"wp","href":"https:\/\/api.w.org\/{rel}","templated":true}]}}