{"id":51,"date":"2017-06-14T08:55:23","date_gmt":"2017-06-14T08:55:23","guid":{"rendered":"http:\/\/dummy.xtemos.com\/woodmart-elementor\/?post_type=product&#038;p=51"},"modified":"2026-01-19T19:17:00","modified_gmt":"2026-01-19T16:17:00","slug":"classic-wooden-chair","status":"publish","type":"product","link":"https:\/\/technoland.md\/ru\/produs\/classic-wooden-chair\/","title":{"rendered":"Fier de c\u0103lcat Gorenje Steam Care Plus Albastru"},"content":{"rendered":"<section class=\"spec-card card\">\n<h3 class=\"typography fs-18-18-18 fs4 default fw600 spec-card__title\">Caracteristici de Baz\u0103<\/h3>\n<div class=\"spec-card__row\"><span class=\"spec-card__key typography color-secondary fs-14-14-14 fw400\">Tip Fier de c\u0103lcat <\/span><span class=\"spec-card__value typography fs-14-14-14 fw500\">Fier de c\u0103lcat<\/span><\/div>\n<div class=\"spec-card__row\"><span class=\"spec-card__key typography color-secondary fs-14-14-14 fw400\">Material talpa <\/span><span class=\"spec-card__value typography fs-14-14-14 fw500\">Ceramic\u0103<\/span><\/div>\n<div class=\"spec-card__row\"><span class=\"spec-card__key typography color-secondary fs-14-14-14 fw400\">Culoare <\/span><span class=\"spec-card__value typography fs-14-14-14 fw500\">Albastru<\/span><\/div>\n<div class=\"spec-card__row\"><span class=\"spec-card__key typography color-secondary fs-14-14-14 fw400\">Debit de abur constant <\/span><span class=\"spec-card__value typography fs-14-14-14 fw500\">Da<\/span><\/div>\n<div class=\"spec-card__row\"><span class=\"spec-card__key typography color-secondary fs-14-14-14 fw400\">Spray <\/span><span class=\"spec-card__value typography fs-14-14-14 fw500\">Da<\/span><\/div>\n<div class=\"spec-card__row\"><span class=\"spec-card__key typography color-secondary fs-14-14-14 fw400\">Consum energie (W)<\/span><span class=\"spec-card__value typography fs-14-14-14 fw500\">2200<\/span><\/div>\n<div class=\"spec-card__row\"><span class=\"spec-card__key typography color-secondary fs-14-14-14 fw400\">Numar regime de temperatura <\/span><span class=\"spec-card__value typography fs-14-14-14 fw500\">3<\/span><\/div>\n<div class=\"spec-card__row\"><span class=\"spec-card__key typography color-secondary fs-14-14-14 fw400\">Nuan\u021b\u0103 culoare <\/span><span class=\"spec-card__value typography fs-14-14-14 fw500\">Albastru<\/span><\/div>\n<div class=\"spec-card__row\"><span class=\"spec-card__key typography color-secondary fs-14-14-14 fw400\">Model<\/span><span class=\"spec-card__value typography fs-14-14-14 fw500\">Steam Care Plus<\/span><\/div>\n<\/section>\n<p><a data-height=\"1200\" data-index=\"3\" data-elementor-open-lightbox=\"no\">\u00a0<\/a><\/p>\n<section class=\"spec-card card\">\n<h3 class=\"typography fs-18-18-18 fs4 default fw600 spec-card__title\">Func\u021bii<\/h3>\n<div class=\"spec-card__row\"><span class=\"spec-card__key typography color-secondary fs-14-14-14 fw400\">Deconectare automat\u0103 <\/span><span class=\"spec-card__value typography fs-14-14-14 fw500\">Da<\/span><\/div>\n<div class=\"spec-card__row\"><span class=\"spec-card__key typography color-secondary fs-14-14-14 fw400\">Protec\u021bie anti-calcar <\/span><span class=\"spec-card__value typography fs-14-14-14 fw500\">Da<\/span><\/div>\n<div class=\"spec-card__row\"><span class=\"spec-card__key typography color-secondary fs-14-14-14 fw400\">Autocur\u0103\u021bare <\/span><span class=\"spec-card__value typography fs-14-14-14 fw500\">Da<\/span><\/div>\n<div class=\"spec-card__row\"><span class=\"spec-card__key typography color-secondary fs-14-14-14 fw400\">Sistem anti-picurare <\/span><span class=\"spec-card__value typography fs-14-14-14 fw500\">Da<\/span><\/div>\n<\/section>\n<p><a data-height=\"1200\" data-index=\"3\" data-elementor-open-lightbox=\"no\">\u00a0<\/a><\/p>\n<section class=\"spec-card card\">\n<h3 class=\"typography fs-18-18-18 fs4 default fw600 spec-card__title\">Abur<\/h3>\n<div class=\"spec-card__row\"><span class=\"spec-card__key typography color-secondary fs-14-14-14 fw400\">Control de debit de abur <\/span><span class=\"spec-card__value typography fs-14-14-14 fw500\">Da<\/span><\/div>\n<div class=\"spec-card__row\"><span class=\"spec-card__key typography color-secondary fs-14-14-14 fw400\">Debit de abur (g\/min)<\/span><span class=\"spec-card__value typography fs-14-14-14 fw500\">30<\/span><\/div>\n<div class=\"spec-card__row\"><span class=\"spec-card__key typography color-secondary fs-14-14-14 fw400\">Jet de abur <\/span><span class=\"spec-card__value typography fs-14-14-14 fw500\">Da<\/span><\/div>\n<div class=\"spec-card__row\"><span class=\"spec-card__key typography color-secondary fs-14-14-14 fw400\">Lovitura de aburi (g\/min)<\/span><span class=\"spec-card__value typography fs-14-14-14 fw500\">90<\/span><\/div>\n<div class=\"spec-card__row\"><span class=\"spec-card__key typography color-secondary fs-14-14-14 fw400\">Aburire verticala <\/span><span class=\"spec-card__value typography fs-14-14-14 fw500\">Da<\/span><\/div>\n<\/section>\n<p><a data-height=\"1200\" data-index=\"3\" data-elementor-open-lightbox=\"no\">\u00a0<\/a><\/p>\n<section class=\"spec-card card\">\n<h3 class=\"typography fs-18-18-18 fs4 default fw600 spec-card__title\">Dimensiuni \u0219i Greutate<\/h3>\n<div class=\"spec-card__row\"><span class=\"spec-card__key typography color-secondary fs-14-14-14 fw400\">Greutate (kg)<\/span><span class=\"spec-card__value typography fs-14-14-14 fw500\">1.3<\/span><\/div>\n<div class=\"spec-card__row\"><span class=\"spec-card__key typography color-secondary fs-14-14-14 fw400\">L\u0103\u0163ime (cm)<\/span><span class=\"spec-card__value typography fs-14-14-14 fw500\">32<\/span><\/div>\n<div class=\"spec-card__row\"><span class=\"spec-card__key typography color-secondary fs-14-14-14 fw400\">Ad\u00e2ncime (cm)<\/span><span class=\"spec-card__value typography fs-14-14-14 fw500\">14.5<\/span><\/div>\n<div class=\"spec-card__row\"><span class=\"spec-card__key typography color-secondary fs-14-14-14 fw400\">\u00cen\u0103l\u0163ime (cm)<\/span><span class=\"spec-card__value typography fs-14-14-14 fw500\">13.3<\/span><\/div>\n<\/section>\n<p><a data-height=\"1200\" data-index=\"3\" data-elementor-open-lightbox=\"no\">\u00a0<\/a><\/p>\n<section class=\"spec-card card\">\n<h3 class=\"typography fs-18-18-18 fs4 default fw600 spec-card__title\">Design<\/h3>\n<div class=\"spec-card__row\"><span class=\"spec-card__key typography color-secondary fs-14-14-14 fw400\">M\u00e2ner pliabil <\/span><span class=\"spec-card__value typography fs-14-14-14 fw500\">Nu<\/span><\/div>\n<div class=\"spec-card__row\"><span class=\"spec-card__key typography color-secondary fs-14-14-14 fw400\">Plasarea control erului<\/span><span class=\"spec-card__value typography fs-14-14-14 fw500\">pe carcas\u0103<\/span><\/div>\n<div class=\"spec-card__row\"><span class=\"spec-card__key typography color-secondary fs-14-14-14 fw400\">Volumul rezervorului de ap\u0103 (ml)<\/span><span class=\"spec-card__value typography fs-14-14-14 fw500\">280<\/span><\/div>\n<div class=\"spec-card__row\"><span class=\"spec-card__key typography color-secondary fs-14-14-14 fw400\">Canelur\u0103 pentru nasturi <\/span><span class=\"spec-card__value typography fs-14-14-14 fw500\">Da<\/span><\/div>\n<div class=\"spec-card__row\"><span class=\"spec-card__key typography color-secondary fs-14-14-14 fw400\">Utilizare f\u0103r\u0103 fir <\/span><span class=\"spec-card__value typography fs-14-14-14 fw500\">Nu<\/span><\/div>\n<div class=\"spec-card__row\"><span class=\"spec-card__key typography color-secondary fs-14-14-14 fw400\">Lungime cablu alimentare (m)<\/span><span class=\"spec-card__value typography fs-14-14-14 fw500\">2.5<\/span><\/div>\n<div class=\"spec-card__row\"><span class=\"spec-card__key typography color-secondary fs-14-14-14 fw400\">Set<\/span><span class=\"spec-card__value typography fs-14-14-14 fw500\">Cup\u0103 de m\u0103surare<\/span><\/div>\n<\/section>\n<p><a data-height=\"1200\" data-index=\"3\" data-elementor-open-lightbox=\"no\"><\/p>\n<p><\/a><br \/>\n<a data-height=\"1200\" data-index=\"4\" data-elementor-open-lightbox=\"no\"><\/p>\n<p><\/a><\/p>","protected":false},"excerpt":{"rendered":"<p class=\"typography fs-16-16-16 fw600 product-details__label\">Descriere scurt\u0103:<\/p>\n<div class=\"specs\">\n<div class=\"specs__row\"><span class=\"typography fs-14-14-14 color-secondary\">Material talpa <\/span><span class=\"typography fs-14-14-14 fw600\">Ceramic\u0103<\/span><\/div>\n<\/div>\n<div class=\"specs\">\n<div class=\"specs__row\"><span class=\"typography fs-14-14-14 color-secondary\">Consum energie <\/span><span class=\"typography fs-14-14-14 fw600\">2200 W<\/span><\/div>\n<\/div>\n<div class=\"specs\">\n<div class=\"specs__row\"><span class=\"typography fs-14-14-14 color-secondary\">Volumul rezervorului de ap\u0103 <\/span><span class=\"typography fs-14-14-14 fw600\">280 ml<\/span><\/div>\n<\/div>\n<div class=\"specs\">\n<div class=\"specs__row\"><span class=\"typography fs-14-14-14 color-secondary\">Debit de abur <\/span><span class=\"typography fs-14-14-14 fw600\">30 g\/min<\/span><\/div>\n<\/div>\n<div class=\"specs\">\n<div class=\"specs__row\"><span class=\"typography fs-14-14-14 color-secondary\">Lovitura de aburi <\/span><span class=\"typography fs-14-14-14 fw600\">90 g\/min<\/span><\/div>\n<\/div>\n<div class=\"specs\">\n<div class=\"specs__row\"><span class=\"typography fs-14-14-14 color-secondary\">Spray<\/span><\/div>\n<\/div>\n<div class=\"specs\">\n<div class=\"specs__row\"><span class=\"typography fs-14-14-14 color-secondary\">Sistem anti-picurare<\/span><\/div>\n<\/div>\n<div class=\"specs\">\n<div class=\"specs__row\"><span class=\"typography fs-14-14-14 color-secondary\">Aburire verticala<\/span><\/div>\n<\/div>\n<div class=\"specs\">\n<div class=\"specs__row\"><span class=\"typography fs-14-14-14 color-secondary\">Deconectare automat\u0103<\/span><\/div>\n<\/div>","protected":false},"featured_media":1319,"comment_status":"open","ping_status":"closed","template":"","meta":[],"product_brand":[330],"product_cat":[329,27],"product_tag":[],"class_list":{"0":"post-51","1":"product","2":"type-product","3":"status-publish","4":"has-post-thumbnail","6":"product_brand-gorenje","7":"product_cat-fier-de-calcat","8":"product_cat-tehnica-de-uz-casnic","10":"first","11":"instock","12":"shipping-taxable","13":"purchasable","14":"product-type-simple"},"_links":{"self":[{"href":"https:\/\/technoland.md\/ru\/wp-json\/wp\/v2\/product\/51","targetHints":{"allow":["GET"]}}],"collection":[{"href":"https:\/\/technoland.md\/ru\/wp-json\/wp\/v2\/product"}],"about":[{"href":"https:\/\/technoland.md\/ru\/wp-json\/wp\/v2\/types\/product"}],"replies":[{"embeddable":true,"href":"https:\/\/technoland.md\/ru\/wp-json\/wp\/v2\/comments?post=51"}],"version-history":[{"count":2,"href":"https:\/\/technoland.md\/ru\/wp-json\/wp\/v2\/product\/51\/revisions"}],"predecessor-version":[{"id":1322,"href":"https:\/\/technoland.md\/ru\/wp-json\/wp\/v2\/product\/51\/revisions\/1322"}],"wp:featuredmedia":[{"embeddable":true,"href":"https:\/\/technoland.md\/ru\/wp-json\/wp\/v2\/media\/1319"}],"wp:attachment":[{"href":"https:\/\/technoland.md\/ru\/wp-json\/wp\/v2\/media?parent=51"}],"wp:term":[{"taxonomy":"product_brand","embeddable":true,"href":"https:\/\/technoland.md\/ru\/wp-json\/wp\/v2\/product_brand?post=51"},{"taxonomy":"product_cat","embeddable":true,"href":"https:\/\/technoland.md\/ru\/wp-json\/wp\/v2\/product_cat?post=51"},{"taxonomy":"product_tag","embeddable":true,"href":"https:\/\/technoland.md\/ru\/wp-json\/wp\/v2\/product_tag?post=51"}],"curies":[{"name":"wp","href":"https:\/\/api.w.org\/{rel}","templated":true}]}}