{"id":53,"date":"2017-06-14T09:00:42","date_gmt":"2017-06-14T09:00:42","guid":{"rendered":"http:\/\/dummy.xtemos.com\/woodmart-elementor\/?post_type=product&#038;p=53"},"modified":"2026-01-19T19:46:06","modified_gmt":"2026-01-19T16:46:06","slug":"variable-product-example","status":"publish","type":"product","link":"https:\/\/technoland.md\/ru\/produs\/variable-product-example\/","title":{"rendered":"Cuptor Electric Samsung NV7B7997AAA\/WT Bej"},"content":{"rendered":"<section class=\"spec-card card\">\n<h3 class=\"typography fs-18-18-18 fs4 default fw600 spec-card__title\">Caracteristici de Baz\u0103<\/h3>\n<div class=\"spec-card__row\"><span class=\"spec-card__key typography color-secondary fs-14-14-14 fw400\">Culoare <\/span><span class=\"spec-card__value typography fs-14-14-14 fw500\">Bej<\/span><\/div>\n<div class=\"spec-card__row\"><span class=\"spec-card__key typography color-secondary fs-14-14-14 fw400\">Tip instalare <\/span><span class=\"spec-card__value typography fs-14-14-14 fw500\">\u00cencorporabil\u0103<\/span><\/div>\n<div class=\"spec-card__row\"><span class=\"spec-card__key typography color-secondary fs-14-14-14 fw400\">Tip <\/span><span class=\"spec-card__value typography fs-14-14-14 fw500\">Cuptor Electric<\/span><\/div>\n<div class=\"spec-card__row\"><span class=\"spec-card__key typography color-secondary fs-14-14-14 fw400\">Volumul camerei (l)<\/span><span class=\"spec-card__value typography fs-14-14-14 fw500\">76<\/span><\/div>\n<div class=\"spec-card__row\"><span class=\"spec-card__key typography color-secondary fs-14-14-14 fw400\">Moduri de func\u021bionare <\/span><span class=\"spec-card__value typography fs-14-14-14 fw500\">Grill, Convec\u021bie<\/span><\/div>\n<div class=\"spec-card__row\"><span class=\"spec-card__key typography color-secondary fs-14-14-14 fw400\">Clasa de eficien\u021b\u0103 energetic\u0103 <\/span><span class=\"spec-card__value typography fs-14-14-14 fw500\">A+<\/span><\/div>\n<div class=\"spec-card__row\"><span class=\"spec-card__key typography color-secondary fs-14-14-14 fw400\">Culoare u\u0219\u0103 <\/span><span class=\"spec-card__value typography fs-14-14-14 fw500\">Bej<\/span><\/div>\n<div class=\"spec-card__row\"><span class=\"spec-card__key typography color-secondary fs-14-14-14 fw400\">Model<\/span><span class=\"spec-card__value typography fs-14-14-14 fw500\">NV7B7997AAA\/WT<\/span><\/div>\n<\/section>\n<section class=\"spec-card card\">\n<h3 class=\"typography fs-18-18-18 fs4 default fw600 spec-card__title\">Control \u0219i Indica\u021bie<\/h3>\n<div class=\"spec-card__row\"><span class=\"spec-card__key typography color-secondary fs-14-14-14 fw400\">Blocare pentru copii <\/span><span class=\"spec-card__value typography fs-14-14-14 fw500\">Da<\/span><\/div>\n<div class=\"spec-card__row\"><span class=\"spec-card__key typography color-secondary fs-14-14-14 fw400\">Indica\u0163ie <\/span><span class=\"spec-card__value typography fs-14-14-14 fw500\">Afi\u0219aj LCD<\/span><\/div>\n<div class=\"spec-card__row\"><span class=\"spec-card__key typography color-secondary fs-14-14-14 fw400\">Ceas <\/span><span class=\"spec-card__value typography fs-14-14-14 fw500\">Da<\/span><\/div>\n<div class=\"spec-card__row\"><span class=\"spec-card__key typography color-secondary fs-14-14-14 fw400\">Tip control <\/span><span class=\"spec-card__value typography fs-14-14-14 fw500\">Senzor, Rotative<\/span><\/div>\n<div class=\"spec-card__row\"><span class=\"spec-card__key typography color-secondary fs-14-14-14 fw400\">Ecosistem Smart Home<\/span><span class=\"spec-card__value typography fs-14-14-14 fw500\">SmartThings<\/span><\/div>\n<\/section>\n<section class=\"spec-card card\">\n<h3 class=\"typography fs-18-18-18 fs4 default fw600 spec-card__title\">Putere<\/h3>\n<div class=\"spec-card__row\"><span class=\"spec-card__key typography color-secondary fs-14-14-14 fw400\">Temperatura maxim\u0103 incalzire (\u00b0C)<\/span><span class=\"spec-card__value typography fs-14-14-14 fw500\">300<\/span><\/div>\n<div class=\"spec-card__row\"><span class=\"spec-card__key typography color-secondary fs-14-14-14 fw400\">Putere grill (W)<\/span><span class=\"spec-card__value typography fs-14-14-14 fw500\">1600<\/span><\/div>\n<div class=\"spec-card__row\"><span class=\"spec-card__key typography color-secondary fs-14-14-14 fw400\">Consum de energie (kW)<\/span><span class=\"spec-card__value typography fs-14-14-14 fw500\">3.95<\/span><\/div>\n<\/section>\n<section class=\"spec-card card\">\n<h3 class=\"typography fs-18-18-18 fs4 default fw600 spec-card__title\">Design<\/h3>\n<div class=\"spec-card__row\"><span class=\"spec-card__key typography color-secondary fs-14-14-14 fw400\">Iluminare camera <\/span><span class=\"spec-card__value typography fs-14-14-14 fw500\">Da<\/span><\/div>\n<div class=\"spec-card__row\"><span class=\"spec-card__key typography color-secondary fs-14-14-14 fw400\">Niveluri de instalare a rafturilor <\/span><span class=\"spec-card__value typography fs-14-14-14 fw500\">5<\/span><\/div>\n<div class=\"spec-card__row\"><span class=\"spec-card__key typography color-secondary fs-14-14-14 fw400\">Tipul usei<\/span><span class=\"spec-card__value typography fs-14-14-14 fw500\">Se apleac\u0103 \u00eenapoi \u00een jos<\/span><\/div>\n<div class=\"spec-card__row\"><span class=\"spec-card__key typography color-secondary fs-14-14-14 fw400\">Ghidaje telescopice <\/span><span class=\"spec-card__value typography fs-14-14-14 fw500\">Pe 2 nivele<\/span><\/div>\n<div class=\"spec-card__row\"><span class=\"spec-card__key typography color-secondary fs-14-14-14 fw400\">Acoperirea intern\u0103 a camerei <\/span><span class=\"spec-card__value typography fs-14-14-14 fw500\">Ceramic\u0103<\/span><\/div>\n<div class=\"spec-card__row\"><span class=\"spec-card__key typography color-secondary fs-14-14-14 fw400\">Numar geamuri de protec\u0163ie la u\u015f\u0103 <\/span><span class=\"spec-card__value typography fs-14-14-14 fw500\">4<\/span><\/div>\n<div class=\"spec-card__row\"><span class=\"spec-card__key typography color-secondary fs-14-14-14 fw400\">Set <\/span><span class=\"spec-card__value typography fs-14-14-14 fw500\">3 t\u0103vi de coacere, Gr\u0103tar, Sond\u0103<\/span><\/div>\n<\/section>\n<section class=\"spec-card card\">\n<h3 class=\"typography fs-18-18-18 fs4 default fw600 spec-card__title\">Func\u021bii<\/h3>\n<div class=\"spec-card__row\"><span class=\"spec-card__key typography color-secondary fs-14-14-14 fw400\">Num\u0103r Programe Automate <\/span><span class=\"spec-card__value typography fs-14-14-14 fw500\">128<\/span><\/div>\n<div class=\"spec-card__row\"><span class=\"spec-card__key typography color-secondary fs-14-14-14 fw400\">Curatare <\/span><span class=\"spec-card__value typography fs-14-14-14 fw500\">Pirolitic\u0103<\/span><\/div>\n<\/section>\n<section class=\"spec-card card\">\n<h3 class=\"typography fs-18-18-18 fs4 default fw600 spec-card__title\">Dimensiuni \u0219i Greutate<\/h3>\n<div class=\"spec-card__row\"><span class=\"spec-card__key typography color-secondary fs-14-14-14 fw400\">Greutate (kg)<\/span><span class=\"spec-card__value typography fs-14-14-14 fw500\">51<\/span><\/div>\n<div class=\"spec-card__row\"><span class=\"spec-card__key typography color-secondary fs-14-14-14 fw400\">Ad\u00e2ncime (cm)<\/span><span class=\"spec-card__value typography fs-14-14-14 fw500\">57<\/span><\/div>\n<div class=\"spec-card__row\"><span class=\"spec-card__key typography color-secondary fs-14-14-14 fw400\">L\u0103\u0163ime (cm)<\/span><span class=\"spec-card__value typography fs-14-14-14 fw500\">59.5<\/span><\/div>\n<div class=\"spec-card__row\"><span class=\"spec-card__key typography color-secondary fs-14-14-14 fw400\">\u00cen\u0103l\u0163ime (cm)<\/span><span class=\"spec-card__value typography fs-14-14-14 fw500\">59.6<\/span><\/div>\n<\/section>","protected":false},"excerpt":{"rendered":"<p class=\"typography fs-16-16-16 fw600 product-details__label\">Descriere scurt\u0103:<\/p>\n<div class=\"specs\">\n<div class=\"specs__row\"><span class=\"typography fs-14-14-14 color-secondary\">Volumul camerei <\/span><span class=\"typography fs-14-14-14 fw600\">76 L<\/span><\/div>\n<\/div>\n<div class=\"specs\">\n<div class=\"specs__row\"><span class=\"typography fs-14-14-14 color-secondary\">Clasa de eficien\u021b\u0103 energetic\u0103 <\/span><span class=\"typography fs-14-14-14 fw600\">A+<\/span><\/div>\n<\/div>\n<div class=\"specs\">\n<div class=\"specs__row\"><span class=\"typography fs-14-14-14 color-secondary\">Temperatura maxim\u0103 incalzire <\/span><span class=\"typography fs-14-14-14 fw600\">300 \u00b0\u0421<\/span><\/div>\n<\/div>\n<div class=\"specs\">\n<div class=\"specs__row\"><span class=\"typography fs-14-14-14 color-secondary\">Consum de energie <\/span><span class=\"typography fs-14-14-14 fw600\">3,95 kW<\/span><\/div>\n<\/div>\n<div class=\"specs\">\n<div class=\"specs__row\"><span class=\"typography fs-14-14-14 color-secondary\">Num\u0103r Programe Automate <\/span><span class=\"typography fs-14-14-14 fw600\">128<\/span><\/div>\n<\/div>\n<div class=\"specs\">\n<div class=\"specs__row\"><span class=\"typography fs-14-14-14 color-secondary\">Ghidaje telescopice <\/span><span class=\"typography fs-14-14-14 fw600\">Pe 2 nivele<\/span><\/div>\n<\/div>\n<div class=\"specs\">\n<div class=\"specs__row\"><span class=\"typography fs-14-14-14 color-secondary\">Numar geamuri de protec\u0163ie la u\u015f\u0103 <\/span><span class=\"typography fs-14-14-14 fw600\">4<\/span><\/div>\n<\/div>\n<div class=\"specs\">\n<div class=\"specs__row\"><span class=\"typography fs-14-14-14 color-secondary\">Tehnologie Dual Cook Steam<\/span><\/div>\n<\/div>\n<div class=\"specs\">\n<div class=\"specs__row\"><span class=\"typography fs-14-14-14 color-secondary\">Blocare pentru copii<\/span><\/div>\n<\/div>","protected":false},"featured_media":1336,"comment_status":"closed","ping_status":"closed","template":"","meta":[],"product_brand":[298],"product_cat":[27,55,60],"product_tag":[],"class_list":{"0":"post-53","1":"product","2":"type-product","3":"status-publish","4":"has-post-thumbnail","6":"product_brand-samsung","7":"product_cat-tehnica-de-uz-casnic","8":"product_cat-tehnica-incorporabila","9":"product_cat-cuptoare-incorporabile","11":"first","12":"instock","13":"shipping-taxable","14":"product-type-simple"},"_links":{"self":[{"href":"https:\/\/technoland.md\/ru\/wp-json\/wp\/v2\/product\/53","targetHints":{"allow":["GET"]}}],"collection":[{"href":"https:\/\/technoland.md\/ru\/wp-json\/wp\/v2\/product"}],"about":[{"href":"https:\/\/technoland.md\/ru\/wp-json\/wp\/v2\/types\/product"}],"replies":[{"embeddable":true,"href":"https:\/\/technoland.md\/ru\/wp-json\/wp\/v2\/comments?post=53"}],"version-history":[{"count":3,"href":"https:\/\/technoland.md\/ru\/wp-json\/wp\/v2\/product\/53\/revisions"}],"predecessor-version":[{"id":1342,"href":"https:\/\/technoland.md\/ru\/wp-json\/wp\/v2\/product\/53\/revisions\/1342"}],"wp:featuredmedia":[{"embeddable":true,"href":"https:\/\/technoland.md\/ru\/wp-json\/wp\/v2\/media\/1336"}],"wp:attachment":[{"href":"https:\/\/technoland.md\/ru\/wp-json\/wp\/v2\/media?parent=53"}],"wp:term":[{"taxonomy":"product_brand","embeddable":true,"href":"https:\/\/technoland.md\/ru\/wp-json\/wp\/v2\/product_brand?post=53"},{"taxonomy":"product_cat","embeddable":true,"href":"https:\/\/technoland.md\/ru\/wp-json\/wp\/v2\/product_cat?post=53"},{"taxonomy":"product_tag","embeddable":true,"href":"https:\/\/technoland.md\/ru\/wp-json\/wp\/v2\/product_tag?post=53"}],"curies":[{"name":"wp","href":"https:\/\/api.w.org\/{rel}","templated":true}]}}